{"id":103152,"date":"2020-09-29T16:18:54","date_gmt":"2020-09-29T16:18:54","guid":{"rendered":"https:\/\/bienestarybellezamarket.com\/contacto\/"},"modified":"2021-07-13T14:11:14","modified_gmt":"2021-07-13T12:11:14","slug":"contacto","status":"publish","type":"page","link":"https:\/\/bienestarybellezamarket.com\/pt-pt\/contacto\/","title":{"rendered":"Contacto B&#038;B"},"content":{"rendered":"<div class=\"wpb-content-wrapper\"><section data-vc-full-width=\"true\" data-vc-full-width-init=\"false\" data-vc-stretch-content=\"true\" class=\"vc_row wpb_row vc_row-fluid  vc_custom_1601394985096   vc_row-has-fill hongo-stretch-content hongo-stretch-content-fluid vc_row-o-equal-height vc_row-o-content-middle vc_row-flex\"><div class=\"wpb_column vc_column_container vc_col-has-fill col-xs-mobile-fullwidth vc_col-sm-12 vc_col-lg-8 vc_col-md-12 wow fadeInLeft\" data-wow-duration= 1200ms><div class=\"vc_column-inner bg-position-center-center vc_custom_1615461692103\"><div class=\"wpb_wrapper\"><div class=\"bg-extra-dark-gray hongo-overlay hongo-column-overlay\" style=\"opacity:0.7; background-color:#73b7cb; \"><\/div>[vc_empty_space height=&#8221;200px&#8221;]<div class=\"alt-font heading-style-3 vc_custom_1618333421108  hongo_responsive_1618333421112 heading-1 hongo-section-heading hongo_font_1618333421106\">Escreva-nos e responder-lhe-emos o mais rapidamente poss\u00edvel<\/div><div class=\"alt-font display-none md-display-none sm-display-inline-block xs-display-inline-block heading-style-3 vc_custom_1618333320856  hongo_responsive_1618333320860 heading-2 hongo-section-heading hongo_font_1618333320853\" data-wow-delay= 500ms data-wow-duration= 1500ms>contacto<\/div><\/div><\/div><\/div><div class=\"wpb_column vc_column_container vc_col-has-fill col-xs-mobile-fullwidth vc_col-sm-12 vc_col-lg-4 vc_col-md-12 wow fadeInRight\" data-wow-delay= 300ms data-wow-duration= 1200ms><div class=\"vc_column-inner vc_custom_1601395604129  hongo_responsive_1601395604132\"><div class=\"wpb_wrapper\">[vc_empty_space]<div class=\"hongo-featurebox-wrap hongo-product-featurebox vc_custom_1606134346586  hongo_responsive_1606134346592 icon-text-style-4 equal_height_disable icon_text4-1\"><div class=\"hongo-featurebox-wrapper\"><div class=\"hongo-featurebox-img\"><a href=\"mailto:familiabyb@bienestarybellezamarket.com\"><i class=\"base-color ti-email icon-medium\"><\/i><\/a><\/div><div class=\"hongo-featurebox-text hongo_font_1606134346571 alt-font\"><a href=\"mailto:familiabyb@bienestarybellezamarket.com\" class=\"hongo-title-link hongo_font_1606134346571 alt-font\">Email<\/a><\/div><div class=\"sub-title hongo_font_1606134346577\">FamiliaByB@bienestarybellezamarket.com<\/div><\/div><\/div><div class=\"hongo-featurebox-wrap hongo-product-featurebox vc_custom_1618333364263  hongo_responsive_1618333364270 icon-text-style-4 equal_height_disable icon_text4-2\"><div class=\"hongo-featurebox-wrapper\"><div class=\"hongo-featurebox-img\"><i class=\"base-color ti-headphone-alt icon-medium\"><\/i><\/div><div class=\"hongo-featurebox-text hongo_font_1618333364241 alt-font\">Telefone<\/div><div class=\"sub-title hongo_font_1618333364249\">(+34) 699 231 538<\/div><\/div><\/div><div class=\"hongo-featurebox-wrap hongo-product-featurebox vc_custom_1618333392944  hongo_responsive_1618333392951 icon-text-style-4 equal_height_disable icon_text4-3\"><div class=\"hongo-featurebox-wrapper\"><div class=\"hongo-featurebox-img\"><i class=\"base-color ti-world icon-medium\"><\/i><\/div><div class=\"hongo-featurebox-text hongo_font_1618333392908 alt-font\">Endere\u00e7o<\/div><div class=\"sub-title hongo_font_1618333392922\">Calle Albatros N 27<br \/>Galapagar, Madrid 28260.<\/div><\/div><\/div><div  class=\"hongo-social-links social-icon-style-11 social-icon-1\"><ul class=\"very-small-icon\"><li><a class=\"facebook-f\" target=\"_blank\" href=\"https:\/\/www.facebook.com\/BienestaryBellezaMarket\" rel=\"nofollow noopener\"><i class=\"fa-brands fa-facebook-f\"><\/i><\/a><\/li><li><a class=\"x-twitter\" target=\"_blank\" href=\"https:\/\/twitter.com\/BYBMarket\" rel=\"nofollow noopener\"><i class=\"fa-brands fa-x-twitter\"><\/i><\/a><\/li><li><a class=\"instagram\" target=\"_blank\" href=\"https:\/\/www.instagram.com\/bienestarybellezamarket\/\" rel=\"nofollow noopener\"><i class=\"fa-brands fa-instagram\"><\/i><\/a><\/li><li><a class=\"youtube\" target=\"_blank\" href=\"https:\/\/www.youtube.com\/channel\/UCbWQELPJkk7Cr9eFYdJc39w?view_as=public\" rel=\"nofollow noopener\"><i class=\"fa-brands fa-youtube\"><\/i><\/a><\/li><\/ul><\/div><\/div><\/div><\/div><\/section><div class=\"vc_row-full-width vc_clearfix\"><\/div><section data-vc-full-width=\"true\" data-vc-full-width-init=\"false\" data-vc-stretch-content=\"true\" class=\"vc_row wpb_row vc_row-fluid  vc_custom_1601394721525   vc_row-has-fill hongo-stretch-content hongo-stretch-content-fluid vc_row-o-equal-height vc_row-o-content-middle vc_row-flex\"><div class=\"wpb_column vc_column_container vc_col-has-fill col-xs-mobile-fullwidth vc_col-sm-12 vc_col-lg-8 vc_col-md-12 wow fadeInLeft\" data-wow-duration= 1200ms><div class=\"vc_column-inner vc_custom_1601394751127  hongo_responsive_1601394751130\"><div class=\"wpb_wrapper\"><div class=\"alt-font display-inline-block md-display-inline-block sm-display-none xs-display-none heading-style-3 vc_custom_1601396292521  hongo_responsive_1601396292524 heading-3 hongo-section-heading hongo_font_1601396292520\" data-wow-delay= 500ms data-wow-duration= 1500ms>contacto<\/div><\/div><\/div><\/div><div class=\"wpb_column vc_column_container vc_col-has-fill col-xs-mobile-fullwidth vc_col-sm-12 vc_col-lg-4 vc_col-md-12 wow fadeInRight sm-display-none xs-display-none\" data-wow-delay= 300ms data-wow-duration= 1200ms><div class=\"vc_column-inner vc_custom_1601396092140  hongo_responsive_1601396092143\"><div class=\"wpb_wrapper\"><\/div><\/div><\/div><\/section><div class=\"vc_row-full-width vc_clearfix\"><\/div><section data-vc-full-width=\"true\" data-vc-full-width-init=\"false\" data-vc-stretch-content=\"true\" class=\"vc_row wpb_row vc_row-fluid  vc_custom_1601396534678   hongo-stretch-content hongo-stretch-content-fluid vc_row-o-equal-height vc_row-o-content-bottom vc_row-flex  hongo_responsive_1601396534682\"><div class=\"wpb_column vc_column_container col-xs-mobile-fullwidth vc_col-sm-2 vc_col-lg-4 vc_col-md-2 wow fadeIn xs-display-none\" data-wow-delay= 100ms data-wow-duration= 1200ms><div class=\"vc_column-inner vc_custom_1572612934374\"><div class=\"wpb_wrapper\"><div class=\"separator-style-2 separator-style2-1\"><\/div><\/div><\/div><\/div><div class=\"wpb_column vc_column_container col-xs-mobile-fullwidth vc_col-sm-7 vc_col-lg-5 vc_col-md-7 wow fadeIn xs-text-center\" data-wow-delay= 300ms data-wow-duration= 1200ms><div class=\"vc_column-inner  hongo_responsive_1601396563160\"><div class=\"wpb_wrapper\"><div class=\"alt-font heading-style-3 heading-4 hongo-section-heading hongo_font_1618333410788\">esfor\u00e7amo-nos por responder a todas as perguntas no prazo de 24 horas nos dias \u00fateis.<\/div><\/div><\/div><\/div><div class=\"wpb_column vc_column_container col-xs-mobile-fullwidth vc_col-sm-3 wow fadeIn xs-text-center\" data-wow-delay= 500ms data-wow-duration= 1200ms><div class=\"vc_column-inner  hongo_responsive_1572612927532\"><div class=\"wpb_wrapper\"><a href=\"\/pt-pt\/perguntas-mais-frequentes\/\"  class=\"hongo-button-1 btn btn-base alt-font btn-large\">FAQs<i class=\"far fa-question-circle right-icon\" aria-hidden=\"true\"><\/i><\/a><\/div><\/div><\/div><\/section><div class=\"vc_row-full-width vc_clearfix\"><\/div>\n<\/div>","protected":false},"excerpt":{"rendered":"[vc_empty_space height=\"200px\"]Escreva-nos e responder-lhe-emos o mais rapidamente poss\u00edvelcontacto[vc_empty_space]EmailFamiliaByB@bienestarybellezamarket.comTelefone(+34) 699 231 538Endere\u00e7oCalle Albatros N 27Galapagar, Madrid 28260.contactoesfor\u00e7amo-nos por responder a todas as perguntas no prazo de 24 horas nos dias \u00fateis.FAQs","protected":false},"author":1,"featured_media":0,"parent":0,"menu_order":0,"comment_status":"closed","ping_status":"closed","template":"","meta":{"content-type":"","_joinchat":[],"footnotes":""},"class_list":["post-103152","page","type-page","status-publish","hentry"],"_links":{"self":[{"href":"https:\/\/bienestarybellezamarket.com\/pt-pt\/wp-json\/wp\/v2\/pages\/103152","targetHints":{"allow":["GET"]}}],"collection":[{"href":"https:\/\/bienestarybellezamarket.com\/pt-pt\/wp-json\/wp\/v2\/pages"}],"about":[{"href":"https:\/\/bienestarybellezamarket.com\/pt-pt\/wp-json\/wp\/v2\/types\/page"}],"author":[{"embeddable":true,"href":"https:\/\/bienestarybellezamarket.com\/pt-pt\/wp-json\/wp\/v2\/users\/1"}],"replies":[{"embeddable":true,"href":"https:\/\/bienestarybellezamarket.com\/pt-pt\/wp-json\/wp\/v2\/comments?post=103152"}],"version-history":[{"count":4,"href":"https:\/\/bienestarybellezamarket.com\/pt-pt\/wp-json\/wp\/v2\/pages\/103152\/revisions"}],"predecessor-version":[{"id":105364,"href":"https:\/\/bienestarybellezamarket.com\/pt-pt\/wp-json\/wp\/v2\/pages\/103152\/revisions\/105364"}],"wp:attachment":[{"href":"https:\/\/bienestarybellezamarket.com\/pt-pt\/wp-json\/wp\/v2\/media?parent=103152"}],"curies":[{"name":"wp","href":"https:\/\/api.w.org\/{rel}","templated":true}]}}