{"id":103247,"date":"2020-10-05T13:19:07","date_gmt":"2020-10-05T13:19:07","guid":{"rendered":"https:\/\/bienestarybellezamarket.com\/producto\/krauter-oil-110-hierbas-aloe-vera\/"},"modified":"2022-12-22T20:32:26","modified_gmt":"2022-12-22T19:32:26","slug":"oleo-de-krauter-110-ervas-aloe-vera","status":"publish","type":"product","link":"https:\/\/bienestarybellezamarket.com\/pt-pt\/produto\/oleo-de-krauter-110-ervas-aloe-vera\/","title":{"rendered":"\u00d3leo de Krauter 110 Ervas &#038; Alo\u00e9 Vera"},"content":{"rendered":"<h4>\u00d3leo de Krauter 110 Ervas &amp; Alo\u00e9 Vera<\/h4>\n<p>Todos eles comp\u00f5em este \u00f3leo essencial natural, o qual, actua como rem\u00e9dio caseiro para doen\u00e7as musculares, \u00f3sseas ou articulares.<\/p>\n<p>A mistura dos diferentes \u00f3leos tem um efeito calmante, e assim ajuda ao relaxamento da \u00e1rea afectada ou doen\u00e7a, para al\u00e9m do aroma agrad\u00e1vel que deixa o nosso corpo.<\/p>\n<p>O \u00f3leo de Krauter 110 ervas \u00e9 considerado dentro da gama Aromaterapia, pelo seu aroma agrad\u00e1vel e pelas suas qualidades relaxantes, descongestionantes e revigorantes, al\u00e9m de ser um \u00f3leo antibacteriano gra\u00e7as \u00e0s plantas que cont\u00e9m, tais como alecrim, tomilho, hortel\u00e3-pimenta, etc.<\/p>\n<p>Este frasco cont\u00e9m 100ml<\/p>\n","protected":false},"excerpt":{"rendered":"<p><span style=\"font-weight: 400;\">O \u00f3leo de Krauter \u00e9 um produto composto por diferentes \u00f3leos, tais como azeite, Aloe vera, anis, lavanda fina, eucalipto azul&#8230;<\/span><\/p>\n","protected":false},"featured_media":100078,"template":"","meta":{"content-type":"","_joinchat":[]},"product_cat":[141],"product_tag":[164,163,162,159,215,229],"class_list":{"0":"post-103247","1":"product","2":"type-product","3":"status-publish","4":"has-post-thumbnail","6":"product_cat-cuidado","7":"product_tag-azeite","8":"product_tag-azeite-de-oliva","9":"product_tag-babosa","10":"product_tag-beleza","11":"product_tag-cuide-se","12":"product_tag-organico-pt-pt","14":"first","15":"instock","16":"sale","17":"taxable","18":"shipping-taxable","19":"purchasable","20":"product-type-simple","21":"hongo-alternate-image-wrap"},"_links":{"self":[{"href":"https:\/\/bienestarybellezamarket.com\/pt-pt\/wp-json\/wp\/v2\/product\/103247","targetHints":{"allow":["GET"]}}],"collection":[{"href":"https:\/\/bienestarybellezamarket.com\/pt-pt\/wp-json\/wp\/v2\/product"}],"about":[{"href":"https:\/\/bienestarybellezamarket.com\/pt-pt\/wp-json\/wp\/v2\/types\/product"}],"wp:featuredmedia":[{"embeddable":true,"href":"https:\/\/bienestarybellezamarket.com\/pt-pt\/wp-json\/wp\/v2\/media\/100078"}],"wp:attachment":[{"href":"https:\/\/bienestarybellezamarket.com\/pt-pt\/wp-json\/wp\/v2\/media?parent=103247"}],"wp:term":[{"taxonomy":"product_cat","embeddable":true,"href":"https:\/\/bienestarybellezamarket.com\/pt-pt\/wp-json\/wp\/v2\/product_cat?post=103247"},{"taxonomy":"product_tag","embeddable":true,"href":"https:\/\/bienestarybellezamarket.com\/pt-pt\/wp-json\/wp\/v2\/product_tag?post=103247"}],"curies":[{"name":"wp","href":"https:\/\/api.w.org\/{rel}","templated":true}]}}