{"id":103249,"date":"2020-10-05T14:26:30","date_gmt":"2020-10-05T14:26:30","guid":{"rendered":"https:\/\/bienestarybellezamarket.com\/producto\/jabon-turmalina-natural\/"},"modified":"2022-02-26T01:35:43","modified_gmt":"2022-02-26T00:35:43","slug":"sabonete-de-turmalina-natural","status":"publish","type":"product","link":"https:\/\/bienestarybellezamarket.com\/pt-pt\/produto\/sabonete-de-turmalina-natural\/","title":{"rendered":"Sabonete de Turmalina Natural"},"content":{"rendered":"<h4><strong>Sabonete de Turmalina Natural Limpador de Cara de Sab\u00e3o<\/strong><\/h4>\n<p>O Sabonete de Turmalina Natural \u00e9 um produto que ajudar\u00e1 a eliminar subst\u00e2ncias t\u00f3xicas que podem ser deixadas na sua pele atrav\u00e9s da utiliza\u00e7\u00e3o de cosm\u00e9ticos. N\u00e3o s\u00f3 isso, mas tamb\u00e9m actua como um anti-inflamat\u00f3rio. Tudo isto faz deste sabonete o produto perfeito para ter uma pele extremamente limpa.<\/p>\n<p>Isto gra\u00e7as \u00e0 sua componente principal, a turmalina. A turmalina negra \u00e9 um mineral que o pode ajudar a ter uma pele completamente limpa, livrando-se de todas as impurezas, incluindo a acne. \u00c9 o mineral de refer\u00eancia para uma boa protec\u00e7\u00e3o e limpeza. Faz tudo isto porque quando entra em contacto com a pele, gera i\u00f5es negativos que lidam com os problemas da pele.<\/p>\n<p>N\u00e3o s\u00f3 actua como um excelente esfoliante ou limpador, mas gra\u00e7as \u00e0s suas propriedades piezoel\u00e9ctricas, estimula a circula\u00e7\u00e3o sangu\u00ednea. Al\u00e9m disso, alivia as manchas cut\u00e2neas, aperta a pele e ajuda a repar\u00e1-la. Tudo isto para acabar com uma pele completamente limpa e luminosa.<\/p>\n<p>Gra\u00e7as ao seu poder anti-inflamat\u00f3rio, a turmalina \u00e9 normalmente recomendada para pele oleosa ou com problemas de acne, mas tamb\u00e9m oferece mais benef\u00edcios como o aumento da flexibilidade da pele. Com isto, o que conseguimos \u00e9 suavizar a escurid\u00e3o sob os olhos e levantar as p\u00e1lpebras pendentes.<\/p>\n<p>Na Bienestar y Belleza queremos dar aos nossos clientes os melhores produtos naturais para que possam ter a pele que sempre quiseram. Portanto, se o que se pretende \u00e9 ter uma pele completamente limpa, sem impurezas, hidratada e sem manchas, recomendamos o uso do Sabonete de Turmalina Natural. Ajud\u00e1-lo-\u00e1 a reduzir as borbulhas que podem aparecer devido \u00e0 pele oleosa, proporcionando flexibilidade e reduzindo todo o tipo de manchas, incluindo as olheiras. Nunca antes se teve uma pele t\u00e3o saud\u00e1vel.<\/p>\n","protected":false},"excerpt":{"rendered":"<p>O Sabonete Natural de Turmalina pode ser o milagre que a sua pele tem procurado. N\u00e3o s\u00f3 eliminar\u00e1 todas as bact\u00e9rias e subst\u00e2ncias t\u00f3xicas que possa ter na sua pele, como tamb\u00e9m o ajudar\u00e1 a reduzir problemas de acne, manchas, manchas, borbulhas e at\u00e9 sardas.<\/p>\n","protected":false},"featured_media":101820,"template":"","meta":{"content-type":"","_joinchat":[]},"product_cat":[141],"product_tag":[159,165,215,223,241],"class_list":{"0":"post-103249","1":"product","2":"type-product","3":"status-publish","4":"has-post-thumbnail","6":"product_cat-cuidado","7":"product_tag-beleza","8":"product_tag-bem-estar","9":"product_tag-cuide-se","10":"product_tag-sabonete","11":"product_tag-turmalina-pt-pt","13":"first","14":"instock","15":"sale","16":"taxable","17":"shipping-taxable","18":"purchasable","19":"product-type-variable","20":"hongo-alternate-image-wrap"},"_links":{"self":[{"href":"https:\/\/bienestarybellezamarket.com\/pt-pt\/wp-json\/wp\/v2\/product\/103249","targetHints":{"allow":["GET"]}}],"collection":[{"href":"https:\/\/bienestarybellezamarket.com\/pt-pt\/wp-json\/wp\/v2\/product"}],"about":[{"href":"https:\/\/bienestarybellezamarket.com\/pt-pt\/wp-json\/wp\/v2\/types\/product"}],"wp:featuredmedia":[{"embeddable":true,"href":"https:\/\/bienestarybellezamarket.com\/pt-pt\/wp-json\/wp\/v2\/media\/101820"}],"wp:attachment":[{"href":"https:\/\/bienestarybellezamarket.com\/pt-pt\/wp-json\/wp\/v2\/media?parent=103249"}],"wp:term":[{"taxonomy":"product_cat","embeddable":true,"href":"https:\/\/bienestarybellezamarket.com\/pt-pt\/wp-json\/wp\/v2\/product_cat?post=103249"},{"taxonomy":"product_tag","embeddable":true,"href":"https:\/\/bienestarybellezamarket.com\/pt-pt\/wp-json\/wp\/v2\/product_tag?post=103249"}],"curies":[{"name":"wp","href":"https:\/\/api.w.org\/{rel}","templated":true}]}}