{"id":103253,"date":"2020-10-05T14:57:11","date_gmt":"2020-10-05T14:57:11","guid":{"rendered":"https:\/\/bienestarybellezamarket.com\/producto\/roll-on-rescue-gel-aloe-vera-efecto-anti-inflamatorio\/"},"modified":"2024-03-04T16:56:10","modified_gmt":"2024-03-04T15:56:10","slug":"roll-on-rescue-gel-aloe-vera-efecto-anti-inflamatorio","status":"publish","type":"product","link":"https:\/\/bienestarybellezamarket.com\/pt-pt\/produto\/roll-on-rescue-gel-aloe-vera-efecto-anti-inflamatorio\/","title":{"rendered":"Roll-on Rescue Gel com Aloe Vera"},"content":{"rendered":"<div class=\"wpb-content-wrapper\"><section data-vc-full-width=\"true\" data-vc-full-width-init=\"false\" class=\"vc_row wpb_row vc_row-fluid  vc_custom_1623144108998   position-relative vc_row-has-fill hongo-stretch-content hongo-stretch-row-container vc_row-o-content-top vc_row-flex  hongo_responsive_1623144109001\" style=\"z-index:0;\"><div class=\"wpb_column vc_column_container vc_col-has-fill col-xs-mobile-fullwidth vc_col-sm-10 vc_col-sm-offset-1 text-center md-text-center sm-text-center xs-text-center\"><div class=\"vc_column-inner bg-position-center-bottom vc_custom_1617900676987\"><div class=\"wpb_wrapper\"><h1 class=\"title alt-font heading-style-1 vc_custom_1623188289695 heading-1 hongo-section-heading hongo_font_1623188289694\">Aloe Vera Rescue Gel Roll-on<\/h1>[vc_empty_space height=&#8221;30px&#8221;]<div class=\"text-block-content hongo-text-block-1 vc_custom_1623328494678 last-paragraph-no-margin  hongo_responsive_1623328494680\"><p class=\"line-height-20 texto-contenido\" style=\"color: #ffffff\"><strong>O gel de alo\u00e9 vera roll-on de resgate \u00e9 a solu\u00e7\u00e3o para essa dor e incha\u00e7o causados por uma les\u00e3o, uma articula\u00e7\u00e3o, uma entorse&#8230; \u00c9 um gel anti-inflamat\u00f3rio que r\u00e1pida e facilmente alivia e reduz essas dores. \u00c9 um produto essencial no Ver\u00e3o, pois pode ser aplicado \u00e0s picadas de mosquitos. Al\u00e9m disso, foi feito atrav\u00e9s da agricultura biol\u00f3gica e \u00e9 adequado para veganos.\u00a0<\/strong><\/p>\n<\/div>[vc_empty_space height=&#8221;50px&#8221;][vc_empty_space height=&#8221;150px&#8221; el_class=&#8221;vc_hidden-sm vc_hidden-xs&#8221;]<\/div><\/div><\/div><\/section><div class=\"vc_row-full-width vc_clearfix\"><\/div><section class=\"vc_row wpb_row vc_row-fluid  vc_custom_1623144397886    hongo_responsive_1623144397888\"><div class=\"wpb_column vc_column_container col-xs-mobile-fullwidth vc_col-sm-12 text-center md-text-center sm-text-center xs-text-center\"><div class=\"vc_column-inner\"><div class=\"wpb_wrapper\"><div class=\"vc_row wpb_row vc_inner vc_row-fluid\"><div class=\"wpb_column vc_column_container col-xs-mobile-fullwidth vc_col-sm-6 vc_col-sm-offset-3\"><div class=\"vc_column-inner\"><div class=\"wpb_wrapper\"><div class=\"wpb_single_image vc_align_center   hongo-full-width-single-image\">\n\t\t\t<figure class=\"wpb_wrapper vc_figure\">\n\t\t\t\t<div class=\"vc_single_image-wrapper  \"><img loading=\"lazy\" decoding=\"async\" width=\"653\" height=\"664\" src=\"https:\/\/bienestarybellezamarket.com\/wp-content\/uploads\/2021\/03\/group-4@2x.png\" class=\"vc_single_image-img attachment-full\" alt=\"Rescue Gel Aloe Vera y Arnica Montana\" title=\"group-4@2x\" srcset=\"https:\/\/bienestarybellezamarket.com\/wp-content\/uploads\/2021\/03\/group-4@2x.png 653w, https:\/\/bienestarybellezamarket.com\/wp-content\/uploads\/2021\/03\/group-4@2x-295x300.png 295w, https:\/\/bienestarybellezamarket.com\/wp-content\/uploads\/2021\/03\/group-4@2x-64x64.png 64w, https:\/\/bienestarybellezamarket.com\/wp-content\/uploads\/2021\/03\/group-4@2x-84x85.png 84w, https:\/\/bienestarybellezamarket.com\/wp-content\/uploads\/2021\/03\/group-4@2x-200x203.png 200w, https:\/\/bienestarybellezamarket.com\/wp-content\/uploads\/2021\/03\/group-4@2x-450x458.png 450w, https:\/\/bienestarybellezamarket.com\/wp-content\/uploads\/2021\/03\/group-4@2x-360x366.png 360w\" sizes=\"auto, (max-width: 653px) 100vw, 653px\" \/><\/div>\n\t\t\t<\/figure>\n\t\t\t\n\t\t<\/div><\/div><\/div><\/div><\/div>[vc_empty_space height=&#8221;40px&#8221;]<\/div><\/div><\/div><\/section><section data-vc-full-width=\"true\" data-vc-full-width-init=\"false\" class=\"vc_row wpb_row vc_row-fluid  vc_custom_1618584569354   cover-background bg-position-center-top vc_row-has-fill hongo-stretch-content hongo-stretch-row-container\"><div class=\"wpb_column vc_column_container col-xs-mobile-fullwidth vc_col-sm-2\"><div class=\"vc_column-inner\"><div class=\"wpb_wrapper\"><\/div><\/div><\/div><div class=\"wpb_column vc_column_container col-xs-mobile-fullwidth vc_col-sm-8 text-center md-text-center sm-text-center xs-text-center\"><div class=\"vc_column-inner\"><div class=\"wpb_wrapper\"><h2 class=\"title alt-font heading-style-1 vc_custom_1623188275959 heading-2 hongo-section-heading hongo_font_1623188275958\">Para que serve o Aloe Vera Rescue Gel Roll-on?<\/h2><h4 class=\"title alt-font heading-style-1 vc_custom_1623188352429 heading-3 hongo-section-heading hongo_font_1623188352428\">Certamente que todos sentimos a falta de ter um produto \u00e0 m\u00e3o para aliviar o incha\u00e7o de uma comich\u00e3o ou mesmo de um m\u00fasculo dorido.<\/h4>[vc_empty_space height=&#8221;30px&#8221;]<div class=\"text-block-content hongo-text-block-2 last-paragraph-no-margin\"><p class=\"line-height-20 texto-contenido\" style=\"text-align: center\">O rolo &#8211; em gel de alo\u00e9 vera de resgate \u00e9 a solu\u00e7\u00e3o. \u00c9 um produto indispens\u00e1vel a ter \u00e0 m\u00e3o para aliviar qualquer dor muscular, dores nas articula\u00e7\u00f5es, dores lombares, entorses&#8230; ou mesmo se tiver um galo em casa ou na rua, este produto ir\u00e1 salv\u00e1-lo de muitos momentos dolorosos. Al\u00e9m disso, gra\u00e7as ao seu pequeno tamanho (60 ml), pode lev\u00e1-lo para qualquer lugar.<\/p>\n<\/div>[vc_empty_space height=&#8221;50px&#8221;][vc_btn title=&#8221;Comprar ahora&#8221; style=&#8221;custom&#8221; custom_background=&#8221;#9fc997&#8243; custom_text=&#8221;#333333&#8243; shape=&#8221;square&#8221; align=&#8221;center&#8221; link=&#8221;url:%23product-103253&#8243;]<\/div><\/div><\/div><div class=\"wpb_column vc_column_container col-xs-mobile-fullwidth vc_col-sm-2\"><div class=\"vc_column-inner\"><div class=\"wpb_wrapper\"><\/div><\/div><\/div><\/section><div class=\"vc_row-full-width vc_clearfix\"><\/div><section class=\"vc_row wpb_row vc_row-fluid  vc_custom_1618594381268   vc_column-gap-20 vc_row-o-equal-height vc_row-o-content-middle vc_row-flex\"><div class=\"wpb_column vc_column_container col-xs-mobile-fullwidth vc_col-sm-4 text-right md-text-right sm-text-right xs-text-center\"><div class=\"vc_column-inner\"><div class=\"wpb_wrapper\"><div class=\"wpb_single_image    hongo-full-width-single-image\">\n\t\t\t<figure class=\"wpb_wrapper vc_figure\">\n\t\t\t\t<div class=\"vc_single_image-wrapper  \"><img loading=\"lazy\" decoding=\"async\" width=\"351\" height=\"351\" src=\"https:\/\/bienestarybellezamarket.com\/wp-content\/uploads\/2021\/05\/bybmarket-cuidate-00005.png\" class=\"vc_single_image-img attachment-full\" alt=\"Hoja de Aloe Vera Puro\" title=\"bybmarket-cuidate-00005\" srcset=\"https:\/\/bienestarybellezamarket.com\/wp-content\/uploads\/2021\/05\/bybmarket-cuidate-00005.png 351w, https:\/\/bienestarybellezamarket.com\/wp-content\/uploads\/2021\/05\/bybmarket-cuidate-00005-300x300.png 300w, https:\/\/bienestarybellezamarket.com\/wp-content\/uploads\/2021\/05\/bybmarket-cuidate-00005-150x150.png 150w, https:\/\/bienestarybellezamarket.com\/wp-content\/uploads\/2021\/05\/bybmarket-cuidate-00005-64x64.png 64w, https:\/\/bienestarybellezamarket.com\/wp-content\/uploads\/2021\/05\/bybmarket-cuidate-00005-84x84.png 84w, https:\/\/bienestarybellezamarket.com\/wp-content\/uploads\/2021\/05\/bybmarket-cuidate-00005-200x200.png 200w, https:\/\/bienestarybellezamarket.com\/wp-content\/uploads\/2021\/05\/bybmarket-cuidate-00005-100x100.png 100w\" sizes=\"auto, (max-width: 351px) 100vw, 351px\" \/><\/div>\n\t\t\t<\/figure>\n\t\t\t\n\t\t<\/div><\/div><\/div><\/div><div class=\"wpb_column vc_column_container col-xs-mobile-fullwidth vc_col-sm-8 text-left md-text-left sm-text-left xs-text-left\"><div class=\"vc_column-inner\"><div class=\"wpb_wrapper\"><h2 class=\"title alt-font heading-style-1 vc_custom_1623188405197 heading-4 hongo-section-heading hongo_font_1623188405196\">BENEF\u00cdCIOS<\/h2><h4 class=\"title alt-font heading-style-1 vc_custom_1623188424578 heading-5 hongo-section-heading hongo_font_1623188424577\">Quais s\u00e3o os benef\u00edcios do alo\u00e9 vera neste gel?<\/h4><div class=\"text-block-content hongo-text-block-3 last-paragraph-no-margin\"><p>O Aloe vera \u00e9 um dos principais ingredientes contidos no gel de salvamento roll-on, juntamente com arnica. Ambos servem como anti-inflamat\u00f3rios mas, o que mais caracteriza o alo\u00e9 vera neste produto \u00e9 a sua capacidade de regenerar as inflama\u00e7\u00f5es locais. O Aloe vera \u00e9 capaz de reanimar o fluxo sangu\u00edneo para que as contus\u00f5es sejam minimizadas e os tecidos danificados possam sarar o mais rapidamente poss\u00edvel.<\/p>\n<p>Deve-se tamb\u00e9m notar que o poder anti-inflamat\u00f3rio do alo\u00e9 vera contido no rolo &#8211; no gel de salvamento, \u00e9 capaz de libertar tens\u00e3o muscular e consequentemente reduzir o incha\u00e7o dos tecidos do corpo. Al\u00e9m disso, a sua capacidade de aliviar a dor faz com que este gel tenha propriedades analg\u00e9sicas que podem aliviar a dor de qualquer tipo de les\u00e3o, seja para o desporto, uma les\u00e3o lombar, uma les\u00e3o muscular&#8230;<\/p>\n<\/div><\/div><\/div><\/div><\/section><section data-vc-full-width=\"true\" data-vc-full-width-init=\"false\" class=\"vc_row wpb_row vc_row-fluid invertir-columnas vc_custom_1618594359882   vc_row-has-fill vc_column-gap-20 hongo-stretch-content hongo-stretch-row-container vc_row-o-equal-height vc_row-o-content-middle vc_row-flex\"><div class=\"wpb_column vc_column_container col-xs-mobile-fullwidth vc_col-sm-8 text-left md-text-left sm-text-left xs-text-left\"><div class=\"vc_column-inner\"><div class=\"wpb_wrapper\"><h2 class=\"title alt-font heading-style-1 vc_custom_1623188464872 heading-6 hongo-section-heading hongo_font_1623188464872\">INGREDIENTES<\/h2><h4 class=\"title alt-font heading-style-1 vc_custom_1623188483023 heading-7 hongo-section-heading hongo_font_1623188483023\">Quais s\u00e3o os ingredientes do Roll-On?<\/h4><div class=\"text-block-content hongo-text-block-4 last-paragraph-no-margin\"><p>Destacamos dois ingredientes fundamentais do produto: alo\u00e9 vera e arnica. Ambos s\u00e3o a base deste produto porque, gra\u00e7as aos seus poderes anti-inflamat\u00f3rios, reduzem e aliviam a dor em profundidade.<\/p>\n<p>A Arnica \u00e9 caracterizada pelas suas propriedades analg\u00e9sicas e anti-inflamat\u00f3rias. \u00c9 tamb\u00e9m capaz de actuar como agente de cura. Este ingrediente caracteriza-se por ser indispens\u00e1vel para reduzir os hematomas, aliviar as picadas de insectos e as dores musculares.<\/p>\n<p>O Aloe vera tem propriedades muito semelhantes \u00e0s anteriormente mencionadas, especialmente a capacidade deste ingrediente para aliviar a dor e libertar a tens\u00e3o muscular.<\/p>\n<p>Tamb\u00e9m cont\u00e9m Harpagofito, salva e camomila com propriedades analg\u00e9sicas, um bom rem\u00e9dio para lidar com a dor.\u00a0 A c\u00e2nfora \u00e9 outro dos componentes que ser\u00e1 respons\u00e1vel por dar um efeito frio sobre a pele. E finalmente, cont\u00e9m tamb\u00e9m azeite e alecrim, que s\u00e3o muito \u00fateis porque cont\u00eam propriedades medicinais.<\/p>\n<\/div><\/div><\/div><\/div><div class=\"wpb_column vc_column_container col-xs-mobile-fullwidth vc_col-sm-4 text-left md-text-left sm-text-left xs-text-center\"><div class=\"vc_column-inner\"><div class=\"wpb_wrapper\"><div class=\"wpb_single_image    hongo-full-width-single-image\">\n\t\t\t<figure class=\"wpb_wrapper vc_figure\">\n\t\t\t\t<div class=\"vc_single_image-wrapper  \"><img loading=\"lazy\" decoding=\"async\" width=\"351\" height=\"351\" src=\"https:\/\/bienestarybellezamarket.com\/wp-content\/uploads\/2021\/05\/bybmarket-cuidate-00003.png\" class=\"vc_single_image-img attachment-full\" alt=\"Botes de Aloe Vera\" title=\"bybmarket-cuidate-00003\" srcset=\"https:\/\/bienestarybellezamarket.com\/wp-content\/uploads\/2021\/05\/bybmarket-cuidate-00003.png 351w, https:\/\/bienestarybellezamarket.com\/wp-content\/uploads\/2021\/05\/bybmarket-cuidate-00003-300x300.png 300w, https:\/\/bienestarybellezamarket.com\/wp-content\/uploads\/2021\/05\/bybmarket-cuidate-00003-150x150.png 150w, https:\/\/bienestarybellezamarket.com\/wp-content\/uploads\/2021\/05\/bybmarket-cuidate-00003-64x64.png 64w, https:\/\/bienestarybellezamarket.com\/wp-content\/uploads\/2021\/05\/bybmarket-cuidate-00003-84x84.png 84w, https:\/\/bienestarybellezamarket.com\/wp-content\/uploads\/2021\/05\/bybmarket-cuidate-00003-200x200.png 200w, https:\/\/bienestarybellezamarket.com\/wp-content\/uploads\/2021\/05\/bybmarket-cuidate-00003-100x100.png 100w\" sizes=\"auto, (max-width: 351px) 100vw, 351px\" \/><\/div>\n\t\t\t<\/figure>\n\t\t\t\n\t\t<\/div><\/div><\/div><\/div><\/section><div class=\"vc_row-full-width vc_clearfix\"><\/div><section class=\"vc_row wpb_row vc_row-fluid  vc_custom_1618594351430   vc_column-gap-20 vc_row-o-equal-height vc_row-o-content-middle vc_row-flex\"><div class=\"wpb_column vc_column_container col-xs-mobile-fullwidth vc_col-sm-4 text-right md-text-right sm-text-right xs-text-center\"><div class=\"vc_column-inner\"><div class=\"wpb_wrapper\"><div class=\"wpb_single_image    hongo-full-width-single-image\">\n\t\t\t<figure class=\"wpb_wrapper vc_figure\">\n\t\t\t\t<div class=\"vc_single_image-wrapper  \"><img loading=\"lazy\" decoding=\"async\" width=\"351\" height=\"351\" src=\"https:\/\/bienestarybellezamarket.com\/wp-content\/uploads\/2021\/05\/bybmarket-cuidate-00002.png\" class=\"vc_single_image-img attachment-full\" alt=\"Gel Puro de Aloe Vera\" title=\"bybmarket-cuidate-00002\" srcset=\"https:\/\/bienestarybellezamarket.com\/wp-content\/uploads\/2021\/05\/bybmarket-cuidate-00002.png 351w, https:\/\/bienestarybellezamarket.com\/wp-content\/uploads\/2021\/05\/bybmarket-cuidate-00002-300x300.png 300w, https:\/\/bienestarybellezamarket.com\/wp-content\/uploads\/2021\/05\/bybmarket-cuidate-00002-150x150.png 150w, https:\/\/bienestarybellezamarket.com\/wp-content\/uploads\/2021\/05\/bybmarket-cuidate-00002-64x64.png 64w, https:\/\/bienestarybellezamarket.com\/wp-content\/uploads\/2021\/05\/bybmarket-cuidate-00002-84x84.png 84w, https:\/\/bienestarybellezamarket.com\/wp-content\/uploads\/2021\/05\/bybmarket-cuidate-00002-200x200.png 200w, https:\/\/bienestarybellezamarket.com\/wp-content\/uploads\/2021\/05\/bybmarket-cuidate-00002-100x100.png 100w\" sizes=\"auto, (max-width: 351px) 100vw, 351px\" \/><\/div>\n\t\t\t<\/figure>\n\t\t\t\n\t\t<\/div><\/div><\/div><\/div><div class=\"wpb_column vc_column_container col-xs-mobile-fullwidth vc_col-sm-8 text-left md-text-left sm-text-left xs-text-left\"><div class=\"vc_column-inner\"><div class=\"wpb_wrapper\"><h2 class=\"title alt-font heading-style-1 vc_custom_1623188637743 heading-8 hongo-section-heading hongo_font_1623188637743\">DURA\u00c7\u00c3O<\/h2><h4 class=\"title alt-font heading-style-1 vc_custom_1623188663965 heading-9 hongo-section-heading hongo_font_1623188663963\">O Aloe Vera Roll-On \u00e9 de longa dura\u00e7\u00e3o?<\/h4><div class=\"text-block-content hongo-text-block-5 last-paragraph-no-margin\"><p>Como este produto \u00e9 caracterizado pelo seu sistema de aplica\u00e7\u00e3o, o roll-on, durar\u00e1 mais tempo do que um creme normal. Este sistema permitir-lhe-\u00e1 utilizar apenas a quantidade certa de produto, sem exagerar. Al\u00e9m disso, \u00e9 por esta raz\u00e3o que ir\u00e1 apreciar o produto durante mais tempo, quantas vezes foi colocar creme e ficou com mais de metade do creme na m\u00e3o, com este sistema que n\u00e3o ir\u00e1 acontecer porque a bola que chamamos roll-on, quando entra em contacto com a pele, liberta uma folha de produto, a quantidade necess\u00e1ria, sem excesso.<\/p>\n<\/div>[vc_empty_space height=&#8221;50px&#8221;]<\/div><\/div><\/div><\/section><section data-vc-full-width=\"true\" data-vc-full-width-init=\"false\" data-vc-stretch-content=\"true\" class=\"vc_row wpb_row vc_row-fluid     hongo-stretch-content hongo-stretch-content-fluid vc_row-o-equal-height vc_row-o-content-middle vc_row-flex\"><div class=\"wpb_column vc_column_container vc_col-has-fill col-xs-mobile-fullwidth vc_col-sm-6 text-center md-text-center sm-text-center xs-text-center\"><div class=\"vc_column-inner cover-background bg-position-center-top vc_custom_1617904935432\"><div class=\"wpb_wrapper\"><h2 class=\"title alt-font heading-style-1 vc_custom_1623328745971 heading-10 hongo-section-heading hongo_font_1623328745970\">O que \u00e9 o PACOTE DE POUPAN\u00c7A?<\/h2><div class=\"text-block-content hongo-text-block-6 vc_custom_1623188759945 last-paragraph-no-margin  hongo_responsive_1623188759946\"><p class=\"line-height-20 texto-contenido\" style=\"text-align: center\"><b>Cri\u00e1mos um pacote de poupan\u00e7a porque os nossos clientes nos pediram porque se trata de um produto para uso pessoal, para que cada membro da fam\u00edlia possa utiliz\u00e1-lo. O pre\u00e7o de um Roll-On \u00e9 de 10 euros e o pacote de 4 Roll-Ons de 30 euros.<\/b><\/p>\n<\/div>[vc_empty_space height=&#8221;30px&#8221;][vc_btn title=&#8221;Comprar ahora&#8221; style=&#8221;custom&#8221; custom_background=&#8221;#9fc997&#8243; custom_text=&#8221;#333333&#8243; shape=&#8221;square&#8221; align=&#8221;center&#8221; link=&#8221;url:%23product-103253&#8243;]<div class=\"wpb_single_image vc_align_center\">\n\t\t\t<figure class=\"wpb_wrapper vc_figure\">\n\t\t\t\t<div class=\"vc_single_image-wrapper  \"><img decoding=\"async\" class=\"vc_single_image-img \" src=\"https:\/\/bienestarybellezamarket.com\/wp-content\/uploads\/2021\/03\/group-4@2x-417x424.png\" width=\"417\" height=\"424\" alt=\"Rescue Gel Aloe Vera y Arnica Montana\" title=\"group-4@2x\" loading=\"lazy\" \/><\/div>\n\t\t\t<\/figure>\n\t\t\t\n\t\t<\/div><\/div><\/div><\/div><div class=\"wpb_column vc_column_container vc_col-has-fill col-xs-mobile-fullwidth vc_col-sm-6 text-center md-text-center sm-text-center xs-text-center\"><div class=\"vc_column-inner vc_custom_1623144131939\"><div class=\"wpb_wrapper\"><h2 class=\"title alt-font heading-style-1 vc_custom_1623188684048 heading-11 hongo-section-heading hongo_font_1623188684047\">PORQU\u00ca COMPRAR NA B&amp;B?<\/h2><h4 class=\"title alt-font heading-style-1 vc_custom_1623328538587 heading-12 hongo-section-heading hongo_font_1623328538587\"><\/h4>[vc_empty_space height=&#8221;50px&#8221;]<div class=\"vc_row wpb_row vc_inner vc_row-fluid   vc_row-o-content-middle vc_row-flex\"><div class=\"wpb_column vc_column_container col-xs-mobile-fullwidth vc_col-sm-12 vc_col-lg-offset-1 vc_col-lg-2 text-right md-text-center sm-text-center xs-text-center\"><div class=\"vc_column-inner vc_custom_1617905836071\"><div class=\"wpb_wrapper\"><div class=\"wpb_single_image vc_align_center\">\n\t\t\t<figure class=\"wpb_wrapper vc_figure\">\n\t\t\t\t<div class=\"vc_single_image-wrapper  \"><img decoding=\"async\" class=\"vc_single_image-img \" src=\"https:\/\/bienestarybellezamarket.com\/wp-content\/uploads\/2020\/11\/GOOGLE-REVIEW-84x45.png\" width=\"84\" height=\"45\" alt=\"Google Customer Review\" title=\"GOOGLE-REVIEW\" loading=\"lazy\" \/><\/div>\n\t\t\t<\/figure>\n\t\t\t\n\t\t<\/div><\/div><\/div><\/div><div class=\"wpb_column vc_column_container col-xs-mobile-fullwidth vc_col-sm-12 vc_col-lg-3 text-left md-text-center sm-text-center xs-text-center\"><div class=\"vc_column-inner vc_custom_1617905626953\"><div class=\"wpb_wrapper\"><div class=\"text-block-content hongo-text-block-7 last-paragraph-no-margin  hongo_responsive_1623328583205\"><p class=\"zeus-bottom\"><span style=\"color: #ffffff\"><strong>NOSSOS CLIENTES<\/strong><\/span><br \/>\n<span style=\"color: #ffffff\"><strong>VALORE-NOS<\/strong><\/span><\/p>\n<\/div>[vc_empty_space height=&#8221;50px&#8221; el_class=&#8221;vc_hidden-md vc_hidden-lg&#8221;]<\/div><\/div><\/div><div class=\"wpb_column vc_column_container col-xs-mobile-fullwidth vc_col-sm-12 vc_col-lg-2 text-right md-text-center sm-text-center xs-text-center\"><div class=\"vc_column-inner\"><div class=\"wpb_wrapper\"><div class=\"wpb_single_image vc_align_center\">\n\t\t\t<figure class=\"wpb_wrapper vc_figure\">\n\t\t\t\t<div class=\"vc_single_image-wrapper  \"><img loading=\"lazy\" decoding=\"async\" width=\"58\" height=\"65\" src=\"https:\/\/bienestarybellezamarket.com\/wp-content\/uploads\/2020\/12\/fabricado-en-espana-bienestar-y-belleza.png\" class=\"vc_single_image-img attachment-full\" alt=\"Simbolo Fabricado en Espa\u00f1a\" title=\"fabricado-en-espana-bienestar-y-belleza\" \/><\/div>\n\t\t\t<\/figure>\n\t\t\t\n\t\t<\/div><\/div><\/div><\/div><div class=\"wpb_column vc_column_container col-xs-mobile-fullwidth vc_col-sm-12 vc_col-lg-3 text-left md-text-center sm-text-center xs-text-center\"><div class=\"vc_column-inner\"><div class=\"wpb_wrapper\"><div class=\"text-block-content hongo-text-block-8 last-paragraph-no-margin  hongo_responsive_1623328615899\"><p class=\"zeus-bottom\"><span style=\"color: #ffffff\"><strong>FABRICADO EM<\/strong><\/span><br \/>\n<span style=\"color: #ffffff\"><strong>ESPANHA<\/strong><\/span><\/p>\n<\/div><\/div><\/div><\/div><\/div>[vc_empty_space height=&#8221;50px&#8221;]<div class=\"vc_row wpb_row vc_inner vc_row-fluid   vc_row-o-content-middle vc_row-flex\"><div class=\"wpb_column vc_column_container col-xs-mobile-fullwidth vc_col-sm-12 vc_col-lg-offset-1 vc_col-lg-2 text-right md-text-center sm-text-center xs-text-center\"><div class=\"vc_column-inner vc_custom_1617905836071\"><div class=\"wpb_wrapper\"><div class=\"wpb_single_image vc_align_center\">\n\t\t\t<figure class=\"wpb_wrapper vc_figure\">\n\t\t\t\t<div class=\"vc_single_image-wrapper  \"><img loading=\"lazy\" decoding=\"async\" width=\"71\" height=\"52\" src=\"https:\/\/bienestarybellezamarket.com\/wp-content\/uploads\/2020\/12\/envio-gratis-24-48-en-espana-y-portugal-bienestar-y-belleza.png\" class=\"vc_single_image-img attachment-full\" alt=\"Fondo de imagen\" title=\"envio-gratis-24-48-en espana-y-portugal-bienestar-y-belleza\" \/><\/div>\n\t\t\t<\/figure>\n\t\t\t\n\t\t<\/div><\/div><\/div><\/div><div class=\"wpb_column vc_column_container col-xs-mobile-fullwidth vc_col-sm-12 vc_col-lg-3 text-left md-text-center sm-text-center xs-text-center\"><div class=\"vc_column-inner vc_custom_1617905626953\"><div class=\"wpb_wrapper\"><div class=\"text-block-content hongo-text-block-9 last-paragraph-no-margin  hongo_responsive_1623328637519\"><p class=\"zeus-bottom\"><strong><span style=\"color: #ffffff\">NAVIO<\/span><\/strong><br \/>\n<strong><span style=\"color: #ffffff\">24-48 HORAS<\/span><\/strong><\/p>\n<\/div>[vc_empty_space height=&#8221;50px&#8221; el_class=&#8221;vc_hidden-md vc_hidden-lg&#8221;]<\/div><\/div><\/div><div class=\"wpb_column vc_column_container col-xs-mobile-fullwidth vc_col-sm-12 vc_col-lg-2 text-right md-text-center sm-text-center xs-text-center\"><div class=\"vc_column-inner\"><div class=\"wpb_wrapper\"><div class=\"wpb_single_image vc_align_center\">\n\t\t\t<figure class=\"wpb_wrapper vc_figure\">\n\t\t\t\t<div class=\"vc_single_image-wrapper  \"><img loading=\"lazy\" decoding=\"async\" width=\"63\" height=\"63\" src=\"https:\/\/bienestarybellezamarket.com\/wp-content\/uploads\/2020\/12\/logo-pepper-money-bienestar-y-belleza.png\" class=\"vc_single_image-img attachment-full\" alt=\"Financiera Pepper Money\" title=\"logo-pepper-money-bienestar-y-belleza\" \/><\/div>\n\t\t\t<\/figure>\n\t\t\t\n\t\t<\/div><\/div><\/div><\/div><div class=\"wpb_column vc_column_container col-xs-mobile-fullwidth vc_col-sm-12 vc_col-lg-3 text-left md-text-center sm-text-center xs-text-center\"><div class=\"vc_column-inner\"><div class=\"wpb_wrapper\"><div class=\"text-block-content hongo-text-block-10 last-paragraph-no-margin  hongo_responsive_1623328667698\"><p class=\"zeus-bottom\"><strong><span style=\"color: #ffffff\">FINANCIAMENTO EM<\/span><\/strong><br \/>\n<strong><span style=\"color: #ffffff\">24 MESES SEM JUROS<\/span><\/strong><\/p>\n<\/div><\/div><\/div><\/div><\/div><\/div><\/div><\/div><\/section><div class=\"vc_row-full-width vc_clearfix\"><\/div>\n<\/div>","protected":false},"excerpt":{"rendered":"<p>O <strong>Roll-On Rescue Gel com Aloe Vera<\/strong> \u00e9 um produto que, gra\u00e7as ao seu tamanho e formato, pode lev\u00e1-lo para onde quiser e pode aplic\u00e1-lo r\u00e1pida e eficazmente quando necess\u00e1rio. Este rolo &#8211; On serve para <strong>aliviar dores<\/strong> tais como entorses, <strong>contus\u00f5es<\/strong>, <strong>dores lombares<\/strong> ou <strong>incha\u00e7o<\/strong>s que podem causar um golpe.<\/p>\n","protected":false},"featured_media":101897,"template":"","meta":{"content-type":"","_joinchat":[]},"product_cat":[141],"product_tag":[163,162,165,225,229,235],"class_list":{"0":"post-103253","1":"product","2":"type-product","3":"status-publish","4":"has-post-thumbnail","6":"product_cat-cuidado","7":"product_tag-azeite-de-oliva","8":"product_tag-babosa","9":"product_tag-bem-estar","10":"product_tag-massagem","11":"product_tag-organico-pt-pt","12":"product_tag-roll-on-pt-pt","14":"first","15":"instock","16":"sale","17":"taxable","18":"shipping-taxable","19":"purchasable","20":"product-type-variable","21":"hongo-alternate-image-wrap"},"_links":{"self":[{"href":"https:\/\/bienestarybellezamarket.com\/pt-pt\/wp-json\/wp\/v2\/product\/103253","targetHints":{"allow":["GET"]}}],"collection":[{"href":"https:\/\/bienestarybellezamarket.com\/pt-pt\/wp-json\/wp\/v2\/product"}],"about":[{"href":"https:\/\/bienestarybellezamarket.com\/pt-pt\/wp-json\/wp\/v2\/types\/product"}],"wp:featuredmedia":[{"embeddable":true,"href":"https:\/\/bienestarybellezamarket.com\/pt-pt\/wp-json\/wp\/v2\/media\/101897"}],"wp:attachment":[{"href":"https:\/\/bienestarybellezamarket.com\/pt-pt\/wp-json\/wp\/v2\/media?parent=103253"}],"wp:term":[{"taxonomy":"product_cat","embeddable":true,"href":"https:\/\/bienestarybellezamarket.com\/pt-pt\/wp-json\/wp\/v2\/product_cat?post=103253"},{"taxonomy":"product_tag","embeddable":true,"href":"https:\/\/bienestarybellezamarket.com\/pt-pt\/wp-json\/wp\/v2\/product_tag?post=103253"}],"curies":[{"name":"wp","href":"https:\/\/api.w.org\/{rel}","templated":true}]}}