{"id":103257,"date":"2020-10-05T15:02:57","date_gmt":"2020-10-05T15:02:57","guid":{"rendered":"https:\/\/bienestarybellezamarket.com\/producto\/crema-aceite-argan-hidrata-regenera\/"},"modified":"2021-05-25T12:15:33","modified_gmt":"2021-05-25T10:15:33","slug":"argan-creme-de-oleo-hidrata-e-regenera","status":"publish","type":"product","link":"https:\/\/bienestarybellezamarket.com\/pt-pt\/produto\/argan-creme-de-oleo-hidrata-e-regenera\/","title":{"rendered":"Argan Creme de \u00d3leo Hidrata e Regenera"},"content":{"rendered":"<h4>Argan Creme de \u00d3leo Hidrata e Regenera<\/h4>\n<p><span style=\"font-weight: 400;\">\u00d3leo de Argan fornece os nutrientes de que a nossa pele necessita para promover a renova\u00e7\u00e3o e regenera\u00e7\u00e3o das nossas c\u00e9lulas, proporcionando mais luminosidade. \u00c9 \u00fatil para a acne, ajuda a regular as gl\u00e2ndulas seborreicas (gl\u00e2ndulas que causam o aparecimento de borbulhas), para evitar o seu aparecimento.<\/span><\/p>\n<p><span style=\"font-weight: 400;\">O seu elevado poder hidratante ajuda a ocultar os sinais de envelhecimento, proporcionando a hidrata\u00e7\u00e3o necess\u00e1ria a partir do interior da pele.<\/span><\/p>\n","protected":false},"excerpt":{"rendered":"<p><span style=\"font-weight: 400;\">Creme de Argan \u00d3leo Hidrata e Regenera DERLUX oferece um creme hidratante para o rosto e corpo, composto por \u00f3leo de Argan que promove a hidrata\u00e7\u00e3o.<\/span><\/p>\n","protected":false},"featured_media":100122,"template":"","meta":{"content-type":"","_joinchat":[]},"product_cat":[141],"product_tag":[160,159,211,215],"class_list":{"0":"post-103257","1":"product","2":"type-product","3":"status-publish","4":"has-post-thumbnail","6":"product_cat-cuidado","7":"product_tag-argan-pt-pt-2","8":"product_tag-beleza","9":"product_tag-creme","10":"product_tag-cuide-se","12":"first","13":"outofstock","14":"sale","15":"taxable","16":"shipping-taxable","17":"purchasable","18":"product-type-simple"},"_links":{"self":[{"href":"https:\/\/bienestarybellezamarket.com\/pt-pt\/wp-json\/wp\/v2\/product\/103257","targetHints":{"allow":["GET"]}}],"collection":[{"href":"https:\/\/bienestarybellezamarket.com\/pt-pt\/wp-json\/wp\/v2\/product"}],"about":[{"href":"https:\/\/bienestarybellezamarket.com\/pt-pt\/wp-json\/wp\/v2\/types\/product"}],"wp:featuredmedia":[{"embeddable":true,"href":"https:\/\/bienestarybellezamarket.com\/pt-pt\/wp-json\/wp\/v2\/media\/100122"}],"wp:attachment":[{"href":"https:\/\/bienestarybellezamarket.com\/pt-pt\/wp-json\/wp\/v2\/media?parent=103257"}],"wp:term":[{"taxonomy":"product_cat","embeddable":true,"href":"https:\/\/bienestarybellezamarket.com\/pt-pt\/wp-json\/wp\/v2\/product_cat?post=103257"},{"taxonomy":"product_tag","embeddable":true,"href":"https:\/\/bienestarybellezamarket.com\/pt-pt\/wp-json\/wp\/v2\/product_tag?post=103257"}],"curies":[{"name":"wp","href":"https:\/\/api.w.org\/{rel}","templated":true}]}}