{"id":103260,"date":"2020-10-05T15:12:19","date_gmt":"2020-10-05T15:12:19","guid":{"rendered":"https:\/\/bienestarybellezamarket.com\/producto\/biofield-circulatorio-masajeador-pies-electrodos\/"},"modified":"2021-07-16T14:03:20","modified_gmt":"2021-07-16T12:03:20","slug":"massajador-circulatorio-de-biofield","status":"publish","type":"product","link":"https:\/\/bienestarybellezamarket.com\/pt-pt\/produto\/massajador-circulatorio-de-biofield\/","title":{"rendered":"Massajador Circulat\u00f3rio de Biofield"},"content":{"rendered":"<div class=\"wpb-content-wrapper\"><section class=\"vc_row wpb_row vc_row-fluid\"><div class=\"wpb_column vc_column_container col-xs-mobile-fullwidth vc_col-sm-12\"><div class=\"vc_column-inner\"><div class=\"wpb_wrapper\"><div class=\"text-block-content hongo-text-block-1 last-paragraph-no-margin\"><h4>Massajador Circulat\u00f3rio de Campo Biol\u00f3gico com El\u00e9ctrodos<\/h4>\n<p><span style=\"font-weight: 400;\">Este dispositivo utiliza impulsos el\u00e9ctricos que activam as termina\u00e7\u00f5es nervosas nos p\u00e9s, promovendo assim a circula\u00e7\u00e3o tanto nos p\u00e9s como nas pernas. Utiliza os el\u00e9ctrodos nas zonas de acupunctura encontradas nos p\u00e9s e permite reduzir quaisquer sinais de inflama\u00e7\u00e3o.<\/span><\/p>\n<p><span style=\"font-weight: 400;\">Cont\u00e9m uma cinta lombar para reduzir as dores nas costas. Inclui el\u00e9ctrodos para serem utilizados em diferentes partes do corpo, ajudando a eliminar toxinas, reduzindo o stress e ajudando a perder peso sentindo uma massagem agrad\u00e1vel.<\/span><\/p>\n<ul>\n<li>Gra\u00e7as ao controlo remoto, \u00e9 poss\u00edvel programar a fun\u00e7\u00e3o que \u00e9 mais optimizada sem se dobrar.<\/li>\n<\/ul>\n<\/div><\/div><\/div><\/div><\/section>\n<\/div>","protected":false},"excerpt":{"rendered":"<p><span style=\"font-weight: 400;\">Massajador Circulat\u00f3rio de Biofield com El\u00e9ctrodos \u00e9 um produto revolucion\u00e1rio no mercado que estimula os m\u00fasculos para ajudar a melhorar a circula\u00e7\u00e3o sangu\u00ednea.<\/span><\/p>\n","protected":false},"featured_media":100082,"template":"","meta":{"content-type":"","_joinchat":[]},"product_cat":[141],"product_tag":[165,157,215,239],"class_list":{"0":"post-103260","1":"product","2":"type-product","3":"status-publish","4":"has-post-thumbnail","6":"product_cat-cuidado","7":"product_tag-bem-estar","8":"product_tag-biofield-pt-pt","9":"product_tag-cuide-se","10":"product_tag-tecnologia-pt-pt","12":"first","13":"outofstock","14":"sale","15":"taxable","16":"shipping-taxable","17":"purchasable","18":"product-type-simple","19":"hongo-alternate-image-wrap"},"_links":{"self":[{"href":"https:\/\/bienestarybellezamarket.com\/pt-pt\/wp-json\/wp\/v2\/product\/103260","targetHints":{"allow":["GET"]}}],"collection":[{"href":"https:\/\/bienestarybellezamarket.com\/pt-pt\/wp-json\/wp\/v2\/product"}],"about":[{"href":"https:\/\/bienestarybellezamarket.com\/pt-pt\/wp-json\/wp\/v2\/types\/product"}],"wp:featuredmedia":[{"embeddable":true,"href":"https:\/\/bienestarybellezamarket.com\/pt-pt\/wp-json\/wp\/v2\/media\/100082"}],"wp:attachment":[{"href":"https:\/\/bienestarybellezamarket.com\/pt-pt\/wp-json\/wp\/v2\/media?parent=103260"}],"wp:term":[{"taxonomy":"product_cat","embeddable":true,"href":"https:\/\/bienestarybellezamarket.com\/pt-pt\/wp-json\/wp\/v2\/product_cat?post=103260"},{"taxonomy":"product_tag","embeddable":true,"href":"https:\/\/bienestarybellezamarket.com\/pt-pt\/wp-json\/wp\/v2\/product_tag?post=103260"}],"curies":[{"name":"wp","href":"https:\/\/api.w.org\/{rel}","templated":true}]}}