{"id":103262,"date":"2020-10-05T15:22:26","date_gmt":"2020-10-05T15:22:26","guid":{"rendered":"https:\/\/bienestarybellezamarket.com\/producto\/crema-hidratante-rosa-mosqueta-de-derlux\/"},"modified":"2021-05-25T13:12:35","modified_gmt":"2021-05-25T11:12:35","slug":"creme-hidratante-rosa-mosqueta-derlux","status":"publish","type":"product","link":"https:\/\/bienestarybellezamarket.com\/pt-pt\/produto\/creme-hidratante-rosa-mosqueta-derlux\/","title":{"rendered":"Creme Hidratante Rosa Mosqueta DERLUX"},"content":{"rendered":"<div class=\"wpb-content-wrapper\"><section class=\"vc_row wpb_row vc_row-fluid\"><div class=\"wpb_column vc_column_container col-xs-mobile-fullwidth vc_col-sm-12\"><div class=\"vc_column-inner\"><div class=\"wpb_wrapper\"><div class=\"text-block-content hongo-text-block-1 last-paragraph-no-margin\"><h4>Creme Hidratante Rosa Mosqueta DERLUX<\/h4>\n<p><span style=\"font-weight: 400;\">O seu principal componente \u00e9 o \u00f3leo de Rosa Mosqueta, tem uma grande ac\u00e7\u00e3o hidratante e regeneradora sobre a pele.<\/span><\/p>\n<p><span style=\"font-weight: 400;\">Este creme repara a pele, hidrata profundamente e ao mesmo tempo deixa um efeito nutritivo intenso na \u00e1rea. O Rosehip, tamb\u00e9m ajuda a reduzir manchas, cicatrizes, estrias e suavizar as marcas do nosso corpo e rosto.<\/span><\/p>\n<p><span style=\"font-weight: 400;\">Cont\u00e9m 250 ml.<\/span><\/p>\n<\/div><\/div><\/div><\/div><\/section>\n<\/div>","protected":false},"excerpt":{"rendered":"<p>Creme Hidratante Rosa Mosqueta DERLUX tem um grande poder hidratante na zona facial, bem como no resto do corpo.<\/p>\n","protected":false},"featured_media":100142,"template":"","meta":{"content-type":"","_joinchat":[]},"product_cat":[141],"product_tag":[159,211,215,237],"class_list":{"0":"post-103262","1":"product","2":"type-product","3":"status-publish","4":"has-post-thumbnail","6":"product_cat-cuidado","7":"product_tag-beleza","8":"product_tag-creme","9":"product_tag-cuide-se","10":"product_tag-rosa-mosqueta-pt-pt","12":"first","13":"outofstock","14":"taxable","15":"shipping-taxable","16":"purchasable","17":"product-type-simple"},"_links":{"self":[{"href":"https:\/\/bienestarybellezamarket.com\/pt-pt\/wp-json\/wp\/v2\/product\/103262","targetHints":{"allow":["GET"]}}],"collection":[{"href":"https:\/\/bienestarybellezamarket.com\/pt-pt\/wp-json\/wp\/v2\/product"}],"about":[{"href":"https:\/\/bienestarybellezamarket.com\/pt-pt\/wp-json\/wp\/v2\/types\/product"}],"wp:featuredmedia":[{"embeddable":true,"href":"https:\/\/bienestarybellezamarket.com\/pt-pt\/wp-json\/wp\/v2\/media\/100142"}],"wp:attachment":[{"href":"https:\/\/bienestarybellezamarket.com\/pt-pt\/wp-json\/wp\/v2\/media?parent=103262"}],"wp:term":[{"taxonomy":"product_cat","embeddable":true,"href":"https:\/\/bienestarybellezamarket.com\/pt-pt\/wp-json\/wp\/v2\/product_cat?post=103262"},{"taxonomy":"product_tag","embeddable":true,"href":"https:\/\/bienestarybellezamarket.com\/pt-pt\/wp-json\/wp\/v2\/product_tag?post=103262"}],"curies":[{"name":"wp","href":"https:\/\/api.w.org\/{rel}","templated":true}]}}