{"id":103264,"date":"2020-10-05T15:25:16","date_gmt":"2020-10-05T15:25:16","guid":{"rendered":"https:\/\/bienestarybellezamarket.com\/producto\/crema-baba-de-caracol-aloe-vera\/"},"modified":"2021-06-14T12:49:25","modified_gmt":"2021-06-14T10:49:25","slug":"creme-lodo-caracol-aloe-vera","status":"publish","type":"product","link":"https:\/\/bienestarybellezamarket.com\/pt-pt\/produto\/creme-lodo-caracol-aloe-vera\/","title":{"rendered":"Creme de Lodo de Caracol e Alo\u00e9 Vera"},"content":{"rendered":"<div class=\"wpb-content-wrapper\"><section data-vc-full-width=\"true\" data-vc-full-width-init=\"false\" class=\"vc_row wpb_row vc_row-fluid  vc_custom_1622215517591   position-relative vc_row-has-fill hongo-stretch-content hongo-stretch-row-container vc_row-o-content-top vc_row-flex  hongo_responsive_1622215517593\" style=\"z-index:0;\"><div class=\"wpb_column vc_column_container vc_col-has-fill col-xs-mobile-fullwidth vc_col-sm-10 vc_col-sm-offset-1 text-center md-text-center sm-text-center xs-text-center\"><div class=\"vc_column-inner bg-position-center-bottom vc_custom_1618850906279\"><div class=\"wpb_wrapper\"><h1 class=\"title alt-font heading-style-1 vc_custom_1623181382500 heading-1 hongo-section-heading hongo_font_1623181382499\">LODO DE CARACOL &amp; CREME DE ALO\u00c9 VERA<\/h1>[vc_empty_space height=&#8221;30px&#8221;]<div class=\"text-block-content hongo-text-block-1 vc_custom_1623327556194 last-paragraph-no-margin  hongo_responsive_1623327556196\"><p class=\"line-height-20 texto-contenido\" style=\"color: #ffffff;\"><strong>O Creme de Caracol e Aloe Vera da B&amp;B Market \u00e9 o produto obrigat\u00f3rio para os seus cuidados de pele. Este Creme de Lodo de Caracol n\u00e3o s\u00f3 deixar\u00e1 a sua pele completamente hidratada, firme e luminosa, como tamb\u00e9m ajudar\u00e1 a sua pele a manter-se jovem.<\/strong><\/p>\n<\/div>[vc_empty_space height=&#8221;50px&#8221;][vc_empty_space height=&#8221;150px&#8221; el_class=&#8221;vc_hidden-sm vc_hidden-xs&#8221;]<\/div><\/div><\/div><\/section><div class=\"vc_row-full-width vc_clearfix\"><\/div><section data-vc-full-width=\"true\" data-vc-full-width-init=\"false\" class=\"vc_row wpb_row vc_row-fluid  vc_custom_1623078337172   hongo-stretch-content hongo-stretch-row-container  hongo_responsive_1623078337174\"><div class=\"wpb_column vc_column_container col-xs-mobile-fullwidth vc_col-sm-12 text-center md-text-center sm-text-center xs-text-center\"><div class=\"vc_column-inner\"><div class=\"wpb_wrapper\"><div class=\"vc_row wpb_row vc_inner vc_row-fluid\"><div class=\"wpb_column vc_column_container col-xs-mobile-fullwidth vc_col-sm-6 vc_col-sm-offset-3\"><div class=\"vc_column-inner\"><div class=\"wpb_wrapper\"><div class=\"wpb_single_image vc_align_center\">\n\t\t\t<figure class=\"wpb_wrapper vc_figure\">\n\t\t\t\t<div class=\"vc_single_image-wrapper  \"><img loading=\"lazy\" decoding=\"async\" width=\"330\" height=\"330\" src=\"https:\/\/bienestarybellezamarket.com\/wp-content\/uploads\/2021\/05\/bienestar-y-belleza-market-baba-de-caracol-330x330-new.png\" class=\"vc_single_image-img attachment-full\" alt=\"Crema de Baba de Caracol y Aloe Vera\" title=\"bienestar-y-belleza-market-baba-de-caracol-330x330-new\" srcset=\"https:\/\/bienestarybellezamarket.com\/wp-content\/uploads\/2021\/05\/bienestar-y-belleza-market-baba-de-caracol-330x330-new.png 330w, https:\/\/bienestarybellezamarket.com\/wp-content\/uploads\/2021\/05\/bienestar-y-belleza-market-baba-de-caracol-330x330-new-300x300.png 300w, https:\/\/bienestarybellezamarket.com\/wp-content\/uploads\/2021\/05\/bienestar-y-belleza-market-baba-de-caracol-330x330-new-150x150.png 150w, https:\/\/bienestarybellezamarket.com\/wp-content\/uploads\/2021\/05\/bienestar-y-belleza-market-baba-de-caracol-330x330-new-64x64.png 64w, https:\/\/bienestarybellezamarket.com\/wp-content\/uploads\/2021\/05\/bienestar-y-belleza-market-baba-de-caracol-330x330-new-84x84.png 84w, https:\/\/bienestarybellezamarket.com\/wp-content\/uploads\/2021\/05\/bienestar-y-belleza-market-baba-de-caracol-330x330-new-200x200.png 200w, https:\/\/bienestarybellezamarket.com\/wp-content\/uploads\/2021\/05\/bienestar-y-belleza-market-baba-de-caracol-330x330-new-100x100.png 100w\" sizes=\"auto, (max-width: 330px) 100vw, 330px\" \/><\/div>\n\t\t\t<\/figure>\n\t\t\t\n\t\t<\/div><\/div><\/div><\/div><\/div>[vc_empty_space height=&#8221;40px&#8221;]<\/div><\/div><\/div><\/section><div class=\"vc_row-full-width vc_clearfix\"><\/div><section data-vc-full-width=\"true\" data-vc-full-width-init=\"false\" class=\"vc_row wpb_row vc_row-fluid  vc_custom_1618584569354   cover-background bg-position-center-top vc_row-has-fill hongo-stretch-content hongo-stretch-row-container\"><div class=\"wpb_column vc_column_container col-xs-mobile-fullwidth vc_col-sm-2\"><div class=\"vc_column-inner\"><div class=\"wpb_wrapper\"><\/div><\/div><\/div><div class=\"wpb_column vc_column_container col-xs-mobile-fullwidth vc_col-sm-8 text-center md-text-center sm-text-center xs-text-center\"><div class=\"vc_column-inner\"><div class=\"wpb_wrapper\"><h2 class=\"title alt-font heading-style-1 vc_custom_1623181412280 heading-2 hongo-section-heading hongo_font_1623181412279\">Para que serve o Creme de Lodo de Caracol?<\/h2>[vc_empty_space height=&#8221;30px&#8221;]<div class=\"text-block-content hongo-text-block-2 last-paragraph-no-margin\"><p class=\"line-height-20 texto-contenido\" style=\"text-align: center;\"><span style=\"color: #333333;\">Este creme de lima de caracol serve para hidratar e regenerar a pele. \u00c9 um creme anti-envelhecimento natural que al\u00e9m de reduzir os sinais de envelhecimento, regenerando o colag\u00e9nio da pele, tamb\u00e9m serve para esconder estrias e celulite. Al\u00e9m disso, gra\u00e7as aos seus componentes, protege a pele de agentes externos. <\/span><\/p>\n<\/div>[vc_empty_space height=&#8221;50px&#8221;]<h2 class=\"title alt-font heading-style-1 vc_custom_1623181459968 heading-3 hongo-section-heading hongo_font_1623181459967\">Quando se deve usar o Creme de Lodo de Caracol?<\/h2>[vc_empty_space height=&#8221;30px&#8221;]<div class=\"text-block-content hongo-text-block-3 last-paragraph-no-margin\"><p class=\"line-height-20 texto-contenido\" style=\"text-align: center;\"><span style=\"color: #333333;\">O Creme de Lodo de Caracol \u00e9 um creme indispens\u00e1vel para uma boa rotina de beleza. Recomenda-se a sua utiliza\u00e7\u00e3o duas vezes por dia para se notar os resultados o mais rapidamente poss\u00edvel, uma de manh\u00e3, com a pele limpa e seca, e outra \u00e0 noite antes de se deitar. <\/span><\/p>\n<\/div>[vc_empty_space height=&#8221;50px&#8221;][vc_btn title=&#8221;A\u00f1adir al carrito&#8221; style=&#8221;custom&#8221; custom_background=&#8221;#349de6&#8243; custom_text=&#8221;#ffffff&#8221; shape=&#8221;square&#8221; align=&#8221;center&#8221; link=&#8221;url:%2F%3Fadd-to-cart%3D99533|&#8221;]<\/div><\/div><\/div><div class=\"wpb_column vc_column_container col-xs-mobile-fullwidth vc_col-sm-2\"><div class=\"vc_column-inner\"><div class=\"wpb_wrapper\"><\/div><\/div><\/div><\/section><div class=\"vc_row-full-width vc_clearfix\"><\/div><section data-vc-full-width=\"true\" data-vc-full-width-init=\"false\" data-vc-stretch-content=\"true\" class=\"vc_row wpb_row vc_row-fluid  vc_custom_1618848744124   vc_row-has-fill vc_column-gap-20 hongo-stretch-content hongo-stretch-content-fluid vc_row-o-equal-height vc_row-o-content-middle vc_row-flex\"><div class=\"wpb_column vc_column_container col-xs-mobile-fullwidth vc_col-sm-12 text-center md-text-center sm-text-center xs-text-center\"><div class=\"vc_column-inner\"><div class=\"wpb_wrapper\"><div class=\"vc_row wpb_row vc_inner vc_row-fluid\"><div class=\"wpb_column vc_column_container col-xs-mobile-fullwidth vc_col-sm-8 vc_col-sm-offset-2 text-center md-text-center sm-text-center xs-text-center\"><div class=\"vc_column-inner\"><div class=\"wpb_wrapper\"><h2 class=\"title alt-font heading-style-1 vc_custom_1623181515051 heading-4 hongo-section-heading hongo_font_1623181515050\">ingredientes<\/h2><h4 class=\"title alt-font heading-style-1 vc_custom_1623181532859 heading-5 hongo-section-heading hongo_font_1623181532859\">Que Ingredientes Especiais Tem?<\/h4>[vc_empty_space height=&#8221;40px&#8221;]<\/div><\/div><\/div><\/div><div class=\"vc_row wpb_row vc_inner vc_row-fluid   vc_column-gap-10\"><div class=\"wpb_column vc_column_container col-xs-mobile-fullwidth vc_col-sm-4\"><div class=\"vc_column-inner\"><div class=\"wpb_wrapper\">[vc_hoverbox image=&#8221;104192&#8243; primary_title=&#8221;Manteiga de Karit\u00e9&#8221; primary_title_font_container=&#8221;color:%23ffffff&#8221; primary_title_use_theme_fonts=&#8221;yes&#8221; hover_title=&#8221;&#8221; use_custom_fonts_primary_title=&#8221;true&#8221;]<\/p>\n<p style=\"text-align: center;\">Tem um elevado teor de vitamina F que a torna capaz de melhorar a elasticidade da pele enquanto a repara e regenera.<\/p>\n<p>[\/vc_hoverbox]<\/div><\/div><\/div><div class=\"wpb_column vc_column_container col-xs-mobile-fullwidth vc_col-sm-4\"><div class=\"vc_column-inner\"><div class=\"wpb_wrapper\">[vc_hoverbox image=&#8221;104060&#8243; primary_title=&#8221;Azeite de oliva&#8221; primary_title_font_container=&#8221;color:%23ffffff&#8221; primary_title_use_theme_fonts=&#8221;yes&#8221; hover_title=&#8221;&#8221; use_custom_fonts_primary_title=&#8221;true&#8221;]<\/p>\n<p style=\"text-align: center;\">Alcan\u00e7a profundamente a pele para fornecer a hidrata\u00e7\u00e3o e os nutrientes de que a pele necessita.<\/p>\n<p>[\/vc_hoverbox]<\/div><\/div><\/div><div class=\"wpb_column vc_column_container col-xs-mobile-fullwidth vc_col-sm-4\"><div class=\"vc_column-inner\"><div class=\"wpb_wrapper\">[vc_hoverbox image=&#8221;104195&#8243; primary_title=&#8221;\u00d3leo de Argan&#8221; primary_title_font_container=&#8221;color:%23ffffff&#8221; primary_title_use_theme_fonts=&#8221;yes&#8221; hover_title=&#8221;&#8221; use_custom_fonts_primary_title=&#8221;true&#8221;]<\/p>\n<p style=\"text-align: center;\">Previne o aparecimento de rugas bem como proporciona flexibilidade e luminosidade ao rosto. Cont\u00e9m tamb\u00e9m antioxidantes e \u00e1cidos gordos, propriedades essenciais para melhorar a pele.<\/p>\n<p>[\/vc_hoverbox]<\/div><\/div><\/div><\/div>[vc_empty_space height=&#8221;40px&#8221;]<\/div><\/div><\/div><\/section><div class=\"vc_row-full-width vc_clearfix\"><\/div><section class=\"vc_row wpb_row vc_row-fluid invertir-columnas vc_custom_1618850166902   vc_column-gap-20 vc_row-o-equal-height vc_row-o-content-middle vc_row-flex\"><div class=\"wpb_column vc_column_container col-xs-mobile-fullwidth vc_col-sm-4 text-right md-text-right sm-text-right xs-text-center\"><div class=\"vc_column-inner\"><div class=\"wpb_wrapper\"><div class=\"wpb_single_image    hongo-full-width-single-image\">\n\t\t\t<figure class=\"wpb_wrapper vc_figure\">\n\t\t\t\t<div class=\"vc_single_image-wrapper  \"><img loading=\"lazy\" decoding=\"async\" width=\"351\" height=\"351\" src=\"https:\/\/bienestarybellezamarket.com\/wp-content\/uploads\/2021\/05\/bybmarket-cuidate-00001.png\" class=\"vc_single_image-img attachment-full\" alt=\"Baba de Caracol Natural \" title=\"bybmarket-cuidate-00001\" srcset=\"https:\/\/bienestarybellezamarket.com\/wp-content\/uploads\/2021\/05\/bybmarket-cuidate-00001.png 351w, https:\/\/bienestarybellezamarket.com\/wp-content\/uploads\/2021\/05\/bybmarket-cuidate-00001-300x300.png 300w, https:\/\/bienestarybellezamarket.com\/wp-content\/uploads\/2021\/05\/bybmarket-cuidate-00001-150x150.png 150w, https:\/\/bienestarybellezamarket.com\/wp-content\/uploads\/2021\/05\/bybmarket-cuidate-00001-64x64.png 64w, https:\/\/bienestarybellezamarket.com\/wp-content\/uploads\/2021\/05\/bybmarket-cuidate-00001-84x84.png 84w, https:\/\/bienestarybellezamarket.com\/wp-content\/uploads\/2021\/05\/bybmarket-cuidate-00001-200x200.png 200w, https:\/\/bienestarybellezamarket.com\/wp-content\/uploads\/2021\/05\/bybmarket-cuidate-00001-100x100.png 100w\" sizes=\"auto, (max-width: 351px) 100vw, 351px\" \/><\/div>\n\t\t\t<\/figure>\n\t\t\t\n\t\t<\/div><\/div><\/div><\/div><div class=\"wpb_column vc_column_container col-xs-mobile-fullwidth vc_col-sm-8 text-left md-text-left sm-text-left xs-text-left\"><div class=\"vc_column-inner\"><div class=\"wpb_wrapper\"><h4 class=\"title alt-font heading-style-1 vc_custom_1623181555887 heading-6 hongo-section-heading hongo_font_1623181555886\">Porqu\u00ea Aloe Vera neste Creme?<\/h4><div class=\"text-block-content hongo-text-block-4 last-paragraph-no-margin\"><p>O Aloe Vera \u00e9 um componente essencial para este creme porque, juntamente com a Elicina, proporciona muitos benef\u00edcios para a pele, como por exemplo:<\/p>\n<p><b>Anti-acne: <\/b>O Aloe Vera tem um poder antibacteriano que consegue reduzir a inflama\u00e7\u00e3o e irrita\u00e7\u00e3o da pele, raz\u00e3o pela qual \u00e9 um ingrediente perfeito para eliminar borbulhas e pontos negros.<\/p>\n<p><b>Anti-envelhecimento:<\/b> O Aloe Vera \u00e9 capaz de produzir colag\u00e9nio, pelo que \u00e9 perfeito para reparar tecidos de pele danificados e, por sua vez, refor\u00e7\u00e1-lo evitando rugas.<\/p>\n<p><b>Hidrata\u00e7\u00e3o:<\/b> o Alo\u00e9 Vera cont\u00e9m uma grande quantidade de \u00e1gua, raz\u00e3o pela qual se torna um ingrediente perfeito para hidratar a pele.<\/p>\n<\/div>[vc_empty_space height=&#8221;50px&#8221;]<\/div><\/div><\/div><\/section><section class=\"vc_row wpb_row vc_row-fluid invertir-columnas vc_custom_1618850166902   vc_column-gap-20 vc_row-o-equal-height vc_row-o-content-middle vc_row-flex\"><div class=\"wpb_column vc_column_container col-xs-mobile-fullwidth vc_col-sm-8 text-left md-text-left sm-text-left xs-text-left\"><div class=\"vc_column-inner\"><div class=\"wpb_wrapper\"><h2 class=\"title alt-font heading-style-1 vc_custom_1623181639198 heading-7 hongo-section-heading hongo_font_1623181639197\">benef\u00edcios<\/h2><h4 class=\"title alt-font heading-style-1 vc_custom_1623182204957 heading-8 hongo-section-heading hongo_font_1623182204952\">Quais s\u00e3o os benef\u00edcios para a pele?<\/h4><div class=\"text-block-content hongo-text-block-5 last-paragraph-no-margin\"><p>Uma pele <b>completamente lisa,<\/b> evitando rugas e flacidez gra\u00e7as \u00e0 elastina e aos seus altos n\u00edveis de colag\u00e9nio.<\/p>\n<p><b>Elimina manchas, estrias e celulite<\/b> ao reparar os tecidos da pele de uma forma natural, ajudando-a a sarar rapidamente.<\/p>\n<p><b>Atrasa o envelhecimento<\/b>, reduzindo rugas e linhas de express\u00e3o, e atrasando o seu aparecimento gra\u00e7as aos seus componentes antioxidantes.<\/p>\n<p><b>Hidrata<\/b> a pele e ajuda a controlar o n\u00edvel de \u00e1gua da pele.<\/p>\n<p>Para al\u00e9m de minimizar as cicatrizes, \u00e9 capaz de <b>minimizar as marcas de acne.<\/b><\/p>\n<\/div>[vc_empty_space height=&#8221;50px&#8221;]<\/div><\/div><\/div><div class=\"wpb_column vc_column_container col-xs-mobile-fullwidth vc_col-sm-4 text-right md-text-right sm-text-right xs-text-center\"><div class=\"vc_column-inner\"><div class=\"wpb_wrapper\"><div class=\"wpb_single_image    hongo-full-width-single-image\">\n\t\t\t<figure class=\"wpb_wrapper vc_figure\">\n\t\t\t\t<div class=\"vc_single_image-wrapper  \"><img loading=\"lazy\" decoding=\"async\" width=\"351\" height=\"351\" src=\"https:\/\/bienestarybellezamarket.com\/wp-content\/uploads\/2021\/05\/bybmarket-cuidate-00004.png\" class=\"vc_single_image-img attachment-full\" alt=\"Crema de Aloe Vera Natural\" title=\"bybmarket-cuidate-00004\" srcset=\"https:\/\/bienestarybellezamarket.com\/wp-content\/uploads\/2021\/05\/bybmarket-cuidate-00004.png 351w, https:\/\/bienestarybellezamarket.com\/wp-content\/uploads\/2021\/05\/bybmarket-cuidate-00004-300x300.png 300w, https:\/\/bienestarybellezamarket.com\/wp-content\/uploads\/2021\/05\/bybmarket-cuidate-00004-150x150.png 150w, https:\/\/bienestarybellezamarket.com\/wp-content\/uploads\/2021\/05\/bybmarket-cuidate-00004-64x64.png 64w, https:\/\/bienestarybellezamarket.com\/wp-content\/uploads\/2021\/05\/bybmarket-cuidate-00004-84x84.png 84w, https:\/\/bienestarybellezamarket.com\/wp-content\/uploads\/2021\/05\/bybmarket-cuidate-00004-200x200.png 200w, https:\/\/bienestarybellezamarket.com\/wp-content\/uploads\/2021\/05\/bybmarket-cuidate-00004-100x100.png 100w\" sizes=\"auto, (max-width: 351px) 100vw, 351px\" \/><\/div>\n\t\t\t<\/figure>\n\t\t\t\n\t\t<\/div><\/div><\/div><\/div><\/section><section data-vc-full-width=\"true\" data-vc-full-width-init=\"false\" data-vc-stretch-content=\"true\" class=\"vc_row wpb_row vc_row-fluid  vc_custom_1618848588158   hongo-stretch-content hongo-stretch-content-fluid vc_row-o-equal-height vc_row-o-content-middle vc_row-flex\"><div class=\"wpb_column vc_column_container vc_col-has-fill col-xs-mobile-fullwidth vc_col-sm-6 text-center md-text-center sm-text-center xs-text-center\"><div class=\"vc_column-inner cover-background bg-position-center-bottom vc_custom_1620923004517 no-column-padding\"><div class=\"wpb_wrapper\"><div class=\"wpb_single_image vc_align_center  vc_custom_1620922957432\">\n\t\t\t<figure class=\"wpb_wrapper vc_figure\">\n\t\t\t\t<div class=\"vc_single_image-wrapper  \"><img loading=\"lazy\" decoding=\"async\" width=\"300\" height=\"300\" src=\"https:\/\/bienestarybellezamarket.com\/wp-content\/uploads\/2021\/05\/bienestar-y-belleza-market-baba-de-caracol-330x330-new-300x300.png\" class=\"vc_single_image-img attachment-medium\" alt=\"Crema de Baba de Caracol y Aloe Vera\" title=\"bienestar-y-belleza-market-baba-de-caracol-330x330-new\" srcset=\"https:\/\/bienestarybellezamarket.com\/wp-content\/uploads\/2021\/05\/bienestar-y-belleza-market-baba-de-caracol-330x330-new-300x300.png 300w, https:\/\/bienestarybellezamarket.com\/wp-content\/uploads\/2021\/05\/bienestar-y-belleza-market-baba-de-caracol-330x330-new-150x150.png 150w, https:\/\/bienestarybellezamarket.com\/wp-content\/uploads\/2021\/05\/bienestar-y-belleza-market-baba-de-caracol-330x330-new-64x64.png 64w, https:\/\/bienestarybellezamarket.com\/wp-content\/uploads\/2021\/05\/bienestar-y-belleza-market-baba-de-caracol-330x330-new-84x84.png 84w, https:\/\/bienestarybellezamarket.com\/wp-content\/uploads\/2021\/05\/bienestar-y-belleza-market-baba-de-caracol-330x330-new-200x200.png 200w, https:\/\/bienestarybellezamarket.com\/wp-content\/uploads\/2021\/05\/bienestar-y-belleza-market-baba-de-caracol-330x330-new-100x100.png 100w, https:\/\/bienestarybellezamarket.com\/wp-content\/uploads\/2021\/05\/bienestar-y-belleza-market-baba-de-caracol-330x330-new.png 330w\" sizes=\"auto, (max-width: 300px) 100vw, 300px\" \/><\/div>\n\t\t\t<\/figure>\n\t\t\t\n\t\t<\/div><\/div><\/div><\/div><div class=\"wpb_column vc_column_container vc_col-has-fill col-xs-mobile-fullwidth vc_col-sm-6 text-center md-text-center sm-text-center xs-text-center\"><div class=\"vc_column-inner vc_custom_1622215510091\"><div class=\"wpb_wrapper\"><h2 class=\"title alt-font heading-style-1 vc_custom_1623667667553 heading-9 hongo-section-heading hongo_font_1623667667551\">Porqu\u00ea comprar creme de lima de caracol?<\/h2><div class=\"text-block-content hongo-text-block-6 vc_custom_1623667724043 last-paragraph-no-margin  hongo_responsive_1623667724045\"><p class=\"line-height-20 texto-contenido\" style=\"text-align: center;\"><span style=\"color: #ffffff;\"><strong>Ao incorporar o B&amp;B Market Snail Slime na sua rotina facial pode desfrutar de todos os benef\u00edcios deste ingrediente, gra\u00e7as \u00e0 sua variedade de benef\u00edcios que \u00e9 adequado para todos os tipos de pele. Se tiver uma pele madura, pode conseguir reduzir os sinais de envelhecimento devido ao seu efeito anti-rugas e tamb\u00e9m melhorar a elasticidade da pele, como resultado ter\u00e1 uma tez muito mais firme.se a sua pele for jovem e sofrer de acne, a baba de caracol ajud\u00e1-lo-\u00e1 a livrar-se daquelas borbulhas ou marcas irritantes deixadas pela acne, gra\u00e7as \u00e0s suas propriedades anti-manchas.se quiser desfrutar de uma pele perfeita, n\u00e3o espere mais!<\/strong><\/span><\/p>\n<\/div>[vc_empty_space height=&#8221;50px&#8221;][vc_empty_space height=&#8221;50px&#8221;]<div class=\"vc_row wpb_row vc_inner vc_row-fluid   vc_row-o-content-middle vc_row-flex\"><div class=\"wpb_column vc_column_container col-xs-mobile-fullwidth vc_col-sm-12 vc_col-lg-offset-1 vc_col-lg-2 text-right md-text-center sm-text-center xs-text-center\"><div class=\"vc_column-inner vc_custom_1617905836071\"><div class=\"wpb_wrapper\"><div class=\"wpb_single_image vc_align_center\">\n\t\t\t<figure class=\"wpb_wrapper vc_figure\">\n\t\t\t\t<div class=\"vc_single_image-wrapper  \"><img decoding=\"async\" class=\"vc_single_image-img \" src=\"https:\/\/bienestarybellezamarket.com\/wp-content\/uploads\/2020\/11\/GOOGLE-REVIEW-84x45.png\" width=\"84\" height=\"45\" alt=\"Google Customer Review\" title=\"GOOGLE-REVIEW\" loading=\"lazy\" \/><\/div>\n\t\t\t<\/figure>\n\t\t\t\n\t\t<\/div><\/div><\/div><\/div><div class=\"wpb_column vc_column_container col-xs-mobile-fullwidth vc_col-sm-12 vc_col-lg-3 text-left md-text-center sm-text-center xs-text-center\"><div class=\"vc_column-inner vc_custom_1617905626953\"><div class=\"wpb_wrapper\"><div class=\"text-block-content hongo-text-block-7 last-paragraph-no-margin  hongo_responsive_1623325849948\"><p class=\"zeus-bottom\"><span style=\"color: #ffffff;\"><strong>NOSSOS CLIENTES<\/strong><\/span><br \/>\n<span style=\"color: #ffffff;\"><strong>VALORIZAM-NOS<\/strong><\/span><\/p>\n<\/div>[vc_empty_space height=&#8221;50px&#8221; el_class=&#8221;vc_hidden-md vc_hidden-lg&#8221;]<\/div><\/div><\/div><div class=\"wpb_column vc_column_container col-xs-mobile-fullwidth vc_col-sm-12 vc_col-lg-2 text-right md-text-center sm-text-center xs-text-center\"><div class=\"vc_column-inner\"><div class=\"wpb_wrapper\"><div class=\"wpb_single_image vc_align_center\">\n\t\t\t<figure class=\"wpb_wrapper vc_figure\">\n\t\t\t\t<div class=\"vc_single_image-wrapper  \"><img loading=\"lazy\" decoding=\"async\" width=\"58\" height=\"65\" src=\"https:\/\/bienestarybellezamarket.com\/wp-content\/uploads\/2020\/12\/fabricado-en-espana-bienestar-y-belleza.png\" class=\"vc_single_image-img attachment-full\" alt=\"Simbolo Fabricado en Espa\u00f1a\" title=\"fabricado-en-espana-bienestar-y-belleza\" \/><\/div>\n\t\t\t<\/figure>\n\t\t\t\n\t\t<\/div><\/div><\/div><\/div><div class=\"wpb_column vc_column_container col-xs-mobile-fullwidth vc_col-sm-12 vc_col-lg-3 text-left md-text-center sm-text-center xs-text-center\"><div class=\"vc_column-inner\"><div class=\"wpb_wrapper\"><div class=\"text-block-content hongo-text-block-8 last-paragraph-no-margin  hongo_responsive_1623325891079\"><p class=\"zeus-bottom\"><span style=\"color: #ffffff;\"><strong>FABRICADO EM<\/strong><\/span><br \/>\n<span style=\"color: #ffffff;\"><strong>ESPANHA<\/strong><\/span><\/p>\n<\/div><\/div><\/div><\/div><\/div>[vc_empty_space height=&#8221;50px&#8221;]<div class=\"vc_row wpb_row vc_inner vc_row-fluid   vc_row-o-content-middle vc_row-flex\"><div class=\"wpb_column vc_column_container col-xs-mobile-fullwidth vc_col-sm-12 vc_col-lg-offset-1 vc_col-lg-2 text-right md-text-center sm-text-center xs-text-center\"><div class=\"vc_column-inner vc_custom_1617905836071\"><div class=\"wpb_wrapper\"><div class=\"wpb_single_image vc_align_center\">\n\t\t\t<figure class=\"wpb_wrapper vc_figure\">\n\t\t\t\t<div class=\"vc_single_image-wrapper  \"><img loading=\"lazy\" decoding=\"async\" width=\"71\" height=\"52\" src=\"https:\/\/bienestarybellezamarket.com\/wp-content\/uploads\/2020\/12\/envio-gratis-24-48-en-espana-y-portugal-bienestar-y-belleza.png\" class=\"vc_single_image-img attachment-full\" alt=\"Fondo de imagen\" title=\"envio-gratis-24-48-en espana-y-portugal-bienestar-y-belleza\" \/><\/div>\n\t\t\t<\/figure>\n\t\t\t\n\t\t<\/div><\/div><\/div><\/div><div class=\"wpb_column vc_column_container col-xs-mobile-fullwidth vc_col-sm-12 vc_col-lg-3 text-left md-text-center sm-text-center xs-text-center\"><div class=\"vc_column-inner vc_custom_1617905626953\"><div class=\"wpb_wrapper\"><div class=\"text-block-content hongo-text-block-9 last-paragraph-no-margin  hongo_responsive_1623325926925\"><p class=\"zeus-bottom\"><strong><span style=\"color: #ffffff;\">NAVIO<\/span><\/strong><br \/>\n<strong><span style=\"color: #ffffff;\">24-48 HORAS<\/span><\/strong><\/p>\n<\/div>[vc_empty_space height=&#8221;50px&#8221; el_class=&#8221;vc_hidden-md vc_hidden-lg&#8221;]<\/div><\/div><\/div><div class=\"wpb_column vc_column_container col-xs-mobile-fullwidth vc_col-sm-12 vc_col-lg-2 text-right md-text-center sm-text-center xs-text-center\"><div class=\"vc_column-inner\"><div class=\"wpb_wrapper\"><div class=\"wpb_single_image vc_align_center\">\n\t\t\t<figure class=\"wpb_wrapper vc_figure\">\n\t\t\t\t<div class=\"vc_single_image-wrapper  \"><img loading=\"lazy\" decoding=\"async\" width=\"63\" height=\"63\" src=\"https:\/\/bienestarybellezamarket.com\/wp-content\/uploads\/2020\/12\/logo-pepper-money-bienestar-y-belleza.png\" class=\"vc_single_image-img attachment-full\" alt=\"Financiera Pepper Money\" title=\"logo-pepper-money-bienestar-y-belleza\" \/><\/div>\n\t\t\t<\/figure>\n\t\t\t\n\t\t<\/div><\/div><\/div><\/div><div class=\"wpb_column vc_column_container col-xs-mobile-fullwidth vc_col-sm-12 vc_col-lg-3 text-left md-text-center sm-text-center xs-text-center\"><div class=\"vc_column-inner\"><div class=\"wpb_wrapper\"><div class=\"text-block-content hongo-text-block-10 last-paragraph-no-margin  hongo_responsive_1623325955097\"><p class=\"zeus-bottom\"><strong><span style=\"color: #ffffff;\">FINANCIAMENTO EM<\/span><\/strong><br \/>\n<strong><span style=\"color: #ffffff;\">24 MESES SEM JUROS<\/span><\/strong><\/p>\n<\/div><\/div><\/div><\/div><\/div><\/div><\/div><\/div><\/section><div class=\"vc_row-full-width vc_clearfix\"><\/div>\n<\/div>","protected":false},"excerpt":{"rendered":"<p>O Creme de Lodo de Caracol actua como um creme regenerador e hidratante gra\u00e7as aos seus componentes (Aloe Vera, Elicina, Azeite) que conferem \u00e0 pele elasticidade e firmeza. \u00c9 por isso que este creme \u00e9 perfeito para lutar contra os sinais de envelhecimento.<\/p>\n","protected":false},"featured_media":100054,"template":"","meta":{"content-type":"","_joinchat":[]},"product_cat":[141],"product_tag":[162],"class_list":{"0":"post-103264","1":"product","2":"type-product","3":"status-publish","4":"has-post-thumbnail","6":"product_cat-cuidado","7":"product_tag-babosa","9":"first","10":"instock","11":"sale","12":"taxable","13":"shipping-taxable","14":"purchasable","15":"product-type-simple"},"_links":{"self":[{"href":"https:\/\/bienestarybellezamarket.com\/pt-pt\/wp-json\/wp\/v2\/product\/103264","targetHints":{"allow":["GET"]}}],"collection":[{"href":"https:\/\/bienestarybellezamarket.com\/pt-pt\/wp-json\/wp\/v2\/product"}],"about":[{"href":"https:\/\/bienestarybellezamarket.com\/pt-pt\/wp-json\/wp\/v2\/types\/product"}],"wp:featuredmedia":[{"embeddable":true,"href":"https:\/\/bienestarybellezamarket.com\/pt-pt\/wp-json\/wp\/v2\/media\/100054"}],"wp:attachment":[{"href":"https:\/\/bienestarybellezamarket.com\/pt-pt\/wp-json\/wp\/v2\/media?parent=103264"}],"wp:term":[{"taxonomy":"product_cat","embeddable":true,"href":"https:\/\/bienestarybellezamarket.com\/pt-pt\/wp-json\/wp\/v2\/product_cat?post=103264"},{"taxonomy":"product_tag","embeddable":true,"href":"https:\/\/bienestarybellezamarket.com\/pt-pt\/wp-json\/wp\/v2\/product_tag?post=103264"}],"curies":[{"name":"wp","href":"https:\/\/api.w.org\/{rel}","templated":true}]}}