{"id":103276,"date":"2020-10-16T13:53:33","date_gmt":"2020-10-16T13:53:33","guid":{"rendered":"https:\/\/bienestarybellezamarket.com\/producto\/smart-purificador-aire-luz-ultravioleta\/"},"modified":"2021-05-26T10:03:10","modified_gmt":"2021-05-26T08:03:10","slug":"purificador-de-ar-com-luz-ultravioleta","status":"publish","type":"product","link":"https:\/\/bienestarybellezamarket.com\/pt-pt\/produto\/purificador-de-ar-com-luz-ultravioleta\/","title":{"rendered":"Purificador de ar com luz ultravioleta"},"content":{"rendered":"<div class=\"wpb-content-wrapper\"><section class=\"vc_row wpb_row vc_row-fluid\"><div class=\"wpb_column vc_column_container col-xs-mobile-fullwidth vc_col-sm-12\"><div class=\"vc_column-inner\"><div class=\"wpb_wrapper\"><div class=\"text-block-content hongo-text-block-1 last-paragraph-no-margin\"><h4><strong>Purificador de ar com luz ultravioleta<\/strong><\/h4>\n<p><span style=\"font-weight: 400;\">O funcionamento deste tipo de dispositivo com UV, \u00e9 limpar o ar no ambiente, absorvendo o ar de um lado do dispositivo, e libertar o mesmo ar purificado e limpo de todos os tipos de bact\u00e9rias maliciosas, a fim de evitar a propaga\u00e7\u00e3o e propaga\u00e7\u00e3o de doen\u00e7as pelo ar.<br \/>\n<\/span><span style=\"font-weight: 400;\">Reduz o p\u00f3 no ambiente, o que pode ser muito ben\u00e9fico para as pessoas com alergias ou asma porque, tendo o ar livre de p\u00f3 e p\u00f3len, melhoram a sua respira\u00e7\u00e3o.<br \/>\n<\/span><span style=\"font-weight: 400;\">O purificador de ar inteligente com luz ultravioleta \u00e9 eficaz a 99,9%.<\/span><\/p>\n<\/div><\/div><\/div><\/div><\/section>\n<\/div>","protected":false},"excerpt":{"rendered":"<p><span style=\"font-weight: 400;\">O nosso purificador de ar inteligente com luz ultravioleta, limpa o ar de todos os tipos de part\u00edculas que podem tornar-se maliciosas como podem ser, p\u00f3, bact\u00e9rias, germes, p\u00f3len &#8230; podem gerar na pessoa problemas pulmonares, vias respirat\u00f3rias e alergias.<\/span><\/p>\n<p><strong>SE ESTIVER INTERESSADO EM COMPRAR ESTE PRODUTO, INTRODUZA OS SEUS DADOS E N\u00d3S INFORM\u00c1-LO-EMOS DE FORMA PERSONALIZADA.<\/strong><\/p>\n[wpforms id=\"100558\" title=\"false\" description=\"false\"]\n","protected":false},"featured_media":100110,"template":"","meta":{"content-type":"","_joinchat":[]},"product_cat":[143],"product_tag":[165,213,217,221,239],"class_list":{"0":"post-103276","1":"product","2":"type-product","3":"status-publish","4":"has-post-thumbnail","6":"product_cat-casa","7":"product_tag-bem-estar","8":"product_tag-cuidados-domesticos","9":"product_tag-eliminacao-de-virus","10":"product_tag-lar","11":"product_tag-tecnologia-pt-pt","13":"first","14":"instock","15":"taxable","16":"shipping-taxable","17":"product-type-simple","18":"hongo-alternate-image-wrap"},"_links":{"self":[{"href":"https:\/\/bienestarybellezamarket.com\/pt-pt\/wp-json\/wp\/v2\/product\/103276","targetHints":{"allow":["GET"]}}],"collection":[{"href":"https:\/\/bienestarybellezamarket.com\/pt-pt\/wp-json\/wp\/v2\/product"}],"about":[{"href":"https:\/\/bienestarybellezamarket.com\/pt-pt\/wp-json\/wp\/v2\/types\/product"}],"wp:featuredmedia":[{"embeddable":true,"href":"https:\/\/bienestarybellezamarket.com\/pt-pt\/wp-json\/wp\/v2\/media\/100110"}],"wp:attachment":[{"href":"https:\/\/bienestarybellezamarket.com\/pt-pt\/wp-json\/wp\/v2\/media?parent=103276"}],"wp:term":[{"taxonomy":"product_cat","embeddable":true,"href":"https:\/\/bienestarybellezamarket.com\/pt-pt\/wp-json\/wp\/v2\/product_cat?post=103276"},{"taxonomy":"product_tag","embeddable":true,"href":"https:\/\/bienestarybellezamarket.com\/pt-pt\/wp-json\/wp\/v2\/product_tag?post=103276"}],"curies":[{"name":"wp","href":"https:\/\/api.w.org\/{rel}","templated":true}]}}