{"id":103404,"date":"2020-10-26T14:42:56","date_gmt":"2020-10-26T14:42:56","guid":{"rendered":"https:\/\/bienestarybellezamarket.com\/producto\/antibacterial-aria-clean-aloe-vera\/"},"modified":"2024-08-09T21:49:31","modified_gmt":"2024-08-09T20:49:31","slug":"aria-antibacteriana-limpa-com-aloe-vera","status":"publish","type":"product","link":"https:\/\/bienestarybellezamarket.com\/pt-pt\/produto\/aria-antibacteriana-limpa-com-aloe-vera\/","title":{"rendered":"Aria Antibacteriana Limpa com Alo\u00e9 Vera"},"content":{"rendered":"<div class=\"wpb-content-wrapper\"><section class=\"vc_row wpb_row vc_row-fluid\"><div class=\"wpb_column vc_column_container col-xs-mobile-fullwidth vc_col-sm-12\"><div class=\"vc_column-inner\"><div class=\"wpb_wrapper\"><div class=\"text-block-content hongo-text-block-1 last-paragraph-no-margin\"><h4>Aria Antibacteriana Limpa com Alo\u00e9 Vera &#8211; Elimina Bact\u00e9rias<\/h4>\n<p><span style=\"font-weight: 400;\">Aria Clean \u00e9 composto por ingredientes naturais, tais como Aloe Vera e Azeite, e tem uma ac\u00e7\u00e3o anti-s\u00e9ptica mais eficaz, eliminando impurezas do ar e ajudando a desinfectar.<\/span><\/p>\n<p><span style=\"font-weight: 400;\">Mant\u00e9m o ambiente e o jardim limpos, refrescando e regenerando o ar. Com a utiliza\u00e7\u00e3o do antibacteriano Aria Clean, evitam-se produtos qu\u00edmicos nocivos para o ambiente.<\/span><\/p>\n<\/div><\/div><\/div><\/div><\/section>\n<\/div>","protected":false},"excerpt":{"rendered":"<p>A \u00c1ria Antibacteriana Limpa com Alo\u00e9 Vera elimina os maus cheiros e bact\u00e9rias no ambiente.<\/p>\n","protected":false},"featured_media":100016,"template":"","meta":{"content-type":"","_joinchat":[]},"product_cat":[143],"product_tag":[161,163,162,165,213,221,229],"class_list":{"0":"post-103404","1":"product","2":"type-product","3":"status-publish","4":"has-post-thumbnail","6":"product_cat-casa","7":"product_tag-antibacteriano","8":"product_tag-azeite-de-oliva","9":"product_tag-babosa","10":"product_tag-bem-estar","11":"product_tag-cuidados-domesticos","12":"product_tag-lar","13":"product_tag-organico-pt-pt","15":"first","16":"instock","17":"taxable","18":"shipping-taxable","19":"purchasable","20":"product-type-simple"},"_links":{"self":[{"href":"https:\/\/bienestarybellezamarket.com\/pt-pt\/wp-json\/wp\/v2\/product\/103404","targetHints":{"allow":["GET"]}}],"collection":[{"href":"https:\/\/bienestarybellezamarket.com\/pt-pt\/wp-json\/wp\/v2\/product"}],"about":[{"href":"https:\/\/bienestarybellezamarket.com\/pt-pt\/wp-json\/wp\/v2\/types\/product"}],"wp:featuredmedia":[{"embeddable":true,"href":"https:\/\/bienestarybellezamarket.com\/pt-pt\/wp-json\/wp\/v2\/media\/100016"}],"wp:attachment":[{"href":"https:\/\/bienestarybellezamarket.com\/pt-pt\/wp-json\/wp\/v2\/media?parent=103404"}],"wp:term":[{"taxonomy":"product_cat","embeddable":true,"href":"https:\/\/bienestarybellezamarket.com\/pt-pt\/wp-json\/wp\/v2\/product_cat?post=103404"},{"taxonomy":"product_tag","embeddable":true,"href":"https:\/\/bienestarybellezamarket.com\/pt-pt\/wp-json\/wp\/v2\/product_tag?post=103404"}],"curies":[{"name":"wp","href":"https:\/\/api.w.org\/{rel}","templated":true}]}}