{"id":103406,"date":"2020-10-26T16:51:08","date_gmt":"2020-10-26T16:51:08","guid":{"rendered":"https:\/\/bienestarybellezamarket.com\/producto\/colchon-premium-descanso-unico-zeus\/"},"modified":"2021-05-26T12:14:21","modified_gmt":"2021-05-26T10:14:21","slug":"colchon-premium-descanso-unico-zeus","status":"publish","type":"product","link":"https:\/\/bienestarybellezamarket.com\/pt-pt\/produto\/colchon-premium-descanso-unico-zeus\/","title":{"rendered":"Colch\u00e3o Premium Descanso \u00danico Zeus"},"content":{"rendered":"<div class=\"wpb-content-wrapper\"><section data-vc-full-width=\"true\" data-vc-full-width-init=\"false\" class=\"vc_row wpb_row vc_row-fluid  vc_custom_1616173395336   position-relative vc_row-has-fill hongo-stretch-content hongo-stretch-row-container vc_row-o-content-top vc_row-flex\"><div class=\"wpb_column vc_column_container vc_col-has-fill col-xs-mobile-fullwidth vc_col-sm-10 vc_col-sm-offset-1\"><div class=\"vc_column-inner bg-position-center-bottom vc_custom_1616005384045\"><div class=\"wpb_wrapper\"><div class=\"text-block-content hongo-text-block-1 last-paragraph-no-margin\"><h1 style=\"text-align: center; font-size: 4.2em; line-height: 1.3em;\"><strong><span style=\"color: #ffffff;\">ZEUS<\/span><\/strong><\/h1>\n<h2 style=\"text-align: center; font-size: 2.5em; line-height: 1em; text-transform: uppercase;\"><strong><span style=\"color: #ffffff;\">O colch\u00e3o viscoel\u00e1stico,<br \/>\ngrafeno e termo-regulador<\/span><\/strong><\/h2>\n<\/div>[vc_empty_space height=&#8221;150px&#8221;]<\/div><\/div><\/div><\/section><div class=\"vc_row-full-width vc_clearfix\"><\/div><section class=\"vc_row wpb_row vc_row-fluid  vc_custom_1616172246463    hongo_responsive_1616172246466\"><div class=\"wpb_column vc_column_container col-xs-mobile-fullwidth vc_col-sm-12\"><div class=\"vc_column-inner\"><div class=\"wpb_wrapper\"><div class=\"vc_row wpb_row vc_inner vc_row-fluid\"><div class=\"wpb_column vc_column_container col-xs-mobile-fullwidth vc_col-sm-10 vc_col-sm-offset-1\"><div class=\"vc_column-inner\"><div class=\"wpb_wrapper\"><div class=\"wpb_single_image vc_align_center\">\n\t\t\t<figure class=\"wpb_wrapper vc_figure\">\n\t\t\t\t<div class=\"vc_single_image-wrapper  \"><img loading=\"lazy\" decoding=\"async\" width=\"767\" height=\"422\" src=\"https:\/\/bienestarybellezamarket.com\/wp-content\/uploads\/2021\/03\/bienestar-y-belleza-market-zeus-00010.png\" class=\"vc_single_image-img attachment-full\" alt=\"Colch\u00f3n Viscoel\u00e1stico Zeus\" title=\"bienestar-y-belleza-market-zeus-00010\" srcset=\"https:\/\/bienestarybellezamarket.com\/wp-content\/uploads\/2021\/03\/bienestar-y-belleza-market-zeus-00010.png 767w, https:\/\/bienestarybellezamarket.com\/wp-content\/uploads\/2021\/03\/bienestar-y-belleza-market-zeus-00010-300x165.png 300w, https:\/\/bienestarybellezamarket.com\/wp-content\/uploads\/2021\/03\/bienestar-y-belleza-market-zeus-00010-84x46.png 84w, https:\/\/bienestarybellezamarket.com\/wp-content\/uploads\/2021\/03\/bienestar-y-belleza-market-zeus-00010-200x110.png 200w, https:\/\/bienestarybellezamarket.com\/wp-content\/uploads\/2021\/03\/bienestar-y-belleza-market-zeus-00010-450x248.png 450w, https:\/\/bienestarybellezamarket.com\/wp-content\/uploads\/2021\/03\/bienestar-y-belleza-market-zeus-00010-360x198.png 360w\" sizes=\"auto, (max-width: 767px) 100vw, 767px\" \/><\/div>\n\t\t\t<\/figure>\n\t\t\t\n\t\t<\/div><\/div><\/div><\/div><\/div>[vc_empty_space height=&#8221;70px&#8221;]<div class=\"vc_row wpb_row vc_inner vc_row-fluid   vc_row-o-content-top vc_row-flex\"><div class=\"wpb_column vc_column_container col-xs-mobile-fullwidth vc_col-sm-4 text-center md-text-center sm-text-center xs-text-center\"><div class=\"vc_column-inner\"><div class=\"wpb_wrapper\"><div class=\"wpb_single_image vc_align_center\">\n\t\t\t<figure class=\"wpb_wrapper vc_figure\">\n\t\t\t\t<div class=\"vc_single_image-wrapper  \"><img decoding=\"async\" class=\"vc_single_image-img \" src=\"https:\/\/bienestarybellezamarket.com\/wp-content\/uploads\/2021\/03\/bienestar-y-belleza-market-zeus-00008-253x259.png\" width=\"253\" height=\"259\" alt=\"Tejido Termoregulador\" title=\"bienestar-y-belleza-market-zeus-00008\" loading=\"lazy\" \/><\/div>\n\t\t\t<\/figure>\n\t\t\t\n\t\t<\/div>[vc_empty_space]<div class=\"text-block-content hongo-text-block-2 last-paragraph-no-margin\"><h2 style=\"text-align: center;\">Tecido Termo-regulador<\/h2>\n<p style=\"text-align: center;\">O colch\u00e3o ir\u00e1 adaptar a temperatura perfeita para o seu corpo<\/p>\n<\/div><\/div><\/div><\/div><div class=\"wpb_column vc_column_container col-xs-mobile-fullwidth vc_col-sm-4 text-center md-text-center sm-text-center xs-text-center\"><div class=\"vc_column-inner\"><div class=\"wpb_wrapper\"><div class=\"wpb_single_image vc_align_center\">\n\t\t\t<figure class=\"wpb_wrapper vc_figure\">\n\t\t\t\t<div class=\"vc_single_image-wrapper  \"><img decoding=\"async\" class=\"vc_single_image-img \" src=\"https:\/\/bienestarybellezamarket.com\/wp-content\/uploads\/2021\/03\/bienestar-y-belleza-market-zeus-00007-253x259.png\" width=\"253\" height=\"259\" alt=\"Colch\u00f3n Viscoel\u00e1stico\" title=\"bienestar-y-belleza-market-zeus-00007\" loading=\"lazy\" \/><\/div>\n\t\t\t<\/figure>\n\t\t\t\n\t\t<\/div>[vc_empty_space]<div class=\"text-block-content hongo-text-block-3 last-paragraph-no-margin\"><h2 style=\"text-align: center;\">Viscoelastic<\/h2>\n<p style=\"text-align: center;\">Viscoel\u00e1stico de Alta Densidade, o colch\u00e3o adaptar-se-\u00e1 \u00e0 forma do seu corpo<\/p>\n<\/div><\/div><\/div><\/div><div class=\"wpb_column vc_column_container col-xs-mobile-fullwidth vc_col-sm-4 text-center md-text-center sm-text-center xs-text-center\"><div class=\"vc_column-inner\"><div class=\"wpb_wrapper\"><div class=\"wpb_single_image vc_align_center\">\n\t\t\t<figure class=\"wpb_wrapper vc_figure\">\n\t\t\t\t<div class=\"vc_single_image-wrapper  \"><img decoding=\"async\" class=\"vc_single_image-img \" src=\"https:\/\/bienestarybellezamarket.com\/wp-content\/uploads\/2021\/03\/bienestar-y-belleza-market-zeus-00009-253x259.png\" width=\"253\" height=\"259\" alt=\"Grafeno Zeus\" title=\"bienestar-y-belleza-market-zeus-00009\" loading=\"lazy\" \/><\/div>\n\t\t\t<\/figure>\n\t\t\t\n\t\t<\/div>[vc_empty_space]<div class=\"text-block-content hongo-text-block-4 last-paragraph-no-margin\"><h2 style=\"text-align: center;\">Graphene<\/h2>\n<p style=\"text-align: center;\">Uni\u00e3o das \u00faltimas inova\u00e7\u00f5es com os tradicionais para alcan\u00e7ar o Descanso \u00danico<\/p>\n<\/div><\/div><\/div><\/div><\/div>[vc_empty_space height=&#8221;70px&#8221;]<\/div><\/div><\/div><\/section><section data-vc-full-width=\"true\" data-vc-full-width-init=\"false\" class=\"vc_row wpb_row vc_row-fluid  vc_custom_1616063338475   position-relative vc_row-has-fill hongo-stretch-content hongo-stretch-row-container vc_row-o-content-top vc_row-flex\"><div class=\"wpb_column vc_column_container vc_col-has-fill col-xs-mobile-fullwidth vc_col-sm-10 vc_col-sm-offset-1\"><div class=\"vc_column-inner bg-position-center-top vc_custom_1616065053306\"><div class=\"wpb_wrapper\">[vc_empty_space height=&#8221;70px&#8221; el_class=&#8221;vc_hidden-sm vc_hidden-xs&#8221;]<div class=\"vc_row wpb_row vc_inner vc_row-fluid\"><div class=\"wpb_column vc_column_container col-xs-mobile-fullwidth vc_col-sm-10 vc_col-lg-offset-2 vc_col-lg-8 vc_col-sm-offset-1\"><div class=\"vc_column-inner\"><div class=\"wpb_wrapper\">[vc_empty_space height=&#8221;80px&#8221;]<div class=\"wpb_single_image vc_align_center\">\n\t\t\t<figure class=\"wpb_wrapper vc_figure\">\n\t\t\t\t<div class=\"vc_single_image-wrapper  \"><img loading=\"lazy\" decoding=\"async\" width=\"1562\" height=\"708\" src=\"https:\/\/bienestarybellezamarket.com\/wp-content\/uploads\/2021\/03\/bienestar-y-belleza-market-zeus-00001.png\" class=\"vc_single_image-img attachment-full\" alt=\"Colch\u00f3n \" title=\"bienestar-y-belleza-market-zeus-00001\" srcset=\"https:\/\/bienestarybellezamarket.com\/wp-content\/uploads\/2021\/03\/bienestar-y-belleza-market-zeus-00001.png 1562w, https:\/\/bienestarybellezamarket.com\/wp-content\/uploads\/2021\/03\/bienestar-y-belleza-market-zeus-00001-300x136.png 300w, https:\/\/bienestarybellezamarket.com\/wp-content\/uploads\/2021\/03\/bienestar-y-belleza-market-zeus-00001-1024x464.png 1024w, https:\/\/bienestarybellezamarket.com\/wp-content\/uploads\/2021\/03\/bienestar-y-belleza-market-zeus-00001-768x348.png 768w, https:\/\/bienestarybellezamarket.com\/wp-content\/uploads\/2021\/03\/bienestar-y-belleza-market-zeus-00001-1536x696.png 1536w, https:\/\/bienestarybellezamarket.com\/wp-content\/uploads\/2021\/03\/bienestar-y-belleza-market-zeus-00001-84x38.png 84w, https:\/\/bienestarybellezamarket.com\/wp-content\/uploads\/2021\/03\/bienestar-y-belleza-market-zeus-00001-200x91.png 200w, https:\/\/bienestarybellezamarket.com\/wp-content\/uploads\/2021\/03\/bienestar-y-belleza-market-zeus-00001-450x204.png 450w, https:\/\/bienestarybellezamarket.com\/wp-content\/uploads\/2021\/03\/bienestar-y-belleza-market-zeus-00001-1200x544.png 1200w, https:\/\/bienestarybellezamarket.com\/wp-content\/uploads\/2021\/03\/bienestar-y-belleza-market-zeus-00001-360x163.png 360w, https:\/\/bienestarybellezamarket.com\/wp-content\/uploads\/2021\/03\/bienestar-y-belleza-market-zeus-00001-800x363.png 800w\" sizes=\"auto, (max-width: 1562px) 100vw, 1562px\" \/><\/div>\n\t\t\t<\/figure>\n\t\t\t\n\t\t<\/div>[vc_empty_space height=&#8221;80px&#8221;]<\/div><\/div><\/div><\/div><div class=\"vc_row wpb_row vc_inner vc_row-fluid\"><div class=\"wpb_column vc_column_container col-xs-mobile-fullwidth vc_col-sm-12 vc_col-lg-offset-1 vc_col-lg-10\"><div class=\"vc_column-inner\"><div class=\"wpb_wrapper\"><div class=\"text-block-content hongo-text-block-5 last-paragraph-no-margin\"><h2 style=\"font-size: 40px; font-weight: 500; line-height: 34px; text-align: center;\"><span style=\"color: #010839;\">O Colch\u00e3o Viscoel\u00e1stico, Grafeno e Termo-Regulador ZEUS Premium<\/span><\/h2>\n<p style=\"text-align: center; font-size: 16px;\">Desfrute do resto, o colch\u00e3o de alta qualidade Viscoelastic Thermo-Regulator Zeus Premium, oferece-lhe o melhor descanso, utilizando os melhores materiais para um descanso tranquilo. O colch\u00e3o Zeus pensa sempre em si, adaptando-se \u00e0 forma do seu corpo para lhe oferecer um descanso mais profundo e agrad\u00e1vel.<\/p>\n<\/div><\/div><\/div><\/div><\/div><div class=\"vc_row wpb_row vc_inner vc_row-fluid\"><div class=\"wpb_column vc_column_container col-xs-mobile-fullwidth vc_col-sm-12 text-center md-text-center sm-text-center xs-text-center\"><div class=\"vc_column-inner\"><div class=\"wpb_wrapper\">[vc_empty_space]<div class=\"wpb_single_image vc_align_center\">\n\t\t\t<figure class=\"wpb_wrapper vc_figure\">\n\t\t\t\t<div class=\"vc_single_image-wrapper  \"><img loading=\"lazy\" decoding=\"async\" width=\"1080\" height=\"174\" src=\"https:\/\/bienestarybellezamarket.com\/wp-content\/uploads\/2021\/03\/bienestar-y-belleza-market-zeus-00011.jpg\" class=\"vc_single_image-img attachment-full\" alt=\"S\u00edmbolos Colch\u00f3n Zeus\" title=\"bienestar-y-belleza-market-zeus-00011\" srcset=\"https:\/\/bienestarybellezamarket.com\/wp-content\/uploads\/2021\/03\/bienestar-y-belleza-market-zeus-00011.jpg 1080w, https:\/\/bienestarybellezamarket.com\/wp-content\/uploads\/2021\/03\/bienestar-y-belleza-market-zeus-00011-300x48.jpg 300w, https:\/\/bienestarybellezamarket.com\/wp-content\/uploads\/2021\/03\/bienestar-y-belleza-market-zeus-00011-1024x165.jpg 1024w, https:\/\/bienestarybellezamarket.com\/wp-content\/uploads\/2021\/03\/bienestar-y-belleza-market-zeus-00011-768x124.jpg 768w, https:\/\/bienestarybellezamarket.com\/wp-content\/uploads\/2021\/03\/bienestar-y-belleza-market-zeus-00011-84x14.jpg 84w, https:\/\/bienestarybellezamarket.com\/wp-content\/uploads\/2021\/03\/bienestar-y-belleza-market-zeus-00011-200x32.jpg 200w, https:\/\/bienestarybellezamarket.com\/wp-content\/uploads\/2021\/03\/bienestar-y-belleza-market-zeus-00011-450x73.jpg 450w, https:\/\/bienestarybellezamarket.com\/wp-content\/uploads\/2021\/03\/bienestar-y-belleza-market-zeus-00011-360x58.jpg 360w, https:\/\/bienestarybellezamarket.com\/wp-content\/uploads\/2021\/03\/bienestar-y-belleza-market-zeus-00011-800x129.jpg 800w\" sizes=\"auto, (max-width: 1080px) 100vw, 1080px\" \/><\/div>\n\t\t\t<\/figure>\n\t\t\t\n\t\t<\/div>[vc_empty_space]<a href=\"#\"  class=\"hongo-button-1 btn btn-dark-gray alt-font btn-large  hongo_button_1618920620946\">COMPRAR AGORA<\/a>[vc_empty_space]<\/div><\/div><\/div><\/div><\/div><\/div><\/div><\/section><div class=\"vc_row-full-width vc_clearfix\"><\/div><section data-vc-full-width=\"true\" data-vc-full-width-init=\"false\" class=\"vc_row wpb_row vc_row-fluid  vc_custom_1616068367147   position-relative bg-position-left-top vc_row-has-fill hongo-stretch-content hongo-stretch-row-container vc_row-o-equal-height vc_row-o-content-top vc_row-flex  hongo_responsive_1616068367152\"><div class=\"wpb_column vc_column_container vc_col-has-fill col-xs-mobile-fullwidth vc_col-sm-6 vc_col-lg-7\"><div class=\"vc_column-inner bg-position-center-top vc_custom_1616068759350  hongo_responsive_1616068759354\"><div class=\"wpb_wrapper\"><div class=\"wpb_single_image vc_align_center vc_hidden-lg vc_hidden-md vc_hidden-sm vc_custom_1616068681919 hongo-full-width-single-image\">\n\t\t\t<figure class=\"wpb_wrapper vc_figure\">\n\t\t\t\t<div class=\"vc_single_image-wrapper  \"><img loading=\"lazy\" decoding=\"async\" width=\"736\" height=\"820\" src=\"https:\/\/bienestarybellezamarket.com\/wp-content\/uploads\/2021\/03\/bienestar-y-belleza-market-zeus-00004.jpg\" class=\"vc_single_image-img attachment-full\" alt=\"Descanso \u00danico con Zeus\" title=\"bienestar-y-belleza-market-zeus-00004\" srcset=\"https:\/\/bienestarybellezamarket.com\/wp-content\/uploads\/2021\/03\/bienestar-y-belleza-market-zeus-00004.jpg 736w, https:\/\/bienestarybellezamarket.com\/wp-content\/uploads\/2021\/03\/bienestar-y-belleza-market-zeus-00004-269x300.jpg 269w, https:\/\/bienestarybellezamarket.com\/wp-content\/uploads\/2021\/03\/bienestar-y-belleza-market-zeus-00004-84x94.jpg 84w, https:\/\/bienestarybellezamarket.com\/wp-content\/uploads\/2021\/03\/bienestar-y-belleza-market-zeus-00004-200x223.jpg 200w, https:\/\/bienestarybellezamarket.com\/wp-content\/uploads\/2021\/03\/bienestar-y-belleza-market-zeus-00004-450x501.jpg 450w, https:\/\/bienestarybellezamarket.com\/wp-content\/uploads\/2021\/03\/bienestar-y-belleza-market-zeus-00004-709x790.jpg 709w, https:\/\/bienestarybellezamarket.com\/wp-content\/uploads\/2021\/03\/bienestar-y-belleza-market-zeus-00004-360x401.jpg 360w\" sizes=\"auto, (max-width: 736px) 100vw, 736px\" \/><\/div>\n\t\t\t<\/figure>\n\t\t\t\n\t\t<\/div><\/div><\/div><\/div><div class=\"wpb_column vc_column_container col-xs-mobile-fullwidth vc_col-sm-6 vc_col-lg-4 text-left md-text-left sm-text-left xs-text-left\"><div class=\"vc_column-inner\"><div class=\"wpb_wrapper\">[vc_empty_space height=&#8221;80px&#8221;]<div class=\"text-block-content hongo-text-block-6 last-paragraph-no-margin\"><h2 style=\"font-size: 40px; font-weight: 500; line-height: 39px;\"><span style=\"color: #010839;\">Quais s\u00e3o os benef\u00edcios do Sistema Termo-Regulador?<\/span><\/h2>\n<p>O Zeus \u00e9 feito com tecido termo-regulador, o colch\u00e3o consegue dissipar o calor gerado pelo nosso corpo quando em contacto com o viscoel\u00e1stico. Desta forma obteremos uma temperatura homog\u00e9nea, ideal e constante, fazendo do ZEUS um colch\u00e3o perfeito para qualquer temperatura ou esta\u00e7\u00e3o do ano.<\/p>\n<p>O colch\u00e3o ir\u00e1 adaptar-se \u00e0 temperatura mais adequada para evitar aumentos de temperatura, oferecendo um equil\u00edbrio na temperatura durante o tempo de descanso.<\/p>\n<\/div>[vc_empty_space]<a href=\"#\"  class=\"hongo-button-2 btn btn-dark-gray alt-font btn-large  hongo_button_1618920689547\">SELECCIONE O SEU TAMANHO<\/a>[vc_empty_space height=&#8221;80px&#8221;]<\/div><\/div><\/div><\/section><div class=\"vc_row-full-width vc_clearfix\"><\/div><section data-vc-full-width=\"true\" data-vc-full-width-init=\"false\" class=\"vc_row wpb_row vc_row-fluid  vc_custom_1616066798447   position-relative bg-position-left-top vc_row-has-fill hongo-stretch-content hongo-stretch-row-container vc_row-o-content-middle vc_row-flex\"><div class=\"wpb_column vc_column_container col-xs-mobile-fullwidth vc_col-sm-10 vc_col-sm-offset-1\"><div class=\"vc_column-inner\"><div class=\"wpb_wrapper\"><div class=\"vc_row wpb_row vc_inner vc_row-fluid\"><div class=\"wpb_column vc_column_container col-xs-mobile-fullwidth vc_col-sm-10 vc_col-sm-offset-1\"><div class=\"vc_column-inner\"><div class=\"wpb_wrapper\">[vc_empty_space height=&#8221;80px&#8221;]<div class=\"text-block-content hongo-text-block-7 last-paragraph-no-margin\"><h2 style=\"font-size: 40px; font-weight: 500; line-height: 39px; text-align: center;\"><span style=\"color: #010839;\">VISCOEL\u00c1STICO E GRAFENO<\/span><\/h2>\n<p style=\"text-align: center;\">Fa\u00e7a com que o colch\u00e3o se molde \u00e0 forma do seu corpo, ir\u00e1 sentir como o colch\u00e3o ZEUS o envolve e se adapta perfeitamente ao seu corpo.<\/p>\n<p style=\"text-align: center;\">Gra\u00e7as aos seus 6 cm de viscoel\u00e1stico em duas camadas, obt\u00e9m-se a melhor pegada do mercado. Com as suas duas camas e as suas 5 zonas espec\u00edficas independentes, o colch\u00e3o auto-gere os pesos para reduzir ou eliminar os pontos de press\u00e3o de modo a que todo o nosso peso n\u00e3o caia em pontos espec\u00edficos do nosso corpo, mas seja distribu\u00eddo uniformemente por toda a superf\u00edcie do nosso corpo e do colch\u00e3o, obtendo assim um melhor descanso e uma maior recupera\u00e7\u00e3o dos nossos m\u00fasculos e articula\u00e7\u00f5es, proporcionando um descanso di\u00e1rio \u00fanico que todos n\u00f3s procuramos, mas que a maioria dos colch\u00f5es n\u00e3o pode agradar com o actual n\u00edvel de stress e esfor\u00e7o f\u00edsico di\u00e1rio. Gra\u00e7as \u00e0s suas camas independentes, n\u00e3o perturbamos nem interrompemos o sono dos nossos companheiros, pois os nossos movimentos durante a noite n\u00e3o ser\u00e3o transmitidos para a outra cama do colch\u00e3o.<\/p>\n<p style=\"text-align: center;\">Os colch\u00f5es viscoel\u00e1sticos s\u00e3o os melhores para evitar dores nas costas, isto porque os colch\u00f5es viscoel\u00e1sticos eliminam os pontos de press\u00e3o que o levam a acordar sem dores musculares ou articulares.<\/p>\n<\/div>[vc_empty_space height=&#8221;80px&#8221;]<\/div><\/div><\/div><\/div><div class=\"vc_row wpb_row vc_inner vc_row-fluid   vc_row-o-equal-height vc_row-o-content-middle vc_row-flex\"><div class=\"wpb_column vc_column_container vc_col-has-fill col-xs-mobile-fullwidth vc_col-sm-5 vc_hidden-xs\"><div class=\"vc_column-inner bg-position-center-top vc_custom_1616068891306\"><div class=\"wpb_wrapper\"><\/div><\/div><\/div><div class=\"wpb_column vc_column_container col-xs-mobile-fullwidth vc_col-sm-7 text-left md-text-left sm-text-left xs-text-left\"><div class=\"vc_column-inner\"><div class=\"wpb_wrapper\">[vc_empty_space]<div class=\"text-block-content hongo-text-block-8 last-paragraph-no-margin\"><h2 style=\"font-size: 40px; font-weight: 500; line-height: 39px;\"><span style=\"color: #010839;\">O que \u00e9 o Descanso \u00danico?<\/span><\/h2>\n<\/div><div class=\"wpb_single_image vc_align_center vc_hidden-lg vc_hidden-md vc_hidden-sm vc_custom_1616068848133\">\n\t\t\t<figure class=\"wpb_wrapper vc_figure\">\n\t\t\t\t<div class=\"vc_single_image-wrapper  \"><img loading=\"lazy\" decoding=\"async\" width=\"443\" height=\"443\" src=\"https:\/\/bienestarybellezamarket.com\/wp-content\/uploads\/2021\/03\/bienestar-y-belleza-market-zeus-00005.png\" class=\"vc_single_image-img attachment-full\" alt=\"Tacto del Colch\u00f3n ZEUS \" title=\"bienestar-y-belleza-market-zeus-00005\" srcset=\"https:\/\/bienestarybellezamarket.com\/wp-content\/uploads\/2021\/03\/bienestar-y-belleza-market-zeus-00005.png 443w, https:\/\/bienestarybellezamarket.com\/wp-content\/uploads\/2021\/03\/bienestar-y-belleza-market-zeus-00005-300x300.png 300w, https:\/\/bienestarybellezamarket.com\/wp-content\/uploads\/2021\/03\/bienestar-y-belleza-market-zeus-00005-150x150.png 150w, https:\/\/bienestarybellezamarket.com\/wp-content\/uploads\/2021\/03\/bienestar-y-belleza-market-zeus-00005-64x64.png 64w, https:\/\/bienestarybellezamarket.com\/wp-content\/uploads\/2021\/03\/bienestar-y-belleza-market-zeus-00005-84x84.png 84w, https:\/\/bienestarybellezamarket.com\/wp-content\/uploads\/2021\/03\/bienestar-y-belleza-market-zeus-00005-200x200.png 200w, https:\/\/bienestarybellezamarket.com\/wp-content\/uploads\/2021\/03\/bienestar-y-belleza-market-zeus-00005-360x360.png 360w, https:\/\/bienestarybellezamarket.com\/wp-content\/uploads\/2021\/03\/bienestar-y-belleza-market-zeus-00005-100x100.png 100w\" sizes=\"auto, (max-width: 443px) 100vw, 443px\" \/><\/div>\n\t\t\t<\/figure>\n\t\t\t\n\t\t<\/div>[vc_empty_space el_class=&#8221;vc_hidden-md vc_hidden-lg&#8221;]<div class=\"text-block-content hongo-text-block-9 last-paragraph-no-margin\"><p>A qualidade dos seus componentes, oferece grandes benef\u00edcios no seu descanso, not\u00e1-lo-\u00e1 dia ap\u00f3s dia, ajusta-se \u00e0s suas necessidades mais profundas, reduzindo as dores musculares e a fadiga. Desfrute da sua qualidade e eleg\u00e2ncia.<\/p>\n<p>O descanso \u00e9 essencial para a sa\u00fade, \u00e9 por isso que no Mercado BYB pensamos em si. Pensamos no seu descanso. N\u00e3o vai querer dormir em mais lado nenhum.<\/p>\n<\/div>[vc_empty_space]<\/div><\/div><\/div><\/div>[vc_empty_space height=&#8221;80px&#8221;]<div class=\"vc_row wpb_row vc_inner vc_row-fluid   vc_row-o-equal-height vc_row-o-content-middle vc_row-flex\"><div class=\"wpb_column vc_column_container col-xs-mobile-fullwidth vc_col-sm-7 text-left md-text-left sm-text-left xs-text-left\"><div class=\"vc_column-inner\"><div class=\"wpb_wrapper\">[vc_empty_space]<div class=\"text-block-content hongo-text-block-10 last-paragraph-no-margin\"><h2 style=\"font-size: 40px; font-weight: 500; line-height: 39px;\"><span style=\"color: #010839;\">Vantagens do Graphene para o seu descanso?<\/span><\/h2>\n<\/div><div class=\"wpb_single_image vc_align_center vc_hidden-lg vc_hidden-md vc_hidden-sm vc_custom_1616068867146\">\n\t\t\t<figure class=\"wpb_wrapper vc_figure\">\n\t\t\t\t<div class=\"vc_single_image-wrapper  \"><img loading=\"lazy\" decoding=\"async\" width=\"294\" height=\"293\" src=\"https:\/\/bienestarybellezamarket.com\/wp-content\/uploads\/2021\/03\/bienestar-y-belleza-market-zeus-00012.png\" class=\"vc_single_image-img attachment-full\" alt=\"Grafeno \" title=\"bienestar-y-belleza-market-zeus-00012\" srcset=\"https:\/\/bienestarybellezamarket.com\/wp-content\/uploads\/2021\/03\/bienestar-y-belleza-market-zeus-00012.png 294w, https:\/\/bienestarybellezamarket.com\/wp-content\/uploads\/2021\/03\/bienestar-y-belleza-market-zeus-00012-150x150.png 150w, https:\/\/bienestarybellezamarket.com\/wp-content\/uploads\/2021\/03\/bienestar-y-belleza-market-zeus-00012-64x64.png 64w, https:\/\/bienestarybellezamarket.com\/wp-content\/uploads\/2021\/03\/bienestar-y-belleza-market-zeus-00012-84x84.png 84w, https:\/\/bienestarybellezamarket.com\/wp-content\/uploads\/2021\/03\/bienestar-y-belleza-market-zeus-00012-200x199.png 200w, https:\/\/bienestarybellezamarket.com\/wp-content\/uploads\/2021\/03\/bienestar-y-belleza-market-zeus-00012-100x100.png 100w\" sizes=\"auto, (max-width: 294px) 100vw, 294px\" \/><\/div>\n\t\t\t<\/figure>\n\t\t\t\n\t\t<\/div>[vc_empty_space el_class=&#8221;vc_hidden-md vc_hidden-lg&#8221;]<div class=\"text-block-content hongo-text-block-11 last-paragraph-no-margin\"><p>O grafeno \u00e9 um material que pode conduzir calor e electricidade, a sua capacidade antibacteriana impede o aparecimento de \u00e1caros e outras bact\u00e9rias. Dissipa o calor em \u00e1reas onde o corpo est\u00e1 em contacto com o colch\u00e3o. Isto melhora a qualidade do sono e o conforto.<\/p>\n<p>Deixar o colch\u00e3o regular a sua temperatura e que n\u00e3o passe nem quente nem frio para lhe permitir ter o melhor descanso poss\u00edvel.<\/p>\n<\/div>[vc_empty_space]<\/div><\/div><\/div><div class=\"wpb_column vc_column_container vc_col-has-fill col-xs-mobile-fullwidth vc_col-sm-5 vc_hidden-xs\"><div class=\"vc_column-inner bg-position-center-center vc_custom_1616068881809\"><div class=\"wpb_wrapper\"><\/div><\/div><\/div><\/div>[vc_empty_space height=&#8221;80px&#8221;]<div class=\"vc_row wpb_row vc_inner vc_row-fluid\"><div class=\"wpb_column vc_column_container col-xs-mobile-fullwidth vc_col-sm-12 text-center md-text-center sm-text-center xs-text-center\"><div class=\"vc_column-inner\"><div class=\"wpb_wrapper\"><div class=\"text-block-content hongo-text-block-12 last-paragraph-no-margin\"><h3 style=\"text-align: center;\">Deixe o Colch\u00e3o ZEUS abra\u00e7\u00e1-lo!<\/h3>\n<\/div>[vc_empty_space height=&#8221;20px&#8221;]<a href=\"#\"  class=\"hongo-button-3 btn btn-dark-gray alt-font btn-large  hongo_button_1618920887039\">COMPRAR AGORA<\/a><\/div><\/div><\/div><\/div>[vc_empty_space height=&#8221;80px&#8221;]<\/div><\/div><\/div><\/section><div class=\"vc_row-full-width vc_clearfix\"><\/div>\n<\/div>","protected":false},"excerpt":{"rendered":"<p>Do Mercado Bienestar y Belleza queremos apresentar a maior inova\u00e7\u00e3o em repouso feita em Espanha, com os melhores componentes no mercado para obter um colch\u00e3o \u00fanico.<\/p>\n<p>O colch\u00e3o Premium Viscoelastic Graphene e Thermoregulator ZEUS um colch\u00e3o para obter aquele descanso restaurador que \u00e9 t\u00e3o dif\u00edcil de obter porque tem a melhor sensa\u00e7\u00e3o do mercado e sentir como o colch\u00e3o o abra\u00e7a enquanto descansa e n\u00e3o tem aquelas inc\u00f3modas dores nas costas.<\/p>\n<p>Na descri\u00e7\u00e3o, ver\u00e1 como obter o Descanso \u00danico.<\/p>\n","protected":false},"featured_media":102129,"template":"","meta":{"content-type":"","_joinchat":[]},"product_cat":[143],"product_tag":[159,165,403,404,221,405],"class_list":{"0":"post-103406","1":"product","2":"type-product","3":"status-publish","4":"has-post-thumbnail","6":"product_cat-casa","7":"product_tag-beleza","8":"product_tag-bem-estar","9":"product_tag-colchon-pt-pt","10":"product_tag-descanso-pt-pt","11":"product_tag-lar","12":"product_tag-viscoelastica-pt-pt","14":"first","15":"instock","16":"sale","17":"taxable","18":"shipping-taxable","19":"purchasable","20":"product-type-variable","21":"hongo-alternate-image-wrap"},"_links":{"self":[{"href":"https:\/\/bienestarybellezamarket.com\/pt-pt\/wp-json\/wp\/v2\/product\/103406","targetHints":{"allow":["GET"]}}],"collection":[{"href":"https:\/\/bienestarybellezamarket.com\/pt-pt\/wp-json\/wp\/v2\/product"}],"about":[{"href":"https:\/\/bienestarybellezamarket.com\/pt-pt\/wp-json\/wp\/v2\/types\/product"}],"wp:featuredmedia":[{"embeddable":true,"href":"https:\/\/bienestarybellezamarket.com\/pt-pt\/wp-json\/wp\/v2\/media\/102129"}],"wp:attachment":[{"href":"https:\/\/bienestarybellezamarket.com\/pt-pt\/wp-json\/wp\/v2\/media?parent=103406"}],"wp:term":[{"taxonomy":"product_cat","embeddable":true,"href":"https:\/\/bienestarybellezamarket.com\/pt-pt\/wp-json\/wp\/v2\/product_cat?post=103406"},{"taxonomy":"product_tag","embeddable":true,"href":"https:\/\/bienestarybellezamarket.com\/pt-pt\/wp-json\/wp\/v2\/product_tag?post=103406"}],"curies":[{"name":"wp","href":"https:\/\/api.w.org\/{rel}","templated":true}]}}