{"id":103442,"date":"2020-10-26T17:23:49","date_gmt":"2020-10-26T17:23:49","guid":{"rendered":"https:\/\/bienestarybellezamarket.com\/producto\/generador-de-ozono-vir600\/"},"modified":"2021-05-26T12:23:42","modified_gmt":"2021-05-26T10:23:42","slug":"gerador-de-ozono-vir600","status":"publish","type":"product","link":"https:\/\/bienestarybellezamarket.com\/pt-pt\/produto\/gerador-de-ozono-vir600\/","title":{"rendered":"Gerador de Ozono Vir600"},"content":{"rendered":"<div class=\"wpb-content-wrapper\"><section class=\"vc_row wpb_row vc_row-fluid\"><div class=\"wpb_column vc_column_container col-xs-mobile-fullwidth vc_col-sm-12\"><div class=\"vc_column-inner\"><div class=\"wpb_wrapper\"><div class=\"text-block-content hongo-text-block-1 last-paragraph-no-margin\"><h4>Gerador de Ozono Vir600<\/h4>\n<p>O Gerador de Ozono Vir600 limpa e elimina microrganismos.<\/p>\n<p>Ajuda-o a manter a sua casa limpa, fresca e esterilizada, eliminando todo o tipo de micr\u00f3bios, microorganismos, \u00e1caros, agentes patog\u00e9nicos que podem estar no ar ou na \u00e1gua e que nos podem afectar de forma negativa. Esta m\u00e1quina elimina e mata todos os agentes patog\u00e9nicos que s\u00e3o impercept\u00edveis para n\u00f3s, mas que se encontram no ambiente.<\/p>\n<p>O ozono VIR600 para al\u00e9m de esterilizar o ar e a \u00e1gua, limpa e desinfecta objectos, sejam eles dos mais pequenos ou dos nossos amigos peludos, que podem trazer quaisquer bact\u00e9rias, \u00e1caros ou micr\u00f3bios da rua.<\/p>\n<p>A ozoniza\u00e7\u00e3o da \u00e1gua, assegura a elimina\u00e7\u00e3o de qualquer tipo de contamina\u00e7\u00e3o qu\u00edmica ou macrobi\u00f3tica, e pode ser utilizada para beber, limpar alimentos, ou desinfec\u00e7\u00e3o de superf\u00edcies.<\/p>\n<p>A sua emiss\u00e3o de ozono de 600 Mg\/h e a sua fun\u00e7\u00e3o \u00e9 em ar-\u00e1gua, permitir a elimina\u00e7\u00e3o de maus odores sem o uso de fragr\u00e2ncias ou aeross\u00f3is.<\/p>\n<p>A emiss\u00e3o de ani\u00f5es \u00e9 de 2 milh\u00f5es\/ cm3.<\/p>\n<\/div><\/div><\/div><\/div><\/section>\n<\/div>","protected":false},"excerpt":{"rendered":"<p>O Gerador de Ozono VIR600 \u00e9 utilizado para limpar e eliminar microrganismos encontrados no ar e na \u00e1gua.<\/p>\n","protected":false},"featured_media":100034,"template":"","meta":{"content-type":"","_joinchat":[]},"product_cat":[143],"product_tag":[161,213,217,221,401,239],"class_list":{"0":"post-103442","1":"product","2":"type-product","3":"status-publish","4":"has-post-thumbnail","6":"product_cat-casa","7":"product_tag-antibacteriano","8":"product_tag-cuidados-domesticos","9":"product_tag-eliminacao-de-virus","10":"product_tag-lar","11":"product_tag-ozono-pt-pt","12":"product_tag-tecnologia-pt-pt","14":"first","15":"instock","16":"sale","17":"taxable","18":"shipping-taxable","19":"purchasable","20":"product-type-simple"},"_links":{"self":[{"href":"https:\/\/bienestarybellezamarket.com\/pt-pt\/wp-json\/wp\/v2\/product\/103442","targetHints":{"allow":["GET"]}}],"collection":[{"href":"https:\/\/bienestarybellezamarket.com\/pt-pt\/wp-json\/wp\/v2\/product"}],"about":[{"href":"https:\/\/bienestarybellezamarket.com\/pt-pt\/wp-json\/wp\/v2\/types\/product"}],"wp:featuredmedia":[{"embeddable":true,"href":"https:\/\/bienestarybellezamarket.com\/pt-pt\/wp-json\/wp\/v2\/media\/100034"}],"wp:attachment":[{"href":"https:\/\/bienestarybellezamarket.com\/pt-pt\/wp-json\/wp\/v2\/media?parent=103442"}],"wp:term":[{"taxonomy":"product_cat","embeddable":true,"href":"https:\/\/bienestarybellezamarket.com\/pt-pt\/wp-json\/wp\/v2\/product_cat?post=103442"},{"taxonomy":"product_tag","embeddable":true,"href":"https:\/\/bienestarybellezamarket.com\/pt-pt\/wp-json\/wp\/v2\/product_tag?post=103442"}],"curies":[{"name":"wp","href":"https:\/\/api.w.org\/{rel}","templated":true}]}}