{"id":103448,"date":"2020-10-26T18:09:32","date_gmt":"2020-10-26T18:09:32","guid":{"rendered":"https:\/\/bienestarybellezamarket.com\/producto\/cinta-running-plegable-douro\/"},"modified":"2022-03-12T15:03:21","modified_gmt":"2022-03-12T14:03:21","slug":"passadeira-corrida-dobravel-douro","status":"publish","type":"product","link":"https:\/\/bienestarybellezamarket.com\/pt-pt\/produto\/passadeira-corrida-dobravel-douro\/","title":{"rendered":"Passadeira de Corrida Dobr\u00e1vel Douro"},"content":{"rendered":"<div class=\"wpb-content-wrapper\"><section class=\"vc_row wpb_row vc_row-fluid\"><div class=\"wpb_column vc_column_container col-xs-mobile-fullwidth vc_col-sm-12\"><div class=\"vc_column-inner\"><div class=\"wpb_wrapper\"><div class=\"text-block-content hongo-text-block-1 last-paragraph-no-margin\"><h4>Passadeira de Corrida Dobr\u00e1vel do Douro<\/h4>\n<p>H\u00e1 v\u00e1rios benef\u00edcios de correr ou caminhar para a sa\u00fade, e no Mercado do Bem-Estar e da Beleza conhecemos. \u00c9 por isso que vendemos produtos que melhoram o bem-estar, tais como esta passadeira de corrida dobr\u00e1vel destinada a todas as idades, uma vez que ser\u00e1 voc\u00ea a decidir o ritmo que quer tomar.<\/p>\n<p>Com esta passadeira, pode n\u00e3o s\u00f3 ficar em forma em casa, mas tamb\u00e9m beneficiar das vantagens do exerc\u00edcio di\u00e1rio, tais como prevenir doen\u00e7as, reduzir o stress e\/ou ajudar a fortalecer a sa\u00fade das articula\u00e7\u00f5es. Al\u00e9m disso, o exerc\u00edcio a partir de casa melhora a sua concentra\u00e7\u00e3o e mem\u00f3ria, e d\u00e1-lhe uma sensa\u00e7\u00e3o de seguran\u00e7a e felicidade.<\/p>\n<p>Preocupado com o espa\u00e7o? n\u00e3o precisa de estar. Esta passadeira \u00e9 dobr\u00e1vel e f\u00e1cil de armazenar. Tem rodas e grampos de seguran\u00e7a que o ajudar\u00e3o a desloc\u00e1-lo para o local que deseja na casa sem se magoar. Tudo o que tem de fazer \u00e9 olhar para onde quer coloc\u00e1-lo e desdobr\u00e1-lo, e quando terminar a sua rotina pode coloc\u00e1-lo de volta no lugar que deseja. Tudo de uma forma f\u00e1cil e simples.<\/p>\n<p>Quer se trate de algu\u00e9m que gosta de fazer exerc\u00edcio em alta intensidade, ou de algu\u00e9m que prefere ficar em forma de forma mais silenciosa, esta passadeira \u00e9 ideal. Cont\u00e9m 12 programas de forma\u00e7\u00e3o, onde decide at\u00e9 onde quer ir, al\u00e9m disso, pode criar um programa manual pessoal para si, onde marcar\u00e1 os objectivos que quer alcan\u00e7ar e onde pode observar o seu progresso. Tudo isto da forma mais segura poss\u00edvel, pois cont\u00e9m um sistema magn\u00e9tico de travagem de emerg\u00eancia e um sensor onde se pode observar o seu ritmo card\u00edaco.<\/p>\n<p>Al\u00e9m disso, gra\u00e7as ao seu ecr\u00e3 LCD, poder\u00e1 observar como se est\u00e1 a aproximar dos seus objectivos, ou se, pelo contr\u00e1rio, tem de aumentar o seu ritmo. Isto gra\u00e7as ao facto de no seu ecr\u00e3 poder observar as calorias, a dist\u00e2ncia, a velocidade e o tempo. E se n\u00e3o puder correr sem m\u00fasica, esta passadeira digital \u00e9 compat\u00edvel com MP3 para que possa desfrutar ainda mais do seu treino.<\/p>\n<p>V\u00e1 em frente, calce os seus sapatos de corrida e atinja os seus objectivos!<\/p>\n<\/div><\/div><\/div><\/div><\/section>\n<\/div>","protected":false},"excerpt":{"rendered":"<p><strong>A Passadeira de Corrida Dobr\u00e1vel de alta tecnologia<\/strong> com a qual se pode treinar profissionalmente a partir de casa e com a qual n\u00e3o ser\u00e1 necess\u00e1rio ir ao gin\u00e1sio ou estar ciente da previs\u00e3o do tempo para ir correr ou caminhar.<\/p>\n<p>O melhor de tudo, n\u00e3o ter\u00e1 de se preocupar com o espa\u00e7o, pois \u00e9 dobr\u00e1vel, conveniente e f\u00e1cil de usar. Se pretende ter um gin\u00e1sio em casa ou simplesmente come\u00e7ar ou aumentar a sua rotina de exerc\u00edcio com uma m\u00e1quina de corrida para a sua casa, esta \u00e9 a solu\u00e7\u00e3o.<\/p>\n","protected":false},"featured_media":103346,"template":"","meta":{"content-type":"","_joinchat":[]},"product_cat":[142],"product_tag":[409,219],"class_list":{"0":"post-103448","1":"product","2":"type-product","3":"status-publish","4":"has-post-thumbnail","6":"product_cat-ginastica","7":"product_tag-cinta-de-andar-pt-pt","8":"product_tag-fitness-pt-pt","10":"first","11":"instock","12":"sale","13":"taxable","14":"shipping-taxable","15":"purchasable","16":"product-type-simple","17":"hongo-alternate-image-wrap"},"_links":{"self":[{"href":"https:\/\/bienestarybellezamarket.com\/pt-pt\/wp-json\/wp\/v2\/product\/103448","targetHints":{"allow":["GET"]}}],"collection":[{"href":"https:\/\/bienestarybellezamarket.com\/pt-pt\/wp-json\/wp\/v2\/product"}],"about":[{"href":"https:\/\/bienestarybellezamarket.com\/pt-pt\/wp-json\/wp\/v2\/types\/product"}],"wp:featuredmedia":[{"embeddable":true,"href":"https:\/\/bienestarybellezamarket.com\/pt-pt\/wp-json\/wp\/v2\/media\/103346"}],"wp:attachment":[{"href":"https:\/\/bienestarybellezamarket.com\/pt-pt\/wp-json\/wp\/v2\/media?parent=103448"}],"wp:term":[{"taxonomy":"product_cat","embeddable":true,"href":"https:\/\/bienestarybellezamarket.com\/pt-pt\/wp-json\/wp\/v2\/product_cat?post=103448"},{"taxonomy":"product_tag","embeddable":true,"href":"https:\/\/bienestarybellezamarket.com\/pt-pt\/wp-json\/wp\/v2\/product_tag?post=103448"}],"curies":[{"name":"wp","href":"https:\/\/api.w.org\/{rel}","templated":true}]}}