{"id":103750,"date":"2021-02-01T17:23:01","date_gmt":"2021-02-01T17:23:01","guid":{"rendered":"https:\/\/bienestarybellezamarket.com\/producto\/bicicleta-spinning-kilimanjaro\/"},"modified":"2021-05-26T13:43:06","modified_gmt":"2021-05-26T11:43:06","slug":"bicicleta-giratoria-kilimanjaro","status":"publish","type":"product","link":"https:\/\/bienestarybellezamarket.com\/pt-pt\/produto\/bicicleta-giratoria-kilimanjaro\/","title":{"rendered":"Bicicleta girat\u00f3ria Kilimanjaro"},"content":{"rendered":"<h4>Bicicleta de Alto Rendimento Kilimanjaro<\/h4>\n<p>Se quiser fazer esse exerc\u00edcio intenso e aer\u00f3bico para um treino, esta bicicleta girat\u00f3ria permitir-lhe-\u00e1 continuar a treinar de uma forma mais completa, ajudando a libertar o stress que gera o dia-a-dia, libertando essas toxinas e adrenalina na altura do dia que preferir!<\/p>\n<p>O seu conforto, gra\u00e7as \u00e0 sela e guiador ajust\u00e1veis a cada pessoa, permite-lhe obter aquela posi\u00e7\u00e3o ergon\u00f3mica que tanto ajuda \u00e0 forma\u00e7\u00e3o di\u00e1ria. Os pedais t\u00eam uma biqueira e quatro apoios, garantindo assim uma melhor estabilidade nos momentos mais exigentes do seu treino.<\/p>\n<p>A Bicicleta Girat\u00f3ria cont\u00e9m uma alavanca que lhe permite personalizar a resist\u00eancia de acordo com as necessidades de cada pessoa, desde a manuten\u00e7\u00e3o de uma velocidade de marcha silenciosa at\u00e9 uma velocidade de corrida exigente. No treino gostamos de saber at\u00e9 onde viaj\u00e1mos, calorias, velocidade&#8230; Por isso, esta bicicleta girat\u00f3ria, cont\u00e9m uma pequena consola com ecr\u00e3 t\u00e1ctil LCD que lhe mostra toda esta informa\u00e7\u00e3o no momento em que a quer ver.<\/p>\n","protected":false},"excerpt":{"rendered":"<p>O treino f\u00e1cil e eficaz em casa vem com a bicicleta Kilimanjaro Spinning Bike. Esta nova bicicleta girat\u00f3ria n\u00e3o s\u00f3 o ajuda a manter-se em forma em casa sem sair de casa, mas pode faz\u00ea-lo em qualquer lugar da sua casa, gra\u00e7as \u00e0s pequenas rodas dianteiras que facilitam a desloca\u00e7\u00e3o da bicicleta.<\/p>\n","protected":false},"featured_media":101740,"template":"","meta":{"content-type":"","_joinchat":[]},"product_cat":[142],"product_tag":[408,219],"class_list":{"0":"post-103750","1":"product","2":"type-product","3":"status-publish","4":"has-post-thumbnail","6":"product_cat-ginastica","7":"product_tag-bicicleta-estatica-pt-pt","8":"product_tag-fitness-pt-pt","10":"first","11":"instock","12":"sale","13":"taxable","14":"shipping-taxable","15":"purchasable","16":"product-type-simple","17":"hongo-alternate-image-wrap"},"_links":{"self":[{"href":"https:\/\/bienestarybellezamarket.com\/pt-pt\/wp-json\/wp\/v2\/product\/103750","targetHints":{"allow":["GET"]}}],"collection":[{"href":"https:\/\/bienestarybellezamarket.com\/pt-pt\/wp-json\/wp\/v2\/product"}],"about":[{"href":"https:\/\/bienestarybellezamarket.com\/pt-pt\/wp-json\/wp\/v2\/types\/product"}],"wp:featuredmedia":[{"embeddable":true,"href":"https:\/\/bienestarybellezamarket.com\/pt-pt\/wp-json\/wp\/v2\/media\/101740"}],"wp:attachment":[{"href":"https:\/\/bienestarybellezamarket.com\/pt-pt\/wp-json\/wp\/v2\/media?parent=103750"}],"wp:term":[{"taxonomy":"product_cat","embeddable":true,"href":"https:\/\/bienestarybellezamarket.com\/pt-pt\/wp-json\/wp\/v2\/product_cat?post=103750"},{"taxonomy":"product_tag","embeddable":true,"href":"https:\/\/bienestarybellezamarket.com\/pt-pt\/wp-json\/wp\/v2\/product_tag?post=103750"}],"curies":[{"name":"wp","href":"https:\/\/api.w.org\/{rel}","templated":true}]}}