{"id":104245,"date":"2020-10-26T18:14:48","date_gmt":"2020-10-26T18:14:48","guid":{"rendered":"https:\/\/bienestarybellezamarket.com\/producto\/minibike-bicicleta-electrica\/"},"modified":"2021-10-07T16:05:38","modified_gmt":"2021-10-07T14:05:38","slug":"minibike-bicicleta-eletrica","status":"publish","type":"product","link":"https:\/\/bienestarybellezamarket.com\/pt-pt\/produto\/minibike-bicicleta-eletrica\/","title":{"rendered":"MiniBike Bicicleta El\u00e9trica"},"content":{"rendered":"<div class=\"wpb-content-wrapper\"><section class=\"vc_row wpb_row vc_row-fluid\"><div class=\"wpb_column vc_column_container col-xs-mobile-fullwidth vc_col-sm-12\"><div class=\"vc_column-inner\"><div class=\"wpb_wrapper\"><div class=\"text-block-content hongo-text-block-1 last-paragraph-no-margin\"><h4>MiniBike Bicicleta El\u00e9trica<\/h4>\n<p>Esta mini Bicicleta El\u00e9trica ajuda \u00e0 coordena\u00e7\u00e3o e activa\u00e7\u00e3o da circula\u00e7\u00e3o sem sair de casa.<\/p>\n<p>A Mini-Bike \u00e9 ideal para todas as idades, mas \u00e9 recomendada para pessoas mais velhas, e pessoas que trabalham a maior parte do seu tempo sentadas, para ajudar a mobilidade das pernas.<\/p>\n<\/div><\/div><\/div><\/div><\/section>\n<\/div>","protected":false},"excerpt":{"rendered":"<p>A MiniBike \u00e9 uma Bicicleta El\u00e9trica que ajuda a tonificar suavemente os m\u00fasculos dos bra\u00e7os e pernas sem impacto.<\/p>\n","protected":false},"featured_media":106166,"template":"","meta":{"content-type":"","_joinchat":[]},"product_cat":[142],"product_tag":[219,483],"class_list":{"0":"post-104245","1":"product","2":"type-product","3":"status-publish","4":"has-post-thumbnail","6":"product_cat-ginastica","7":"product_tag-fitness-pt-pt","8":"product_tag-minibike-pt-pt","10":"first","11":"instock","12":"taxable","13":"shipping-taxable","14":"purchasable","15":"product-type-simple"},"_links":{"self":[{"href":"https:\/\/bienestarybellezamarket.com\/pt-pt\/wp-json\/wp\/v2\/product\/104245","targetHints":{"allow":["GET"]}}],"collection":[{"href":"https:\/\/bienestarybellezamarket.com\/pt-pt\/wp-json\/wp\/v2\/product"}],"about":[{"href":"https:\/\/bienestarybellezamarket.com\/pt-pt\/wp-json\/wp\/v2\/types\/product"}],"wp:featuredmedia":[{"embeddable":true,"href":"https:\/\/bienestarybellezamarket.com\/pt-pt\/wp-json\/wp\/v2\/media\/106166"}],"wp:attachment":[{"href":"https:\/\/bienestarybellezamarket.com\/pt-pt\/wp-json\/wp\/v2\/media?parent=104245"}],"wp:term":[{"taxonomy":"product_cat","embeddable":true,"href":"https:\/\/bienestarybellezamarket.com\/pt-pt\/wp-json\/wp\/v2\/product_cat?post=104245"},{"taxonomy":"product_tag","embeddable":true,"href":"https:\/\/bienestarybellezamarket.com\/pt-pt\/wp-json\/wp\/v2\/product_tag?post=104245"}],"curies":[{"name":"wp","href":"https:\/\/api.w.org\/{rel}","templated":true}]}}