{"id":104262,"date":"2021-02-13T19:58:42","date_gmt":"2021-02-13T19:58:42","guid":{"rendered":"https:\/\/bienestarybellezamarket.com\/producto\/eliptica-training-rift\/"},"modified":"2021-05-18T13:47:09","modified_gmt":"2021-05-18T11:47:09","slug":"treinador-eliptico-rift","status":"publish","type":"product","link":"https:\/\/bienestarybellezamarket.com\/pt-pt\/produto\/treinador-eliptico-rift\/","title":{"rendered":"Treinador El\u00edptico Rift"},"content":{"rendered":"<h4>Treinador El\u00edptico Rift<\/h4>\n<p>Com o nosso treinador el\u00edptico, pode atingir os seus objectivos no mais curto espa\u00e7o de tempo!<\/p>\n<p>O treinador el\u00edptico Rift \u00e9 uma m\u00e1quina de exerc\u00edcio sem sair de casa, ajudando-o a obter os resultados que deseja, oferecendo grandes benef\u00edcios ao seu corpo, cuidando da sua forma f\u00edsica tanto por dentro como por fora.<\/p>\n<p>Cont\u00e9m um monitor que regista os dados do exerc\u00edcio realizado, tanto a dist\u00e2ncia percorrida, a velocidade, as calorias queimadas e o pulso. O seu guiador duplo tem um sensor de pulso, este guiador \u00e9 ergon\u00f3mico e antideslizante, ajudando-o a obter resultados mais ben\u00e9ficos na parte superior do corpo. Os sensores que o treinador el\u00edptico possui d\u00e3o a informa\u00e7\u00e3o sobre a frequ\u00eancia card\u00edaca gra\u00e7as \u00e0 alta sensibilidade que tem de obter uma melhor precis\u00e3o ao medir a frequ\u00eancia card\u00edaca durante o exerc\u00edcio.<\/p>\n<p>Este treinador el\u00edptico tem uma superf\u00edcie antiderrapante, incorporando grandes pedais, favorecendo assim o espa\u00e7o para a posi\u00e7\u00e3o correcta dos p\u00e9s, e d\u00e1 mais seguran\u00e7a e estabilidade durante o exerc\u00edcio.<\/p>\n<p>Pode ajustar a resist\u00eancia no treinador el\u00edptico INDOOR, adaptando assim o exerc\u00edcio \u00e0s suas necessidades. Gra\u00e7as ao facto de este tipo de m\u00e1quina oferecer um exerc\u00edcio sem impacto, podemos evitar les\u00f5es. A realiza\u00e7\u00e3o deste tipo de treino, oferece um exerc\u00edcio de cardio, utilizando mais de 200 m\u00fasculos.<\/p>\n<p>O ecr\u00e3 LDC na frente, ajuda-o a ter um melhor controlo e revis\u00e3o do exerc\u00edcio que est\u00e1 a fazer, actualizando em tempo real enquanto faz exerc\u00edcio, tamb\u00e9m cont\u00e9m um suporte para deixar o seu dispositivo m\u00f3vel ou tablet.<\/p>\n<p>O treinador el\u00edptico inclui um sistema \u00f3ptimo de travagem magn\u00e9tica com massa oscilante, para utiliza\u00e7\u00e3o segura ao entrar na m\u00e1quina, durante o exerc\u00edcio e ao sair da m\u00e1quina.<\/p>\n","protected":false},"excerpt":{"rendered":"<p>O Treinador El\u00edptico do Bienestar &amp; Belleza Market \u00e9 perfeito para treinos di\u00e1rios e para ficar em forma sem sair de casa.<\/p>\n","protected":false},"featured_media":101851,"template":"","meta":{"content-type":"","_joinchat":[]},"product_cat":[142],"product_tag":[501,502,219,503],"class_list":{"0":"post-104262","1":"product","2":"type-product","3":"status-publish","4":"has-post-thumbnail","6":"product_cat-ginastica","7":"product_tag-deporte-pt-pt","8":"product_tag-eliptica-pt-pt","9":"product_tag-fitness-pt-pt","10":"product_tag-naranja-pt-pt","12":"first","13":"instock","14":"sale","15":"taxable","16":"shipping-taxable","17":"purchasable","18":"product-type-simple"},"_links":{"self":[{"href":"https:\/\/bienestarybellezamarket.com\/pt-pt\/wp-json\/wp\/v2\/product\/104262","targetHints":{"allow":["GET"]}}],"collection":[{"href":"https:\/\/bienestarybellezamarket.com\/pt-pt\/wp-json\/wp\/v2\/product"}],"about":[{"href":"https:\/\/bienestarybellezamarket.com\/pt-pt\/wp-json\/wp\/v2\/types\/product"}],"wp:featuredmedia":[{"embeddable":true,"href":"https:\/\/bienestarybellezamarket.com\/pt-pt\/wp-json\/wp\/v2\/media\/101851"}],"wp:attachment":[{"href":"https:\/\/bienestarybellezamarket.com\/pt-pt\/wp-json\/wp\/v2\/media?parent=104262"}],"wp:term":[{"taxonomy":"product_cat","embeddable":true,"href":"https:\/\/bienestarybellezamarket.com\/pt-pt\/wp-json\/wp\/v2\/product_cat?post=104262"},{"taxonomy":"product_tag","embeddable":true,"href":"https:\/\/bienestarybellezamarket.com\/pt-pt\/wp-json\/wp\/v2\/product_tag?post=104262"}],"curies":[{"name":"wp","href":"https:\/\/api.w.org\/{rel}","templated":true}]}}