{"id":104266,"date":"2021-02-13T21:36:22","date_gmt":"2021-02-13T21:36:22","guid":{"rendered":"https:\/\/bienestarybellezamarket.com\/producto\/robot-olla-programable\/"},"modified":"2021-07-14T11:48:23","modified_gmt":"2021-07-14T09:48:23","slug":"robot-de-cozinha-programavel","status":"publish","type":"product","link":"https:\/\/bienestarybellezamarket.com\/pt-pt\/produto\/robot-de-cozinha-programavel\/","title":{"rendered":"Robot de Cozinha Program\u00e1vel"},"content":{"rendered":"<div class=\"wpb-content-wrapper\"><section class=\"vc_row wpb_row vc_row-fluid\"><div class=\"wpb_column vc_column_container col-xs-mobile-fullwidth vc_col-sm-12\"><div class=\"vc_column-inner\"><div class=\"wpb_wrapper\"><div class=\"text-block-content hongo-text-block-1 last-paragraph-no-margin\"><h4>Robot de Cozinha Program\u00e1vel<\/h4>\n<p>O robot de cozinha program\u00e1vel ajuda-o na sua cozinha quotidiana, n\u00e3o s\u00f3 poupa o seu tempo, mas tamb\u00e9m prepara os seus pratos favoritos de uma forma profissional. Este rob\u00f4 multifuncional pode cozinhar sem necessidade de estar presente na cozinha e pode mesmo manter a sua comida quente.<\/p>\n<p>Este robot de cozinha program\u00e1vel tem 14 programas espec\u00edficos, tais como fritar, cozer a vapor, cozinhar lentamente, estufar&#8230; A capacidade deste robot \u00e9 de 6L, revestido com um material anti-aderente, o que facilita a limpeza e assim poder oferecer-lhe um maior conforto.<\/p>\n<p>O seu sistema de mem\u00f3ria, permite-lhe deixar a panela programada para cozinhar para si, na altura que desejar, podendo deix\u00e1-la programada at\u00e9 24 horas de anteced\u00eancia, para que a comida possa ser feita e quente na altura em que vai chegar a casa. Em caso de desconex\u00e3o devido a um corte de energia, o rob\u00f4 continuar\u00e1 a cozinhar a partir do ponto em que parou.<\/p>\n<p>Inclui um sistema especial de gest\u00e3o da press\u00e3o, para que possa escolher entre as duas op\u00e7\u00f5es de cozedura tradicional sem press\u00e3o ou cozedura sob press\u00e3o. Tamb\u00e9m inclui alguns acess\u00f3rios que s\u00e3o necess\u00e1rios para muitos pratos, tais como um copo doseador, uma colher, um tabuleiro para fumegar e finalmente um livro de receitas para n\u00e3o ficar sem ideias.<\/p>\n<p>O seu sistema ecol\u00f3gico reduz o consumo, e tamb\u00e9m integra um sistema de seguran\u00e7a que bloqueia a panela do robot program\u00e1vel para impedir a sua abertura durante o tempo em que est\u00e1 a cozinhar, dando a m\u00e1xima seguran\u00e7a.<\/p>\n<p>&nbsp;<\/p>\n<\/div><\/div><\/div><\/div><\/section>\n<\/div>","protected":false},"excerpt":{"rendered":"Robot de Cozinha Program\u00e1vel O robot de cozinha program\u00e1vel ajuda-o na sua cozinha quotidiana, n\u00e3o s\u00f3 poupa o seu tempo, mas tamb\u00e9m prepara os seus pratos favoritos de uma forma profissional. Este rob\u00f4 multifuncional pode cozinhar sem necessidade de estar presente na cozinha e pode mesmo manter a sua comida quente. Este robot de cozinha program\u00e1vel tem 14 programas espec\u00edficos, tais como fritar, cozer a vapor, cozinhar lentamente, estufar... A capacidade deste robot \u00e9 de 6L, revestido com um material anti-aderente, o que facilita a limpeza e assim poder oferecer-lhe um maior conforto. O seu sistema de mem\u00f3ria, permite-lhe deixar a panela programada para cozinhar para si, na altura que desejar, podendo deix\u00e1-la programada at\u00e9 24 horas de anteced\u00eancia, para que a comida possa ser feita e quente na altura em que vai chegar a casa. Em caso de desconex\u00e3o devido a um corte de energia, o rob\u00f4 continuar\u00e1 a cozinhar a partir do ponto em que parou. Inclui um sistema especial de gest\u00e3o da press\u00e3o, para que possa escolher entre as duas op\u00e7\u00f5es de cozedura tradicional sem press\u00e3o ou cozedura sob press\u00e3o. Tamb\u00e9m inclui alguns acess\u00f3rios que s\u00e3o necess\u00e1rios para muitos pratos, tais como um copo doseador, uma colher,...","protected":false},"featured_media":101796,"template":"","meta":{"content-type":"","_joinchat":[]},"product_cat":[143],"product_tag":[487,221,506,507],"class_list":{"0":"post-104266","1":"product","2":"type-product","3":"status-publish","4":"has-post-thumbnail","6":"product_cat-casa","7":"product_tag-cocina-pt-pt","8":"product_tag-lar","9":"product_tag-olla-programable-pt-pt","10":"product_tag-robot-de-cocina-pt-pt","12":"first","13":"instock","14":"sale","15":"taxable","16":"shipping-taxable","17":"purchasable","18":"product-type-simple"},"_links":{"self":[{"href":"https:\/\/bienestarybellezamarket.com\/pt-pt\/wp-json\/wp\/v2\/product\/104266","targetHints":{"allow":["GET"]}}],"collection":[{"href":"https:\/\/bienestarybellezamarket.com\/pt-pt\/wp-json\/wp\/v2\/product"}],"about":[{"href":"https:\/\/bienestarybellezamarket.com\/pt-pt\/wp-json\/wp\/v2\/types\/product"}],"wp:featuredmedia":[{"embeddable":true,"href":"https:\/\/bienestarybellezamarket.com\/pt-pt\/wp-json\/wp\/v2\/media\/101796"}],"wp:attachment":[{"href":"https:\/\/bienestarybellezamarket.com\/pt-pt\/wp-json\/wp\/v2\/media?parent=104266"}],"wp:term":[{"taxonomy":"product_cat","embeddable":true,"href":"https:\/\/bienestarybellezamarket.com\/pt-pt\/wp-json\/wp\/v2\/product_cat?post=104266"},{"taxonomy":"product_tag","embeddable":true,"href":"https:\/\/bienestarybellezamarket.com\/pt-pt\/wp-json\/wp\/v2\/product_tag?post=104266"}],"curies":[{"name":"wp","href":"https:\/\/api.w.org\/{rel}","templated":true}]}}