{"id":104307,"date":"2021-02-16T22:22:16","date_gmt":"2021-02-16T22:22:16","guid":{"rendered":"https:\/\/bienestarybellezamarket.com\/producto\/colchon-viscoelastico-easy-red\/"},"modified":"2021-05-18T14:25:46","modified_gmt":"2021-05-18T12:25:46","slug":"colchao-viscoelastic-easy-red","status":"publish","type":"product","link":"https:\/\/bienestarybellezamarket.com\/pt-pt\/produto\/colchao-viscoelastic-easy-red\/","title":{"rendered":"Colch\u00e3o Viscoelastic Easy Red"},"content":{"rendered":"<div class=\"wpb-content-wrapper\"><section class=\"vc_row wpb_row vc_row-fluid\"><div class=\"wpb_column vc_column_container col-xs-mobile-fullwidth vc_col-sm-12\"><div class=\"vc_column-inner\"><div class=\"wpb_wrapper\"><div class=\"text-block-content hongo-text-block-1 last-paragraph-no-margin\"><h4>Colch\u00e3o Viscoelastic Easy Red<\/h4>\n<p>O seu descanso \u00e9 essencial para a sa\u00fade, bem-estar f\u00edsico e psicol\u00f3gico, a chave para um bom descanso est\u00e1 no colch\u00e3o, por isso oferecemos-lhe este colch\u00e3o, que al\u00e9m de ter 5 zonas de descanso para conseguir um relaxamento perfeito durante todas as horas de sono, cont\u00e9m um n\u00facleo de RH com viscoel\u00e1stico intercalado.\u00a0 \u00c9 um colch\u00e3o que tamb\u00e9m recomendamos para a sua composi\u00e7\u00e3o de tecido 3D Airfresh que alcan\u00e7a uma sensa\u00e7\u00e3o de atermo, adaptando a temperatura ao seu corpo.<\/p>\n<p>&nbsp;<\/p>\n<p>No lado A do colch\u00e3o podemos encontrar o exclusivo tecido Stretch, feito com fibra muito el\u00e1stica, que lhe permite adaptar-se ao seu corpo em qualquer altura. O tecido Stretch \u00e9 macio e tem um toque muito agrad\u00e1vel, permitindo uma secagem r\u00e1pida e feito com um tratamento que evita a cria\u00e7\u00e3o de \u00e1caros e bact\u00e9rias. Al\u00e9m disso, o lado A do colch\u00e3o Easyred tem um suporte de compensa\u00e7\u00e3o de carga, o que significa que a folha em branco em forma de tubo oco do qual este suporte \u00e9 feito, permite a r\u00e1pida recupera\u00e7\u00e3o do colch\u00e3o depois de ter sido deformado depois de o peso de um corpo ter sido aplicado ao resto. Cont\u00e9m 2cm de material Sensopur Adapt System, que deforma a adapta\u00e7\u00e3o aos contornos do seu corpo para evitar todo o tipo de press\u00e3o e facilitar a sua r\u00e1pida recupera\u00e7\u00e3o para voltar \u00e0 sua forma.<\/p>\n<p>&nbsp;<\/p>\n<p>No lado B do Easyred, encontrar\u00e1 o tecido respir\u00e1vel 3D Airfresh, que \u00e9 um tecido respir\u00e1vel que permite a ventila\u00e7\u00e3o do colch\u00e3o da melhor forma, mantendo assim a higiene di\u00e1ria e a perfeita respirabilidade necess\u00e1ria para o colch\u00e3o. Al\u00e9m disso, este lado do colch\u00e3o cont\u00e9m 2 cm de material Sesopur Adapt System.<\/p>\n<p>&nbsp;<\/p>\n<p>A utiliza\u00e7\u00e3o deste colch\u00e3o tem m\u00faltiplos benef\u00edcios para a sa\u00fade, gra\u00e7as \u00e0 sua composi\u00e7\u00e3o, regenera as c\u00e9lulas, melhora a sua ins\u00f3nia, d\u00e1-lhe uma grande qualidade de sono por um per\u00edodo de tempo mais curto, melhora o metabolismo, o equil\u00edbrio e a oxigena\u00e7\u00e3o. Gra\u00e7as ao seu tecido anti-mite, torna-se um colch\u00e3o hipoalerg\u00e9nico e antibacteriano, restaura as descompensa\u00e7\u00f5es do seu metabolismo, transpira e mant\u00e9m a temperatura perfeita para o seu descanso m\u00e1ximo e reduz a hipertens\u00e3o, ansiedade ou depress\u00e3o. Portanto, podemos recomendar a sua utiliza\u00e7\u00e3o a pessoas com um elevado n\u00edvel de stress, com ins\u00f3nia, idosos, pessoas que sofrem de dores nas costas e nas articula\u00e7\u00f5es e, claro, para qualquer pessoa que necessite do descanso necess\u00e1rio para recuperar a for\u00e7a do dia-a-dia. Ganhe com a Easyred!<\/p>\n<p>&nbsp;<\/p>\n<\/div><\/div><\/div><\/div><\/section>\n<\/div>","protected":false},"excerpt":{"rendered":"<p>Um colch\u00e3o viscoel\u00e1stico sobre o qual se pode descansar e recuperar de longos dias gra\u00e7as \u00e0 sua composi\u00e7\u00e3o. O colch\u00e3o perfeito para pessoas que sofrem de stress ou ins\u00f3nia, para pessoas de idade avan\u00e7ada ou para pessoas com doen\u00e7as f\u00edsicas. Permite-lhe um melhor descanso no menor tempo poss\u00edvel e uma recupera\u00e7\u00e3o m\u00e1xima da fadiga f\u00edsica.<\/p>\n","protected":false},"featured_media":102097,"template":"","meta":{"content-type":"","_joinchat":[]},"product_cat":[143],"product_tag":[],"class_list":{"0":"post-104307","1":"product","2":"type-product","3":"status-publish","4":"has-post-thumbnail","6":"product_cat-casa","8":"first","9":"instock","10":"sale","11":"taxable","12":"shipping-taxable","13":"purchasable","14":"product-type-variable"},"_links":{"self":[{"href":"https:\/\/bienestarybellezamarket.com\/pt-pt\/wp-json\/wp\/v2\/product\/104307","targetHints":{"allow":["GET"]}}],"collection":[{"href":"https:\/\/bienestarybellezamarket.com\/pt-pt\/wp-json\/wp\/v2\/product"}],"about":[{"href":"https:\/\/bienestarybellezamarket.com\/pt-pt\/wp-json\/wp\/v2\/types\/product"}],"wp:featuredmedia":[{"embeddable":true,"href":"https:\/\/bienestarybellezamarket.com\/pt-pt\/wp-json\/wp\/v2\/media\/102097"}],"wp:attachment":[{"href":"https:\/\/bienestarybellezamarket.com\/pt-pt\/wp-json\/wp\/v2\/media?parent=104307"}],"wp:term":[{"taxonomy":"product_cat","embeddable":true,"href":"https:\/\/bienestarybellezamarket.com\/pt-pt\/wp-json\/wp\/v2\/product_cat?post=104307"},{"taxonomy":"product_tag","embeddable":true,"href":"https:\/\/bienestarybellezamarket.com\/pt-pt\/wp-json\/wp\/v2\/product_tag?post=104307"}],"curies":[{"name":"wp","href":"https:\/\/api.w.org\/{rel}","templated":true}]}}