{"id":104468,"date":"2021-03-13T14:53:17","date_gmt":"2021-03-13T13:53:17","guid":{"rendered":"https:\/\/bienestarybellezamarket.com\/producto\/jabon-exfoliante-aloe-vera-miel-canela-natural\/"},"modified":"2021-07-16T14:07:34","modified_gmt":"2021-07-16T12:07:34","slug":"sabonete-esfoliante-de-aloe-vera-mel-canela","status":"publish","type":"product","link":"https:\/\/bienestarybellezamarket.com\/pt-pt\/produto\/sabonete-esfoliante-de-aloe-vera-mel-canela\/","title":{"rendered":"Sabonete Esfoliante de Alo\u00e9 vera, Mel &#038; Canela"},"content":{"rendered":"<h4><b>Sabonete Esfoliante com Alo\u00e9 vera, Mel e Canela Natural<\/b><\/h4>\n<p><span style=\"font-weight: 400;\">O sab\u00e3o esfoliante Alo\u00e9 vera, mel e canela pode ser utilizado em todo o corpo, e \u00e9 adequado para todos os tipos de pele. Al\u00e9m disso, \u00e9 recomendado para uso di\u00e1rio para uma melhor apar\u00eancia da pele.\u00a0<\/span><\/p>\n<p><span style=\"font-weight: 400;\">\u00c9 composto principalmente de alo\u00e9 vera (16,3 &#8211; 17,4%) retirada directamente da pr\u00f3pria planta\u00e7\u00e3o nacional. O mel \u00e9 outro dos principais componentes que actuam para hidratar e suavizar a pele, ajudando a regener\u00e1-la. A canela, juntamente com o p\u00f3 de jojoba, ir\u00e1 esfoliar a pele, garantindo assim a sua hidrata\u00e7\u00e3o.\u00a0<\/span><\/p>\n<p><span style=\"font-weight: 400;\">Este Sabonete Esfoliante com Alo\u00e9 Vera, Mel e Canela Natural, tem uma produ\u00e7\u00e3o limitada porque foi criado de uma forma artesanal, \u00e9 100% natural e ecol\u00f3gico. Portanto, se procura uma pele hidratada e sem comich\u00e3o, este sabonete \u00e9 a sua solu\u00e7\u00e3o. Para al\u00e9m de ter um cheiro intenso e doce, \u00e9 capaz de limpar a pele, enquanto hidrata, acalma e regenera.\u00a0<\/span><\/p>\n<p><span style=\"font-weight: 400;\">N\u00e3o testado em animais. Produto vegan. Org\u00e2nico.<\/span><\/p>\n<p><span style=\"font-weight: 400;\">Cont\u00e9m 100gr.<\/span><\/p>\n<p>&nbsp;<\/p>\n<p><b>CERTIFICA\u00c7\u00d5ES<\/b><\/p>\n<p><span style=\"font-weight: 400;\">Ecoagr\u00edcola El Talay\u00f3n, SL \u00e9 uma empresa inscrita no Registo Geral de Empresas e G\u00e9neros Aliment\u00edcios (RGSEAA) com n\u00ba: 26.016474\/M<\/span><\/p>\n<p><span style=\"font-weight: 400;\">Ecoagr\u00edcola El Talay\u00f3n, SL \u00e9 um operador org\u00e2nico certificado em conformidade com a regulamenta\u00e7\u00e3o da agricultura biol\u00f3gica da UE.<\/span><\/p>\n<p><span style=\"font-weight: 400;\">N\u00famero de Registo de Agricultura Biol\u00f3gica como empresa produtora: MU-3379\/P. Organismo de controlo: ES-ECO-024-MU<\/span><\/p>\n<p><span style=\"font-weight: 400;\">Certificado pela bio.inspecta com o n.\u00ba 70690<\/span><\/p>\n","protected":false},"excerpt":{"rendered":"<p>Este sab\u00e3o feito \u00e0 m\u00e3o cont\u00e9m 16,3 &#8211; 17,4% de alo\u00e9 vera extra\u00eddo directamente da planta. Al\u00e9m disso, este sab\u00e3o esfoliante de Alo\u00e9 vera cont\u00e9m mel e canela que ir\u00e1 melhorar a hidrata\u00e7\u00e3o e a esfolia\u00e7\u00e3o da pele. Para uso di\u00e1rio para todos os tipos de pele.<\/p>\n<p>&nbsp;<\/p>\n","protected":false},"featured_media":102653,"template":"","meta":{"content-type":"","_joinchat":[]},"product_cat":[141],"product_tag":[535,536,537,538,539,540,223],"class_list":{"0":"post-104468","1":"product","2":"type-product","3":"status-publish","4":"has-post-thumbnail","6":"product_cat-cuidado","7":"product_tag-bio-pt-pt","8":"product_tag-canela-pt-pt","9":"product_tag-eco-pt-pt","10":"product_tag-ecologico-pt-pt","11":"product_tag-miel-pt-pt","12":"product_tag-natural-pt-pt","13":"product_tag-sabonete","15":"first","16":"instock","17":"taxable","18":"shipping-taxable","19":"purchasable","20":"product-type-simple","21":"hongo-alternate-image-wrap"},"_links":{"self":[{"href":"https:\/\/bienestarybellezamarket.com\/pt-pt\/wp-json\/wp\/v2\/product\/104468","targetHints":{"allow":["GET"]}}],"collection":[{"href":"https:\/\/bienestarybellezamarket.com\/pt-pt\/wp-json\/wp\/v2\/product"}],"about":[{"href":"https:\/\/bienestarybellezamarket.com\/pt-pt\/wp-json\/wp\/v2\/types\/product"}],"wp:featuredmedia":[{"embeddable":true,"href":"https:\/\/bienestarybellezamarket.com\/pt-pt\/wp-json\/wp\/v2\/media\/102653"}],"wp:attachment":[{"href":"https:\/\/bienestarybellezamarket.com\/pt-pt\/wp-json\/wp\/v2\/media?parent=104468"}],"wp:term":[{"taxonomy":"product_cat","embeddable":true,"href":"https:\/\/bienestarybellezamarket.com\/pt-pt\/wp-json\/wp\/v2\/product_cat?post=104468"},{"taxonomy":"product_tag","embeddable":true,"href":"https:\/\/bienestarybellezamarket.com\/pt-pt\/wp-json\/wp\/v2\/product_tag?post=104468"}],"curies":[{"name":"wp","href":"https:\/\/api.w.org\/{rel}","templated":true}]}}