{"id":104474,"date":"2021-03-13T17:56:20","date_gmt":"2021-03-13T16:56:20","guid":{"rendered":"https:\/\/bienestarybellezamarket.com\/producto\/jabon-aloe-vera-romero-ghassoul-natural\/"},"modified":"2021-05-27T09:19:09","modified_gmt":"2021-05-27T07:19:09","slug":"sabao-natural-aloe-vera-rosemary-ghassoul","status":"publish","type":"product","link":"https:\/\/bienestarybellezamarket.com\/pt-pt\/produto\/sabao-natural-aloe-vera-rosemary-ghassoul\/","title":{"rendered":"Sab\u00e3o Natural Aloe Vera, Rosemary e Ghassoul"},"content":{"rendered":"<h4>Sab\u00e3o Natural Aloe Vera, Rosemary e Ghassoul<\/h4>\n<p><span style=\"font-weight: 400;\">O Sab\u00e3o Natural Aloe Vera, Rosemary e Ghassoul ir\u00e1 proporcionar \u00e0 sua pele uma hidrata\u00e7\u00e3o extra, acompanhada por um bom aroma e uma suavidade sem igual. Sentir\u00e1 que a sua pele estar\u00e1 muito menos seca, limpa e sem excesso de gordura. Em 100gr de sab\u00e3o pode encontrar a solu\u00e7\u00e3o para o que a sua pele est\u00e1 a pedir. Ter pele mista ou oleosa deixar\u00e1 de ser um problema.\u00a0<\/span><\/p>\n<p><span style=\"font-weight: 400;\">Tudo isto \u00e9 poss\u00edvel gra\u00e7as \u00e0s suas propriedades. Cont\u00e9m 16,3 &#8211; 17,4% de alo\u00e9 vera pura tirada directamente da planta\u00e7\u00e3o nacional, que se preocupam em fazer uma agricultura biol\u00f3gica. Esta quantidade de alo\u00e9 vera ir\u00e1 hidratar, acalmar e limpar a sua pele. Al\u00e9m disso, cont\u00e9m propriedades curativas, pelo que pode utilizar o produto mesmo que tenha feridas na pele.<\/span><\/p>\n<p><span style=\"font-weight: 400;\">Alecrim e argila de ghassoul s\u00e3o outras propriedades que ir\u00e3o cuidar da limpeza profunda da sua pele, removendo todas as impurezas e dando-lhe uma melhor apar\u00eancia. Recomenda-se a sua utiliza\u00e7\u00e3o nas partes do corpo que armazenam mais gordura, tais como as costas.<\/span><\/p>\n<p><span style=\"font-weight: 400;\">Este sab\u00e3o alo\u00e9 vera, alecrim e ghassoul \u00e9 de produ\u00e7\u00e3o limitada, vegano, org\u00e2nico e n\u00e3o foi testado em animais.\u00a0<\/span><\/p>\n<p><span style=\"font-weight: 400;\">Foi elaborado de forma completamente artesanal, com o m\u00e9todo chamado saponifica\u00e7\u00e3o a frio que faz com que o produto n\u00e3o danifique a pele.<\/span><\/p>\n<p>&nbsp;<\/p>\n<p><b>CERTIFICA\u00c7\u00d5ES:<\/b><\/p>\n<p><span style=\"font-weight: 400;\">N\u00famero de registo como produtor biol\u00f3gico: MU-3379\/P. Organismo de certifica\u00e7\u00e3o: ES-ECO-024-MU<\/span><\/p>\n<p><span style=\"font-weight: 400;\">Bio.inspecta certificada sob o n\u00ba 70690<\/span><\/p>\n<p><span style=\"font-weight: 400;\">Ecoagr\u00edcola El Talay\u00f3n, SL \u00e9 uma empresa org\u00e2nica certificada de acordo com os regulamentos de agricultura biol\u00f3gica da UE.<\/span><\/p>\n","protected":false},"excerpt":{"rendered":"<p><span style=\"font-weight: 400;\">Sab\u00e3o artesanal e org\u00e2nico, ideal para combina\u00e7\u00e3o e pele com tend\u00eancia para o acne. Este sab\u00e3o com Alo\u00e9 vera, alecrim e argila de Ghassoul tornar\u00e1 a sua pele firme, limpa e livre de impurezas.<\/span><\/p>\n","protected":false},"featured_media":102680,"template":"","meta":{"content-type":"","_joinchat":[]},"product_cat":[141],"product_tag":[162,535,537,544,540,545,223],"class_list":{"0":"post-104474","1":"product","2":"type-product","3":"status-publish","4":"has-post-thumbnail","6":"product_cat-cuidado","7":"product_tag-babosa","8":"product_tag-bio-pt-pt","9":"product_tag-eco-pt-pt","10":"product_tag-ghassoul-pt-pt","11":"product_tag-natural-pt-pt","12":"product_tag-romero-pt-pt","13":"product_tag-sabonete","15":"first","16":"instock","17":"taxable","18":"shipping-taxable","19":"purchasable","20":"product-type-simple"},"_links":{"self":[{"href":"https:\/\/bienestarybellezamarket.com\/pt-pt\/wp-json\/wp\/v2\/product\/104474","targetHints":{"allow":["GET"]}}],"collection":[{"href":"https:\/\/bienestarybellezamarket.com\/pt-pt\/wp-json\/wp\/v2\/product"}],"about":[{"href":"https:\/\/bienestarybellezamarket.com\/pt-pt\/wp-json\/wp\/v2\/types\/product"}],"wp:featuredmedia":[{"embeddable":true,"href":"https:\/\/bienestarybellezamarket.com\/pt-pt\/wp-json\/wp\/v2\/media\/102680"}],"wp:attachment":[{"href":"https:\/\/bienestarybellezamarket.com\/pt-pt\/wp-json\/wp\/v2\/media?parent=104474"}],"wp:term":[{"taxonomy":"product_cat","embeddable":true,"href":"https:\/\/bienestarybellezamarket.com\/pt-pt\/wp-json\/wp\/v2\/product_cat?post=104474"},{"taxonomy":"product_tag","embeddable":true,"href":"https:\/\/bienestarybellezamarket.com\/pt-pt\/wp-json\/wp\/v2\/product_tag?post=104474"}],"curies":[{"name":"wp","href":"https:\/\/api.w.org\/{rel}","templated":true}]}}