{"id":104478,"date":"2021-03-06T19:47:00","date_gmt":"2021-03-06T19:47:00","guid":{"rendered":"https:\/\/bienestarybellezamarket.com\/producto\/bicicleta-spinning-k2\/"},"modified":"2021-05-20T10:56:32","modified_gmt":"2021-05-20T08:56:32","slug":"bicicleta-indoor-k2","status":"publish","type":"product","link":"https:\/\/bienestarybellezamarket.com\/pt-pt\/produto\/bicicleta-indoor-k2\/","title":{"rendered":"Bicicleta Indoor K2"},"content":{"rendered":"<h4>Bicicleta Indoor K2<\/h4>\n<p>A K2 Indoor Bike foi concebida para que se possa treinar ao mais alto n\u00edvel a partir de qualquer lugar. Uma das bicicletas mais potentes, como o seu nome sugere, notar\u00e1 que est\u00e1 a escalar o K2 com o profissional do mercado de B&amp;B fia\u00e7\u00e3o.<\/p>\n<p>Gra\u00e7as ao seu volante de 25 kg \u00e9 perfeito para qualquer treino, pode realizar um treino mais leve, ou adaptar a resist\u00eancia para aqueles treinos que requerem mais exig\u00eancia. Esta Bicicleta Indoor K2 \u00e9 recomendada para profissionais que t\u00eam de fazer treinos de alta intensidade.<\/p>\n<p>Al\u00e9m disso, tem um monitor de actividade que regista todos os dados sobre o seu treino, ajudando-o a acompanhar o seu desempenho medindo a sua velocidade, as rota\u00e7\u00f5es por minuto, a dist\u00e2ncia percorrida, as calorias queimadas, o tempo que treinou e o seu ritmo card\u00edaco durante o treino.<\/p>\n<p>\u00c9 uma bicicleta muito f\u00e1cil de mover e colocar em qualquer lugar da sua casa para que possa treinar a qualquer hora sem ter de se deslocar de sua casa para poder assistir diariamente \u00e0 Spinning. \u00c9 tamb\u00e9m uma bicicleta que suporta um grande peso gra\u00e7as aos seus materiais de alta qualidade.<\/p>\n<p>&nbsp;<\/p>\n","protected":false},"excerpt":{"rendered":"<p>Treinar ao mais alto n\u00edvel a partir de casa com a Bicicleta Indoor K2.<\/p>\n<p>Gra\u00e7as a esta bicicleta pode manter-se em forma a partir de qualquer lugar, desfrutando de todas as caracter\u00edsticas que oferece, tais como o monitor de actividades.<\/p>\n<p>Comboio como os profissionais com 25 kg de in\u00e9rcia.<\/p>\n","protected":false},"featured_media":102369,"template":"","meta":{"content-type":"","_joinchat":[]},"product_cat":[142],"product_tag":[519,219,520],"class_list":{"0":"post-104478","1":"product","2":"type-product","3":"status-publish","4":"has-post-thumbnail","6":"product_cat-ginastica","7":"product_tag-bicicleta-spinning-pt-pt","8":"product_tag-fitness-pt-pt","9":"product_tag-training-pt-pt","11":"first","12":"instock","13":"sale","14":"taxable","15":"shipping-taxable","16":"purchasable","17":"product-type-simple"},"_links":{"self":[{"href":"https:\/\/bienestarybellezamarket.com\/pt-pt\/wp-json\/wp\/v2\/product\/104478","targetHints":{"allow":["GET"]}}],"collection":[{"href":"https:\/\/bienestarybellezamarket.com\/pt-pt\/wp-json\/wp\/v2\/product"}],"about":[{"href":"https:\/\/bienestarybellezamarket.com\/pt-pt\/wp-json\/wp\/v2\/types\/product"}],"wp:featuredmedia":[{"embeddable":true,"href":"https:\/\/bienestarybellezamarket.com\/pt-pt\/wp-json\/wp\/v2\/media\/102369"}],"wp:attachment":[{"href":"https:\/\/bienestarybellezamarket.com\/pt-pt\/wp-json\/wp\/v2\/media?parent=104478"}],"wp:term":[{"taxonomy":"product_cat","embeddable":true,"href":"https:\/\/bienestarybellezamarket.com\/pt-pt\/wp-json\/wp\/v2\/product_cat?post=104478"},{"taxonomy":"product_tag","embeddable":true,"href":"https:\/\/bienestarybellezamarket.com\/pt-pt\/wp-json\/wp\/v2\/product_tag?post=104478"}],"curies":[{"name":"wp","href":"https:\/\/api.w.org\/{rel}","templated":true}]}}