{"id":104487,"date":"2021-03-08T21:38:34","date_gmt":"2021-03-08T21:38:34","guid":{"rendered":"https:\/\/bienestarybellezamarket.com\/producto\/batidora-licuadora-healthy-juice\/"},"modified":"2021-05-20T11:52:00","modified_gmt":"2021-05-20T09:52:00","slug":"liquidificador-healthy-juice","status":"publish","type":"product","link":"https:\/\/bienestarybellezamarket.com\/pt-pt\/produto\/liquidificador-healthy-juice\/","title":{"rendered":"Liquidificador Healthy Juice"},"content":{"rendered":"<h4>Liquidificador Healthy Juice<\/h4>\n<p>Prepare sucos ricos e deliciosos, smoothies ou Smoothies com a nossa Liquidificadora de Healthy Juice. Gra\u00e7as \u00e0 sua tecnologia de prensagem a frio, podemos extrair uma maior quantidade de sumo e sumo das nossas frutas e vegetais aumentando o seu desempenho, desperdi\u00e7ando menos do que com outros m\u00e9todos mais convencionais.<\/p>\n<p>Gra\u00e7as \u00e0 prensagem a frio tamb\u00e9m preservaremos todas as vitaminas e nutrientes das nossas frutas ou legumes, o Healthy Juice n\u00e3o esmaga, prensando assim evitando que a estrutura da fruta e a sua polpa se parta ou que se formem bolhas de oxig\u00e9nio, evitando assim a oxida\u00e7\u00e3o prematura, retardando a forma\u00e7\u00e3o de v\u00edrus e bact\u00e9rias, mantendo e conservando por mais tempo todas as propriedades dos nossos Smoothies, smoothies ou sumos podem ser consumidos mais tarde e assim podemos lev\u00e1-los connosco durante a nossa rotina di\u00e1ria quer na escola, no trabalho, nas caminhadas ou mesmo no gin\u00e1sio, com a certeza de que ainda conserva as suas propriedades organol\u00e9pticas.<\/p>\n<p>O sumo ou sumo de vegetais \u00e9 filtrado em maior quantidade gra\u00e7as ao seu sistema de filtragem de 0,2 mm e \u00e0 sua tela de alum\u00ednio a 360\u00b0.<\/p>\n<p>O painel LCD do liquidificador de Healthy Juice tem um programa de limpeza e outros 7 programas capazes de oferecer o m\u00e1ximo desempenho dependendo da prepara\u00e7\u00e3o que desejamos e aproveitar ao m\u00e1ximo o livro de receitas que inclu\u00edmos, com o qual podemos experimentar diferentes combina\u00e7\u00f5es de sabores, por exemplo, para surpreender os nossos convidados ou ajudar os nossos filhos a comerem aquelas frutas e vegetais que n\u00e3o os obtemos com outros m\u00e9todos ou prepara\u00e7\u00f5es e para que possam beneficiar das suas vitaminas com estas receitas ricas. A sua dupla entrada de alimentos \u00e9 muito \u00fatil para introduzir alimentos mais pequenos e alimentos maiores ou inteiros atrav\u00e9s da entrada XL.<\/p>\n","protected":false},"excerpt":{"rendered":"<p>Liquidificador Healthy Juice Prepare sucos ricos e deliciosos, smoothies ou Smoothies com a nossa Liquidificadora de Healthy Juice. Gra\u00e7as \u00e0 sua tecnologia de prensagem a frio, podemos extrair uma maior quantidade de sumo e sumo das nossas frutas e vegetais aumentando o seu desempenho, desperdi\u00e7ando menos do que com outros m\u00e9todos mais convencionais. Gra\u00e7as \u00e0 prensagem a frio tamb\u00e9m preservaremos todas as vitaminas e nutrientes das nossas frutas ou legumes, o Healthy Juice n\u00e3o esmaga, prensando assim evitando que a estrutura da fruta e a sua polpa se parta ou que se formem bolhas de oxig\u00e9nio, evitando assim a oxida\u00e7\u00e3o prematura, retardando a forma\u00e7\u00e3o de v\u00edrus e bact\u00e9rias, mantendo e conservando por mais tempo todas as propriedades dos nossos Smoothies, smoothies ou sumos podem ser consumidos mais tarde e assim podemos lev\u00e1-los connosco durante a nossa rotina di\u00e1ria quer na escola, no trabalho, nas caminhadas ou mesmo no gin\u00e1sio, com a certeza de que ainda conserva as suas propriedades organol\u00e9pticas. O sumo ou sumo de vegetais \u00e9 filtrado em maior quantidade gra\u00e7as ao seu sistema de filtragem de 0,2 mm e \u00e0 sua tela de alum\u00ednio a 360\u00b0. O painel LCD do liquidificador de Healthy Juice tem um programa de&#8230;<\/p>\n","protected":false},"featured_media":102427,"template":"","meta":{"content-type":"","_joinchat":[]},"product_cat":[143],"product_tag":[549,487,550,551],"class_list":{"0":"post-104487","1":"product","2":"type-product","3":"status-publish","4":"has-post-thumbnail","6":"product_cat-casa","7":"product_tag-batidora-pt-pt","8":"product_tag-cocina-pt-pt","9":"product_tag-licuadora-pt-pt","10":"product_tag-zumo-pt-pt","12":"first","13":"instock","14":"taxable","15":"shipping-taxable","16":"purchasable","17":"product-type-simple"},"_links":{"self":[{"href":"https:\/\/bienestarybellezamarket.com\/pt-pt\/wp-json\/wp\/v2\/product\/104487","targetHints":{"allow":["GET"]}}],"collection":[{"href":"https:\/\/bienestarybellezamarket.com\/pt-pt\/wp-json\/wp\/v2\/product"}],"about":[{"href":"https:\/\/bienestarybellezamarket.com\/pt-pt\/wp-json\/wp\/v2\/types\/product"}],"wp:featuredmedia":[{"embeddable":true,"href":"https:\/\/bienestarybellezamarket.com\/pt-pt\/wp-json\/wp\/v2\/media\/102427"}],"wp:attachment":[{"href":"https:\/\/bienestarybellezamarket.com\/pt-pt\/wp-json\/wp\/v2\/media?parent=104487"}],"wp:term":[{"taxonomy":"product_cat","embeddable":true,"href":"https:\/\/bienestarybellezamarket.com\/pt-pt\/wp-json\/wp\/v2\/product_cat?post=104487"},{"taxonomy":"product_tag","embeddable":true,"href":"https:\/\/bienestarybellezamarket.com\/pt-pt\/wp-json\/wp\/v2\/product_tag?post=104487"}],"curies":[{"name":"wp","href":"https:\/\/api.w.org\/{rel}","templated":true}]}}