{"id":104491,"date":"2021-03-13T14:21:01","date_gmt":"2021-03-13T13:21:01","guid":{"rendered":"https:\/\/bienestarybellezamarket.com\/producto\/jabon-aloe-vera-calendula-natural\/"},"modified":"2021-05-20T12:14:33","modified_gmt":"2021-05-20T10:14:33","slug":"sabao-aloe-vera-calendula-natural","status":"publish","type":"product","link":"https:\/\/bienestarybellezamarket.com\/pt-pt\/produto\/sabao-aloe-vera-calendula-natural\/","title":{"rendered":"Sab\u00e3o de Alo\u00e9 Vera e Cal\u00eandula Natural"},"content":{"rendered":"<h4>Sab\u00e3o de Alo\u00e9 Vera e Cal\u00eandula Natural<\/h4>\n<p>Este sab\u00e3o de Alo\u00e9 vera e Cal\u00eandula \u00e9 perfeito para quem tem pele sens\u00edvel, at\u00f3pica, irritada e\/ou delicada. A sua utiliza\u00e7\u00e3o \u00e9 recomendada para aqueles que fazem uso excessivo das suas m\u00e3os para realizar o seu trabalho. Tamb\u00e9m \u00e9 recomendado para peles mais experientes que queiram suavizar rugas.<\/p>\n<p>&nbsp;<\/p>\n<p>Pode ser usado em todo o corpo, e \u00e9 recomendado para uso di\u00e1rio para melhores resultados. Al\u00e9m disso, tem um efeito antibacteriano e anti-inflamat\u00f3rio, portanto, se a sua pele tem problemas de pele, as propriedades deste sab\u00e3o s\u00e3o ideais para a sua pele, uma vez que promove a sua regenera\u00e7\u00e3o.<\/p>\n<p>&nbsp;<\/p>\n<p>O sabonete \u00e9 feito \u00e0 m\u00e3o e a sua produ\u00e7\u00e3o \u00e9 limitada. Cont\u00e9m entre 16,3 &#8211; 17,4% de Aloe Vera retirado directamente de planta\u00e7\u00f5es nacionais. Esta planta\u00e7\u00e3o \u00e9 certificada em convers\u00e3o para Demeter. Al\u00e9m disso, o seu cultivo contribui para uma menor pegada de carbono, pelo que o produto \u00e9 completamente ecol\u00f3gico.<\/p>\n<p>&nbsp;<\/p>\n<p>Al\u00e9m do Aloe Vera, este sab\u00e3o cont\u00e9m cal\u00eandula, uma flor que ser\u00e1 respons\u00e1vel por deixar a pele t\u00e3o macia e limpa quanto poss\u00edvel.<\/p>\n<p>&nbsp;<\/p>\n<p><strong>Apresenta\u00e7\u00e3o do produto:<\/strong><\/p>\n<p>Este sab\u00e3o, criado de forma artesanal, mant\u00e9m intacto tanto o seu aroma como as suas propriedades, pois vem embrulhado em celofane natural feito de celulose regenerada, completamente biodegrad\u00e1vel. Encontrar\u00e1 o produto dentro de uma caixa de cart\u00e3o.<\/p>\n<p>&nbsp;<\/p>\n<p>Produto ecol\u00f3gico. N\u00e3o testado em animais. Produto vegan.<\/p>\n<p>&nbsp;<\/p>\n<p>Cont\u00e9m 100gr.<\/p>\n<p>&nbsp;<\/p>\n<p><strong>CERTIFICA\u00c7\u00d5ES<\/strong><\/p>\n<p>Certificado por bio.inspecta com o n\u00ba. 70690<\/p>\n<p>&nbsp;<\/p>\n<p>Agricultura Biol\u00f3gica N\u00famero de registo como operador: ES-ECO-024-MU N\u00famero do operador: MU-3379\/P<\/p>\n<p>&nbsp;<\/p>\n<p>Ecoagr\u00edcola El Talay\u00f3n, SL \u00e9 um operador org\u00e2nico certificado em conformidade com a regulamenta\u00e7\u00e3o da agricultura biol\u00f3gica da UE.<\/p>\n<p>&nbsp;<\/p>\n","protected":false},"excerpt":{"rendered":"<p>Sab\u00e3o criado de uma forma artesanal, ideal para crian\u00e7as e para as peles mais sens\u00edveis. Esque\u00e7a a pele seca e irritada, pois este sabonete de alo\u00e9 vera e cal\u00eandula e camomila ir\u00e1 fazer com que tenha uma pele profundamente hidratada.<\/p>\n","protected":false},"featured_media":102644,"template":"","meta":{"content-type":"","_joinchat":[]},"product_cat":[141],"product_tag":[162,553,540,223],"class_list":{"0":"post-104491","1":"product","2":"type-product","3":"status-publish","4":"has-post-thumbnail","6":"product_cat-cuidado","7":"product_tag-babosa","8":"product_tag-calendula-pt-pt","9":"product_tag-natural-pt-pt","10":"product_tag-sabonete","12":"first","13":"instock","14":"taxable","15":"shipping-taxable","16":"purchasable","17":"product-type-simple"},"_links":{"self":[{"href":"https:\/\/bienestarybellezamarket.com\/pt-pt\/wp-json\/wp\/v2\/product\/104491","targetHints":{"allow":["GET"]}}],"collection":[{"href":"https:\/\/bienestarybellezamarket.com\/pt-pt\/wp-json\/wp\/v2\/product"}],"about":[{"href":"https:\/\/bienestarybellezamarket.com\/pt-pt\/wp-json\/wp\/v2\/types\/product"}],"wp:featuredmedia":[{"embeddable":true,"href":"https:\/\/bienestarybellezamarket.com\/pt-pt\/wp-json\/wp\/v2\/media\/102644"}],"wp:attachment":[{"href":"https:\/\/bienestarybellezamarket.com\/pt-pt\/wp-json\/wp\/v2\/media?parent=104491"}],"wp:term":[{"taxonomy":"product_cat","embeddable":true,"href":"https:\/\/bienestarybellezamarket.com\/pt-pt\/wp-json\/wp\/v2\/product_cat?post=104491"},{"taxonomy":"product_tag","embeddable":true,"href":"https:\/\/bienestarybellezamarket.com\/pt-pt\/wp-json\/wp\/v2\/product_tag?post=104491"}],"curies":[{"name":"wp","href":"https:\/\/api.w.org\/{rel}","templated":true}]}}