{"id":104495,"date":"2021-03-13T20:45:05","date_gmt":"2021-03-13T19:45:05","guid":{"rendered":"https:\/\/bienestarybellezamarket.com\/producto\/jabon-facial-herbal-mediterraneo-aloe-vera-natural\/"},"modified":"2021-07-16T13:56:58","modified_gmt":"2021-07-16T11:56:58","slug":"sabonete-facial-ervas-aloe-vera-natural","status":"publish","type":"product","link":"https:\/\/bienestarybellezamarket.com\/pt-pt\/produto\/sabonete-facial-ervas-aloe-vera-natural\/","title":{"rendered":"Sabonete Facial de Ervas com Alo\u00e9 Vera Natural"},"content":{"rendered":"<h4>Sabonete Facial Mediterr\u00e2nico de Ervas com Alo\u00e9 Vera Natural<\/h4>\n<p>Este Sabonete Facial Mediterr\u00e2neo com Alo\u00e9 vera \u00e9 recomendado para a limpeza e cuidados di\u00e1rios do rosto.<\/p>\n<p>Independentemente da pele que tiver, o aroma suave das plantas mediterr\u00e2nicas que cont\u00e9m este sabonete, ir\u00e1 faz\u00ea-lo desfrutar de uma limpeza profunda da pele. N\u00e3o s\u00f3 ir\u00e1 proporcionar hidrata\u00e7\u00e3o, mas tamb\u00e9m, a sua grande quantidade de ingredientes activos far\u00e1 com que este sab\u00e3o actue como sab\u00e3o firmador, reparador e protector.<\/p>\n<p>Se procura um creme que n\u00e3o s\u00f3 limpa e acalma a sua pele, mas tamb\u00e9m luta contra os sinais de envelhecimento, este \u00e9 o creme perfeito. Para al\u00e9m de ter propriedades anti-inflamat\u00f3rias e antioxidantes, tamb\u00e9m funciona como anti-envelhecimento.<\/p>\n<p>O seu elevado poder hidratante significa que n\u00e3o necessitar\u00e1 de outros produtos para completar a sua rotina di\u00e1ria de hidrata\u00e7\u00e3o. Em parte, isto deve-se aos 16,3 &#8211; 17,4% de alo\u00e9 vera puro que cont\u00e9m, uma vez que esta percentagem \u00e9 extra\u00edda da pr\u00f3pria planta\u00e7\u00e3o nacional, que s\u00e3o respons\u00e1veis por um cultivo completamente org\u00e2nico, reduzindo a pegada de carbono. \u00c9 por isso que a produ\u00e7\u00e3o deste produto \u00e9 limitada.<\/p>\n<p>Produto vegan. Produto org\u00e2nico. Produto n\u00e3o testado em animais.<\/p>\n<p>Cont\u00e9m 100gr<\/p>\n<p>&nbsp;<\/p>\n<p><b>CERTIFICA\u00c7\u00d5ES<\/b><\/p>\n<p>Ecoagr\u00edcola El Talay\u00f3n, SL \u00e9 uma empresa inscrita no Registro General Sanitario de Empresas Alimentarias y Alimentos (RGSEAA) com n\u00ba: 26.016474\/M<\/p>\n<p>Ecoagr\u00edcola El Talay\u00f3n, SL \u00e9 um operador org\u00e2nico certificado em conformidade com a regulamenta\u00e7\u00e3o da agricultura biol\u00f3gica da UE.<\/p>\n<p>N\u00famero de Registo da Agricultura Biol\u00f3gica como empresa produtora: MU-3379\/P. Organismo de controlo: ES-ECO-024-MU<\/p>\n<p>Certificado por bio.inspecta com o n\u00ba. 70690<\/p>\n","protected":false},"excerpt":{"rendered":"<p>Sabonete Facial Vegan, elaborado de forma artesanal, com o qual viajar\u00e1 para o Mediterr\u00e2neo. Gra\u00e7as ao seu aroma suave e \u00e0s suas propriedades, ter\u00e1 um rosto completamente limpo e hidratado.<\/p>\n","protected":false},"featured_media":102687,"template":"","meta":{"content-type":"","_joinchat":[]},"product_cat":[141],"product_tag":[162,535,537,555,540,223],"class_list":{"0":"post-104495","1":"product","2":"type-product","3":"status-publish","4":"has-post-thumbnail","6":"product_cat-cuidado","7":"product_tag-babosa","8":"product_tag-bio-pt-pt","9":"product_tag-eco-pt-pt","10":"product_tag-herbal-pt-pt","11":"product_tag-natural-pt-pt","12":"product_tag-sabonete","14":"first","15":"instock","16":"taxable","17":"shipping-taxable","18":"purchasable","19":"product-type-simple"},"_links":{"self":[{"href":"https:\/\/bienestarybellezamarket.com\/pt-pt\/wp-json\/wp\/v2\/product\/104495","targetHints":{"allow":["GET"]}}],"collection":[{"href":"https:\/\/bienestarybellezamarket.com\/pt-pt\/wp-json\/wp\/v2\/product"}],"about":[{"href":"https:\/\/bienestarybellezamarket.com\/pt-pt\/wp-json\/wp\/v2\/types\/product"}],"wp:featuredmedia":[{"embeddable":true,"href":"https:\/\/bienestarybellezamarket.com\/pt-pt\/wp-json\/wp\/v2\/media\/102687"}],"wp:attachment":[{"href":"https:\/\/bienestarybellezamarket.com\/pt-pt\/wp-json\/wp\/v2\/media?parent=104495"}],"wp:term":[{"taxonomy":"product_cat","embeddable":true,"href":"https:\/\/bienestarybellezamarket.com\/pt-pt\/wp-json\/wp\/v2\/product_cat?post=104495"},{"taxonomy":"product_tag","embeddable":true,"href":"https:\/\/bienestarybellezamarket.com\/pt-pt\/wp-json\/wp\/v2\/product_tag?post=104495"}],"curies":[{"name":"wp","href":"https:\/\/api.w.org\/{rel}","templated":true}]}}