{"id":104499,"date":"2021-03-19T22:32:20","date_gmt":"2021-03-19T21:32:20","guid":{"rendered":"https:\/\/bienestarybellezamarket.com\/producto\/jabon-aloe-vera-lavanda\/"},"modified":"2021-07-14T11:53:50","modified_gmt":"2021-07-14T09:53:50","slug":"sabao-aloe-vera-lavanda","status":"publish","type":"product","link":"https:\/\/bienestarybellezamarket.com\/pt-pt\/produto\/sabao-aloe-vera-lavanda\/","title":{"rendered":"Sab\u00e3o de Alo\u00e9 Vera e Lavanda"},"content":{"rendered":"<h4>Sab\u00e3o Natural de Alo\u00e9 Vera e Lavanda<\/h4>\n<p>Este sab\u00e3o de alo\u00e9 vera e lavanda \u00e9 ideal para o cuidado e higiene das peles mais secas. \u00c9 recomendado para uso di\u00e1rio. Pode ser utilizado em todo o corpo.<\/p>\n<p>Se a sua pele \u00e9 at\u00f3pica, ou sofre de secura ou irrita\u00e7\u00e3o, este sab\u00e3o \u00e9 o que precisa. Gra\u00e7as ao seu conte\u00fado de alo\u00e9 vera, este sab\u00e3o actua como um regenerador, deixando-lhe uma pele uniforme e com melhor aspecto. Al\u00e9m disso, se procura um sabonete que n\u00e3o s\u00f3 melhora a pele seca, mas tamb\u00e9m esconde o envelhecimento da pele, \u00e9 isto que procura, uma vez que o seu elevado teor em minerais, vitaminas e enzimas, ajudar\u00e1 a lidar com essas rugas prematuras.<\/p>\n<p>Outro dos benef\u00edcios do alo\u00e9 vera neste sabonete \u00e9 que ajuda a combater a pele acneica, controlando a gordura e dando-lhe uma melhor apar\u00eancia evitando o brilho. Al\u00e9m disso, o seu poder curativo ajudar\u00e1 a regenera\u00e7\u00e3o celular, aliviando as queimaduras. Tamb\u00e9m esconde manchas solares e ajuda a filtrar os raios solares.<\/p>\n<p>A produ\u00e7\u00e3o deste sabonete \u00e9 limitada. Isto porque os 16,3-17,4% de alo\u00e9 vera que cont\u00e9m foram extra\u00eddos directamente da planta a partir da pr\u00f3pria planta\u00e7\u00e3o dom\u00e9stica. Que s\u00e3o respons\u00e1veis por ter uma cultura comprometida com o ambiente, reduzindo a pegada de carbono. Al\u00e9m disso, a sua planta\u00e7\u00e3o na Rede Natura 2000, tem o certificado em convers\u00e3o para demetro.<\/p>\n<p>Cont\u00e9m 100gr<\/p>\n<p>&nbsp;<\/p>\n<p><b>CERTIFICA\u00c7\u00d5ES<\/b><\/p>\n<p>Bio.inspecta certificada com o N\u00ba. 70690<\/p>\n<p>Ecoagr\u00edcola El Talay\u00f3n, SL \u00e9 uma empresa org\u00e2nica certificada de acordo com os regulamentos de agricultura biol\u00f3gica da UE.<\/p>\n<p>N\u00famero de registo como produtor biol\u00f3gico: MU-3379\/P. Organismo de certifica\u00e7\u00e3o: ES-ECO-024-MU<\/p>\n","protected":false},"excerpt":{"rendered":"<p>Fabricado de forma 100% org\u00e2nica e feito \u00e0 m\u00e3o. Este sab\u00e3o ir\u00e1 criar uma camada que protege a sua pele, mantendo a sua humidade natural. Cont\u00e9m alo\u00e9 vera e lavanda. Recomendado para pele seca.<\/p>\n","protected":false},"featured_media":102790,"template":"","meta":{"content-type":"","_joinchat":[]},"product_cat":[141],"product_tag":[162,535,537,538,558,540,223],"class_list":{"0":"post-104499","1":"product","2":"type-product","3":"status-publish","4":"has-post-thumbnail","6":"product_cat-cuidado","7":"product_tag-babosa","8":"product_tag-bio-pt-pt","9":"product_tag-eco-pt-pt","10":"product_tag-ecologico-pt-pt","11":"product_tag-lavanda-pt-pt","12":"product_tag-natural-pt-pt","13":"product_tag-sabonete","15":"first","16":"instock","17":"taxable","18":"shipping-taxable","19":"purchasable","20":"product-type-simple"},"_links":{"self":[{"href":"https:\/\/bienestarybellezamarket.com\/pt-pt\/wp-json\/wp\/v2\/product\/104499","targetHints":{"allow":["GET"]}}],"collection":[{"href":"https:\/\/bienestarybellezamarket.com\/pt-pt\/wp-json\/wp\/v2\/product"}],"about":[{"href":"https:\/\/bienestarybellezamarket.com\/pt-pt\/wp-json\/wp\/v2\/types\/product"}],"wp:featuredmedia":[{"embeddable":true,"href":"https:\/\/bienestarybellezamarket.com\/pt-pt\/wp-json\/wp\/v2\/media\/102790"}],"wp:attachment":[{"href":"https:\/\/bienestarybellezamarket.com\/pt-pt\/wp-json\/wp\/v2\/media?parent=104499"}],"wp:term":[{"taxonomy":"product_cat","embeddable":true,"href":"https:\/\/bienestarybellezamarket.com\/pt-pt\/wp-json\/wp\/v2\/product_cat?post=104499"},{"taxonomy":"product_tag","embeddable":true,"href":"https:\/\/bienestarybellezamarket.com\/pt-pt\/wp-json\/wp\/v2\/product_tag?post=104499"}],"curies":[{"name":"wp","href":"https:\/\/api.w.org\/{rel}","templated":true}]}}