{"id":104507,"date":"2021-04-05T20:26:04","date_gmt":"2021-04-05T19:26:04","guid":{"rendered":"https:\/\/bienestarybellezamarket.com\/producto\/masajeador-cuello-calor-vibracion\/"},"modified":"2021-05-27T09:49:33","modified_gmt":"2021-05-27T07:49:33","slug":"massajador-pescoco-calor-vibracao","status":"publish","type":"product","link":"https:\/\/bienestarybellezamarket.com\/pt-pt\/produto\/massajador-pescoco-calor-vibracao\/","title":{"rendered":"Massajador de Pesco\u00e7o com Calor e Vibra\u00e7\u00e3o"},"content":{"rendered":"<h4>Massajador de Pesco\u00e7o com Calor e Vibra\u00e7\u00e3o<\/h4>\n<p>Na Bienestar y Belleza preocupamo-nos com os nossos clientes, \u00e9 por isso que tentamos adaptar-nos e oferecer solu\u00e7\u00f5es f\u00e1ceis para os problemas quotidianos. Este massageador pode ser a solu\u00e7\u00e3o para melhorar o seu bem-estar f\u00edsico e emocional.<\/p>\n<p>&nbsp;<\/p>\n<p>Cont\u00e9m cabe\u00e7as de massagem 4D que o far\u00e3o desfrutar da massagem como se estivesse com um profissional. Isto porque as cabe\u00e7as fazem movimentos bi-direccionais simulando os movimentos que as m\u00e3os podem fazer. Desta forma, poder\u00e1 desfrutar de uma massagem perfeita no pesco\u00e7o, cervical, ombros e costas.<\/p>\n<p>&nbsp;<\/p>\n<p>A melhor coisa que se pode encontrar neste massageador \u00e9 a sua fun\u00e7\u00e3o de calor e vibra\u00e7\u00e3o. O calor que produz atinge profundamente os m\u00fasculos e d\u00e1-lhe uma sensa\u00e7\u00e3o reconfortante e calmante. Desta forma, o que se obt\u00e9m \u00e9 melhorar a circula\u00e7\u00e3o do corpo e, como resultado, sentir-se-\u00e1 muito mais calmo. Al\u00e9m disso, quando se trata de eliminar contraturas, este efeito de calor \u00e9 muito bom. Com a sua fun\u00e7\u00e3o vibrat\u00f3ria o que ir\u00e1 notar \u00e9 uma sensa\u00e7\u00e3o relaxante, tornando os seus m\u00fasculos completamente relaxados, o que ir\u00e1 promover o seu bem-estar.<\/p>\n<p>&nbsp;<\/p>\n<p>Este massageador cont\u00e9m um temporizador autom\u00e1tico, pelo que n\u00e3o ter\u00e1 de se preocupar com o tempo, apenas desfrutar. Al\u00e9m disso, a sua utiliza\u00e7\u00e3o n\u00e3o tem mist\u00e9rio, \u00e9 muito simples, basta colocar o massageador no lugar e da forma que se quer e dar um bot\u00e3o para desfrutar da sensa\u00e7\u00e3o sem quaisquer complica\u00e7\u00f5es.<\/p>\n<p>&nbsp;<\/p>\n","protected":false},"excerpt":{"rendered":"<p>Desfrute de uma massagem perfeita no pesco\u00e7o, pesco\u00e7o, ombros e costas.<\/p>\n<p>Alivie as suas contrata\u00e7\u00f5es e sinta como se tivesse um massagista pessoal na sua pr\u00f3pria casa. O Massajador de Pesco\u00e7o com Calor e Vibra\u00e7\u00e3o com fun\u00e7\u00e3o de calor e vibra\u00e7\u00e3o, far\u00e1 com que desfrute de uma sensa\u00e7\u00e3o de al\u00edvio, libertando a tens\u00e3o muscular e removendo a dor no pesco\u00e7o. N\u00e3o s\u00f3 isso, mas tamb\u00e9m \u00e9 muito f\u00e1cil de usar.<\/p>\n","protected":false},"featured_media":103044,"template":"","meta":{"content-type":"","_joinchat":[]},"product_cat":[141],"product_tag":[165,562,563,564,225,239],"class_list":{"0":"post-104507","1":"product","2":"type-product","3":"status-publish","4":"has-post-thumbnail","6":"product_cat-cuidado","7":"product_tag-bem-estar","8":"product_tag-cervicales-pt-pt","9":"product_tag-dolor-pt-pt","10":"product_tag-lesion-pt-pt","11":"product_tag-massagem","12":"product_tag-tecnologia-pt-pt","14":"first","15":"instock","16":"taxable","17":"shipping-taxable","18":"purchasable","19":"product-type-simple"},"_links":{"self":[{"href":"https:\/\/bienestarybellezamarket.com\/pt-pt\/wp-json\/wp\/v2\/product\/104507","targetHints":{"allow":["GET"]}}],"collection":[{"href":"https:\/\/bienestarybellezamarket.com\/pt-pt\/wp-json\/wp\/v2\/product"}],"about":[{"href":"https:\/\/bienestarybellezamarket.com\/pt-pt\/wp-json\/wp\/v2\/types\/product"}],"wp:featuredmedia":[{"embeddable":true,"href":"https:\/\/bienestarybellezamarket.com\/pt-pt\/wp-json\/wp\/v2\/media\/103044"}],"wp:attachment":[{"href":"https:\/\/bienestarybellezamarket.com\/pt-pt\/wp-json\/wp\/v2\/media?parent=104507"}],"wp:term":[{"taxonomy":"product_cat","embeddable":true,"href":"https:\/\/bienestarybellezamarket.com\/pt-pt\/wp-json\/wp\/v2\/product_cat?post=104507"},{"taxonomy":"product_tag","embeddable":true,"href":"https:\/\/bienestarybellezamarket.com\/pt-pt\/wp-json\/wp\/v2\/product_tag?post=104507"}],"curies":[{"name":"wp","href":"https:\/\/api.w.org\/{rel}","templated":true}]}}