{"id":104511,"date":"2021-04-11T00:01:28","date_gmt":"2021-04-10T23:01:28","guid":{"rendered":"https:\/\/bienestarybellezamarket.com\/producto\/pack-jabones-hidratacion-suavidad\/"},"modified":"2021-05-27T10:02:03","modified_gmt":"2021-05-27T08:02:03","slug":"pacote-sabonetes-hidratacao-suavidade","status":"publish","type":"product","link":"https:\/\/bienestarybellezamarket.com\/pt-pt\/produto\/pacote-sabonetes-hidratacao-suavidade\/","title":{"rendered":"Pacote de Sabonetes Hidrata\u00e7\u00e3o e Suavidade"},"content":{"rendered":"<h4>Pacote de Sabonetes Hidrata\u00e7\u00e3o e Suavidade<\/h4>\n<p>A embalagem de sab\u00e3o Aloe Vera \u00e9 o produto ideal para o cuidado di\u00e1rio da pele. Gra\u00e7as ao seu elevado conte\u00fado de alo\u00e9 vera natural, ajuda a combater a comich\u00e3o e a pele seca causada por outros sabonetes, deixando a sua pele hidratada e mais macia do que nunca. Todos os sabonetes que comp\u00f5em este pacote proporcionam diferentes benef\u00edcios, todos eles formam uma combina\u00e7\u00e3o muito completa, ideal para um cuidado perfeito.<\/p>\n<p>&nbsp;<\/p>\n<p>Os sab\u00f5es que comp\u00f5em este pacote s\u00e3o adequados para todo o corpo e para todos os tipos de pele.<\/p>\n<p><b>Alo\u00e9 vera, rosmaninho e sab\u00e3o de ghassoul.<\/b> Este sab\u00e3o \u00e9 especialmente adequado para pele mista ou oleosa com pele acneica, uma vez que o alecrim tem propriedades adstringentes que regulam o excesso de \u00f3leo na pele. O ghassoul limpa, purifica e regenera a pele enquanto o alo\u00e9 vera a hidrata, \u00e9 a combina\u00e7\u00e3o perfeita.<\/p>\n<p>&nbsp;<\/p>\n<p><b>Alo\u00e9 vera e sab\u00e3o de cal\u00eandula.<\/b> Este sab\u00e3o ajuda a regenerar a pele gra\u00e7as \u00e0s propriedades regeneradoras e suavizantes da cal\u00eandula. Tem tamb\u00e9m um efeito calmante, por isso \u00e9 perfeito para todos os tipos de pele.<\/p>\n<p>&nbsp;<\/p>\n<p><b>Sab\u00e3o esfoliante com alo\u00e9 vera, mel e canela.<\/b> Este sab\u00e3o limpa profundamente a pele gra\u00e7as \u00e0s propriedades esfoliantes da canela, activando a circula\u00e7\u00e3o para uma pele firme e lisa. O mel ajuda a suavizar e nutrir a pele naturalmente.<\/p>\n<p>&nbsp;<\/p>\n<p><b>Alo\u00e9 vera e sab\u00e3o de lavanda. <\/b>Este sabonete feito de alo\u00e9 vera e lavanda proporciona os benef\u00edcios destes dois ingredientes naturais. A lavanda ajuda a regular o excesso de \u00f3leo da pele e mant\u00e9m-na firme, enquanto o alo\u00e9 vera hidrata intensamente a pele.<\/p>\n<p>&nbsp;<\/p>\n<p>4 sabonetes x 100 gr<\/p>\n<p>&nbsp;<\/p>\n<p><b>Certifica\u00e7\u00f5es<\/b><\/p>\n<p>Bio.inspecta certificada com o n\u00ba. 70690<\/p>\n<p>Ecoagr\u00edcola El Talay\u00f3n, SL \u00e9 um operador org\u00e2nico certificado em conformidade com a regulamenta\u00e7\u00e3o da agricultura biol\u00f3gica da UE.<\/p>\n<p>N\u00famero de registo da agricultura biol\u00f3gica como empresa produtora: MU-3379\/P. Organismo de controlo: ES-ECO-024-MU<\/p>\n","protected":false},"excerpt":{"rendered":"<p>O pacote de Sabonetes Aloe Vera \u00e9 o produto ideal para a limpeza di\u00e1ria e cuidados com a pele. Notar\u00e1 a sua pele mais hidratada e mais suave do que nunca ap\u00f3s a primeira utiliza\u00e7\u00e3o.<\/p>\n<p>Cada sabonete proporciona diferentes benef\u00edcios, tornando-o um pacote muito completo, adequado para todo o corpo e para todos os tipos de pele.<\/p>\n<ul>\n<li><b>Alo\u00e9 vera, rosmaninho e sab\u00e3o de ghassoul.<\/b><\/li>\n<li><b>Alo\u00e9 vera e sab\u00e3o de cal\u00eandula.<\/b><\/li>\n<li><b>Alo\u00e9 vera, sab\u00e3o esfoliante de mel e canela.<\/b><\/li>\n<li><b>Alo\u00e9 vera e sab\u00e3o de lavanda.<\/b><\/li>\n<\/ul>\n","protected":false},"featured_media":103098,"template":"","meta":{"content-type":"","_joinchat":[]},"product_cat":[141],"product_tag":[162,159,165,571,572,513,573],"class_list":{"0":"post-104511","1":"product","2":"type-product","3":"status-publish","4":"has-post-thumbnail","6":"product_cat-cuidado","7":"product_tag-babosa","8":"product_tag-beleza","9":"product_tag-bem-estar","10":"product_tag-hidratacion-pt-pt","11":"product_tag-jabones-pt-pt","12":"product_tag-pack-pt-pt","13":"product_tag-suavidad-pt-pt","15":"first","16":"instock","17":"taxable","18":"shipping-taxable","19":"purchasable","20":"product-type-simple"},"_links":{"self":[{"href":"https:\/\/bienestarybellezamarket.com\/pt-pt\/wp-json\/wp\/v2\/product\/104511","targetHints":{"allow":["GET"]}}],"collection":[{"href":"https:\/\/bienestarybellezamarket.com\/pt-pt\/wp-json\/wp\/v2\/product"}],"about":[{"href":"https:\/\/bienestarybellezamarket.com\/pt-pt\/wp-json\/wp\/v2\/types\/product"}],"wp:featuredmedia":[{"embeddable":true,"href":"https:\/\/bienestarybellezamarket.com\/pt-pt\/wp-json\/wp\/v2\/media\/103098"}],"wp:attachment":[{"href":"https:\/\/bienestarybellezamarket.com\/pt-pt\/wp-json\/wp\/v2\/media?parent=104511"}],"wp:term":[{"taxonomy":"product_cat","embeddable":true,"href":"https:\/\/bienestarybellezamarket.com\/pt-pt\/wp-json\/wp\/v2\/product_cat?post=104511"},{"taxonomy":"product_tag","embeddable":true,"href":"https:\/\/bienestarybellezamarket.com\/pt-pt\/wp-json\/wp\/v2\/product_tag?post=104511"}],"curies":[{"name":"wp","href":"https:\/\/api.w.org\/{rel}","templated":true}]}}