{"id":104530,"date":"2021-04-18T01:22:00","date_gmt":"2021-04-18T00:22:00","guid":{"rendered":"https:\/\/bienestarybellezamarket.com\/producto\/robot-easy-healthy\/"},"modified":"2021-05-27T10:18:23","modified_gmt":"2021-05-27T08:18:23","slug":"robot-easy-healthy","status":"publish","type":"product","link":"https:\/\/bienestarybellezamarket.com\/pt-pt\/produto\/robot-easy-healthy\/","title":{"rendered":"Robot Easy Healthy"},"content":{"rendered":"<h4><strong>Rob\u00f4 de cozinha Easy Health<\/strong><\/h4>\n<p><span style=\"font-weight: 400;\">Con Easy Healthy ser\u00e1 f\u00e1cil preparar deliciosas recetas, Easy Healthy tiene todas las prestaciones necesarias para ser un perfecto complemento en nuestra cocina.<\/span><\/p>\n<p><span style=\"font-weight: 400;\">Nos ayudar\u00e1 a preparar nuestras recetas de forma m\u00e1s automatizada, pudiendo organizar mejor nuestro tiempo en el d\u00eda a d\u00eda y despreocuparse de que la cocina se convierta en una tediosa tarea sin perder la calidad ni el sabor de nuestros platos y recetas preferidos.<\/span><\/p>\n<p><span style=\"font-weight: 400;\">Apta para <strong>todo tipo de alimentos y elaboraciones<\/strong>, carnes, pescados, verduras, legumbres, pastas, arroces&#8230;.<\/span><\/p>\n<p><span style=\"font-weight: 400;\">Nos ayudar\u00e1 a cocinar manteniendo una temperatura constante y uniforme gracias al cocinado 3D y su chip inteligente de alta eficiencia. Tambi\u00e9n podremos observar a trav\u00e9s de su pantalla de visi\u00f3n y a su vez poder remover los alimentos, no pierdas la oportunidad de probar la comodidad del Robot De Cocina Easy Healthy.\u00a0<\/span><\/p>\n<p>&nbsp;<\/p>\n<h4><strong>Caracter\u00edsticas principais Rob\u00f4 de Cozinha Easy Healthy :<\/strong><\/h4>\n<h5>Ecr\u00e3 de vis\u00e3o:<\/h5>\n<p>Janela de vis\u00e3o que tamb\u00e9m nos permite agitar os alimentos e verificar em que ponto da cozedura est\u00e1 a nossa prepara\u00e7\u00e3o, permite-nos controlar o estado da prepara\u00e7\u00e3o ao longo do processo de cozedura, o que a diferencia de outros rob\u00f4s no mercado que n\u00e3o t\u00eam esta fun\u00e7\u00e3o.<\/p>\n<h5>Programa\u00e7\u00e3o Directa com Rel\u00f3gio:<\/h5>\n<p>Com o seu sistema de programa\u00e7\u00e3o, j\u00e1 n\u00e3o ter\u00e1 de recalcular quando quiser que a prepara\u00e7\u00e3o comece. Com o seu rel\u00f3gio pode definir directamente a hora do dia em que deseja que a sua comida esteja pronta e o rob\u00f4 tratar\u00e1 de tudo e pode ser programado com at\u00e9 24 horas de anteced\u00eancia.<\/p>\n<h5>Chip de Tecnologia Inteligente:<\/h5>\n<p>Este chip \u00e9 capaz de regular a temperatura para atingir uma temperatura uniforme durante o processo de elabora\u00e7\u00e3o manipulando o poder de adaptar a temperatura inicial do alimento \u00e0 temperatura do programa que seleccion\u00e1mos.<\/p>\n<h5>Cozinhar com a tampa aberta:<\/h5>\n<p>Este modo ir\u00e1 ajudar-nos a preparar alimentos salteados, podendo agitar e observar comodamente e dar o ponto ideal \u00e0s nossas elabora\u00e7\u00f5es.<\/p>\n<h5>Fun\u00e7\u00e3o de voz:<\/h5>\n<p>Esta fun\u00e7\u00e3o pode ser activada ou desactivada confortavelmente como cada utilizador desejar e pode escolher entre espanhol e portugu\u00eas. Muito \u00fatil se n\u00e3o estivermos presentes no momento em que nos avisa quando a refei\u00e7\u00e3o est\u00e1 terminada, por exemplo.<\/p>\n<h5>Aquecimento 3D:<\/h5>\n<p>Com a ajuda do seu chip e do seu exclusivo sistema de aquecimento tridimensional, manteremos uma temperatura constante durante a prepara\u00e7\u00e3o das nossas refei\u00e7\u00f5es e receitas, ajudando-os assim a cozinhar de forma uniforme, independentemente do local onde a comida se encontra na tigela.<\/p>\n<h5>Tanque tipo Daikin Panel Bee:<\/h5>\n<p>Este sistema \u00e9 um dos melhores sistemas anti-aderentes do mercado e impede eficazmente que os alimentos se colem ou colem e facilita a limpeza da panela.<\/p>\n<h5><span style=\"font-weight: 400;\"><strong>Cozinha Livre:<\/strong> <\/span><\/h5>\n<p>Permite modificar a temperatura de 60\u00ba para 180\u00ba nos programas.<\/p>\n<p>Mostrar:<\/p>\n<p>Visor retroiluminado para poder controlar em que estado se encontra o programa seleccionado.<\/p>\n<p>Mem\u00f3ria:<\/p>\n<p>No caso de a luz na nossa casa se apagar ou a energia descer, o rob\u00f4 continuar\u00e1 a sua elabora\u00e7\u00e3o no mesmo ponto que foi deixado no programa.<\/p>\n<p>12 Fun\u00e7\u00f5es, Modos ou Programas de Cozinha: Massa, Arroz, Sobremesa, Fritura, Grelha, Cozido, Sobremesa, Vaporiza\u00e7\u00e3o, Aquecimento, Aquecimento, Simula\u00e7\u00e3o, Sopa, Forno.<\/p>\n<p>Punho: cabo para f\u00e1cil transporte.<\/p>\n<p>Inclui folheto de receitas com mais de 200 receitas<\/p>\n<p>Inclui concha, tabuleiro para assar, copo doseador, tampa transparente, e esp\u00e1tula.<\/p>\n","protected":false},"excerpt":{"rendered":"<p>Preparar pratos deliciosos com Easy Healthy.<\/p>\n<p>Ser\u00e1 f\u00e1cil preparar um n\u00famero infinito de receitas com o livro de receitas inclu\u00eddo e a sua imagina\u00e7\u00e3o para experimentar as suas pr\u00f3prias receitas.<\/p>\n<p>O seu sistema de aquecimento ir\u00e1 ajudar-nos a manter uma temperatura constante e que os alimentos sejam cozinhados uniformemente.<\/p>\n<p>Temos um temporizador, v\u00e1rios modos de cozinhar, fun\u00e7\u00e3o de voz, aquecimento 3D, janela para ver e agitar, e muitas mais caracter\u00edsticas que far\u00e3o do Rob\u00f4 F\u00e1cil e Saud\u00e1vel um utens\u00edlio essencial na sua cozinha.<\/p>\n","protected":false},"featured_media":103230,"template":"","meta":{"content-type":"","_joinchat":{"message_text":"Preg\u00fantanos sobre c\u00f3mo Easy Healthy puede ayudarte a ahorrar tiempo en la cocina y facilitar tus recetas"}},"product_cat":[143],"product_tag":[486,487,586,221,507],"class_list":{"0":"post-104530","1":"product","2":"type-product","3":"status-publish","4":"has-post-thumbnail","6":"product_cat-casa","7":"product_tag-alimentacion-pt-pt","8":"product_tag-cocina-pt-pt","9":"product_tag-healthy-pt-pt","10":"product_tag-lar","11":"product_tag-robot-de-cocina-pt-pt","13":"first","14":"instock","15":"sale","16":"taxable","17":"shipping-taxable","18":"purchasable","19":"product-type-simple"},"_links":{"self":[{"href":"https:\/\/bienestarybellezamarket.com\/pt-pt\/wp-json\/wp\/v2\/product\/104530","targetHints":{"allow":["GET"]}}],"collection":[{"href":"https:\/\/bienestarybellezamarket.com\/pt-pt\/wp-json\/wp\/v2\/product"}],"about":[{"href":"https:\/\/bienestarybellezamarket.com\/pt-pt\/wp-json\/wp\/v2\/types\/product"}],"wp:featuredmedia":[{"embeddable":true,"href":"https:\/\/bienestarybellezamarket.com\/pt-pt\/wp-json\/wp\/v2\/media\/103230"}],"wp:attachment":[{"href":"https:\/\/bienestarybellezamarket.com\/pt-pt\/wp-json\/wp\/v2\/media?parent=104530"}],"wp:term":[{"taxonomy":"product_cat","embeddable":true,"href":"https:\/\/bienestarybellezamarket.com\/pt-pt\/wp-json\/wp\/v2\/product_cat?post=104530"},{"taxonomy":"product_tag","embeddable":true,"href":"https:\/\/bienestarybellezamarket.com\/pt-pt\/wp-json\/wp\/v2\/product_tag?post=104530"}],"curies":[{"name":"wp","href":"https:\/\/api.w.org\/{rel}","templated":true}]}}