{"id":104537,"date":"2021-05-09T20:22:04","date_gmt":"2021-05-09T18:22:04","guid":{"rendered":"https:\/\/bienestarybellezamarket.com\/producto\/tratamiento-corporal-ultrasonido\/"},"modified":"2021-05-27T10:35:07","modified_gmt":"2021-05-27T08:35:07","slug":"tratamento-corporal-ultra-sons","status":"publish","type":"product","link":"https:\/\/bienestarybellezamarket.com\/pt-pt\/produto\/tratamento-corporal-ultra-sons\/","title":{"rendered":"Tratamento corporal por ultra-sons"},"content":{"rendered":"<h4>Tratamento corporal por ultra-sons<\/h4>\n<p>Desfrute dos benef\u00edcios de um Tratamento Corporal por Ultra-sons profissional a partir do conforto da sua casa. D\u00ea uma pausa a si pr\u00f3prio, relaxe e melhore o seu bem-estar com este massajador de ultra-sons. Este massajador corporal tem um design elegante e ergon\u00f3mico, o que o torna especialmente confort\u00e1vel de utilizar. Este dispositivo oferece 5 fun\u00e7\u00f5es em 1.<\/p>\n<p>&nbsp;<\/p>\n<h5>Fun\u00e7\u00f5es<\/h5>\n<p><b>Ultra-som:<\/b> A sua poderosa velocidade de 3 milh\u00f5es de vezes por minuto torna-o o dispositivo ideal para aquelas \u00e1reas que precisamos de massajar cuidadosamente. O ultra-som \u00e9 utilizado para realizar uma massagem de cavita\u00e7\u00e3o que ajuda a combater a celulite e a gordura localizada, reduz as estrias, as cicatrizes, o aparecimento de acne moderada e reduz as veias varicosas. Tamb\u00e9m estimula a circula\u00e7\u00e3o sangu\u00ednea, melhorando a drenagem linf\u00e1tica que ajuda a eliminar fluidos.<\/p>\n<p>&nbsp;<\/p>\n<p><b>I\u00f5es + (c\u00e1tions) \/ I\u00f5es &#8211; (ani\u00f5es): <\/b>Limpar e remover as impurezas da pele, promovendo a absor\u00e7\u00e3o de nutrientes e ingredientes activos. Tamb\u00e9m oxigena, repara e hidrata a pele, para al\u00e9m de estimular a circula\u00e7\u00e3o sangu\u00ednea, melhorar o t\u00f3nus muscular e prevenir o envelhecimento prematuro da pele.<\/p>\n<p>&nbsp;<\/p>\n<p><b>Fun\u00e7\u00e3o Photon:<\/b> Atrav\u00e9s da emiss\u00e3o de LEDs em diferentes tipos de ondas.<\/p>\n<p>&nbsp;<\/p>\n<p>&#8211; Luz vermelha LED (620-630 nm), aumenta a produ\u00e7\u00e3o de colag\u00e9nio que \u00e9 uma prote\u00edna essencial no processo de repara\u00e7\u00e3o da pele. Esta luz \u00e9 a mais adequada para prevenir o envelhecimento da pele, pois restaura a matriz d\u00e9rmica aumentando a activa\u00e7\u00e3o dos fibroblastos.<\/p>\n<p>&nbsp;<\/p>\n<p>&#8211; A luz LED amarela (580-590 nm), \u00e9 respons\u00e1vel por melhorar a qualidade da pele, melhorando a textura, deixando-a suave e livre de imperfei\u00e7\u00f5es.<\/p>\n<p>&nbsp;<\/p>\n<p>&#8211; O LED azul (460-470 nm), esta luz \u00e9 indicada para tratar a acne moderada. Este tipo de luz tem a capacidade de penetrar na pele e destruir as bact\u00e9rias que causam a acne, gra\u00e7as \u00e0 sua capacidade de produzir radicais de oxig\u00e9nio.<\/p>\n<p>&nbsp;<\/p>\n<p>O dispositivo tamb\u00e9m inclui 1 gel condutor de 250 ml de PH neutro para efectuar correctamente a massagem. Para al\u00e9m de melhorar a experi\u00eancia ao lubrificar o dispositivo, funciona como um escudo anti-sensibiliza\u00e7\u00e3o e tamb\u00e9m ajuda o dispositivo a manter-se em melhores condi\u00e7\u00f5es.<\/p>\n","protected":false},"excerpt":{"rendered":"<p>Este dispositivo de massagem corporal por ultra-sons tornar-se-\u00e1 um elemento essencial na sua rotina di\u00e1ria. Os seus efeitos s\u00e3o incr\u00edveis, ajuda a reduzir a gordura nas \u00e1reas mais dif\u00edceis, remove e limpa as impurezas da pele e reduz o aparecimento de rugas, ao mesmo tempo que o relaxa com uma massagem agrad\u00e1vel.<\/p>\n","protected":false},"featured_media":104078,"template":"","meta":{"content-type":"","_joinchat":[]},"product_cat":[141],"product_tag":[159,165,596,597,225,598,599],"class_list":{"0":"post-104537","1":"product","2":"type-product","3":"status-publish","4":"has-post-thumbnail","6":"product_cat-cuidado","7":"product_tag-beleza","8":"product_tag-bem-estar","9":"product_tag-cavitacion-pt-pt","10":"product_tag-led-pt-pt","11":"product_tag-massagem","12":"product_tag-tratamiento-corporal-pt-pt","13":"product_tag-ultrasonido-pt-pt","15":"first","16":"instock","17":"sale","18":"taxable","19":"shipping-taxable","20":"purchasable","21":"product-type-simple"},"_links":{"self":[{"href":"https:\/\/bienestarybellezamarket.com\/pt-pt\/wp-json\/wp\/v2\/product\/104537","targetHints":{"allow":["GET"]}}],"collection":[{"href":"https:\/\/bienestarybellezamarket.com\/pt-pt\/wp-json\/wp\/v2\/product"}],"about":[{"href":"https:\/\/bienestarybellezamarket.com\/pt-pt\/wp-json\/wp\/v2\/types\/product"}],"wp:featuredmedia":[{"embeddable":true,"href":"https:\/\/bienestarybellezamarket.com\/pt-pt\/wp-json\/wp\/v2\/media\/104078"}],"wp:attachment":[{"href":"https:\/\/bienestarybellezamarket.com\/pt-pt\/wp-json\/wp\/v2\/media?parent=104537"}],"wp:term":[{"taxonomy":"product_cat","embeddable":true,"href":"https:\/\/bienestarybellezamarket.com\/pt-pt\/wp-json\/wp\/v2\/product_cat?post=104537"},{"taxonomy":"product_tag","embeddable":true,"href":"https:\/\/bienestarybellezamarket.com\/pt-pt\/wp-json\/wp\/v2\/product_tag?post=104537"}],"curies":[{"name":"wp","href":"https:\/\/api.w.org\/{rel}","templated":true}]}}