{"id":104541,"date":"2021-05-09T20:58:50","date_gmt":"2021-05-09T18:58:50","guid":{"rendered":"https:\/\/bienestarybellezamarket.com\/producto\/leche-corporal-hidratante\/"},"modified":"2021-05-27T10:39:51","modified_gmt":"2021-05-27T08:39:51","slug":"leite-corporal-hidratante","status":"publish","type":"product","link":"https:\/\/bienestarybellezamarket.com\/pt-pt\/produto\/leite-corporal-hidratante\/","title":{"rendered":"Leite Corporal Hidratante"},"content":{"rendered":"<h4>Leite Corporal Hidratante<\/h4>\n<p>A pele sofre de secura e\/ou irrita\u00e7\u00e3o numa base di\u00e1ria. \u00c9 por isso que tem de ter o cuidado de lhe dar o cuidado que merece.<\/p>\n<p>&nbsp;<\/p>\n<p>Este Leite Corporal \u00e9 uma bomba de hidrata\u00e7\u00e3o para a sua pele gra\u00e7as ao facto de conter 81% de alo\u00e9 vera org\u00e2nica pura e am\u00eandoa org\u00e2nica, argan e azeites de azeitona. Esta combina\u00e7\u00e3o de ingredientes naturais \u00e9 capaz de hidratar as peles mais castigadas instantaneamente, dando uma suavidade e elasticidade imediatas \u00e0 nossa pele.<\/p>\n<p>&nbsp;<\/p>\n<p>A sua f\u00f3rmula leve faz com que o creme absorva rapidamente, deixando uma pele macia e nutrida sem deixar uma sensa\u00e7\u00e3o oleosa ou pegajosa. Al\u00e9m disso, notar\u00e1 desde o primeiro uso como a sua pele ficar\u00e1 mais suave e mais luminosa.<\/p>\n<p>&nbsp;<\/p>\n<p>Este produto cont\u00e9m um recipiente sem ar que impede a oxida\u00e7\u00e3o do produto, ajudando a preservar todas as suas propriedades.<\/p>\n<p>&nbsp;<\/p>\n<p>Cont\u00e9m 200 ml.<\/p>\n","protected":false},"excerpt":{"rendered":"<p>Leite corporal com efeito hidratante, composto por 81% de alo\u00e9 vera org\u00e2nico e adequado para todos os tipos de pele.<\/p>\n<p>Este leite corporal de Aloe Vera ir\u00e1 proporcionar hidrata\u00e7\u00e3o intensa instantaneamente, e o melhor de tudo \u00e9 que a sua pele n\u00e3o ficar\u00e1 pegajosa. Os seus resultados podem ser vistos desde a primeira utiliza\u00e7\u00e3o.<\/p>\n","protected":false},"featured_media":105847,"template":"","meta":{"content-type":"","_joinchat":[]},"product_cat":[141],"product_tag":[159,165,215,571,604,605,606],"class_list":{"0":"post-104541","1":"product","2":"type-product","3":"status-publish","4":"has-post-thumbnail","6":"product_cat-cuidado","7":"product_tag-beleza","8":"product_tag-bem-estar","9":"product_tag-cuide-se","10":"product_tag-hidratacion-pt-pt","11":"product_tag-leche-corporal-pt-pt","12":"product_tag-luminosidad-pt-pt","13":"product_tag-piel-seca-pt-pt","15":"first","16":"instock","17":"taxable","18":"shipping-taxable","19":"purchasable","20":"product-type-simple"},"_links":{"self":[{"href":"https:\/\/bienestarybellezamarket.com\/pt-pt\/wp-json\/wp\/v2\/product\/104541","targetHints":{"allow":["GET"]}}],"collection":[{"href":"https:\/\/bienestarybellezamarket.com\/pt-pt\/wp-json\/wp\/v2\/product"}],"about":[{"href":"https:\/\/bienestarybellezamarket.com\/pt-pt\/wp-json\/wp\/v2\/types\/product"}],"wp:featuredmedia":[{"embeddable":true,"href":"https:\/\/bienestarybellezamarket.com\/pt-pt\/wp-json\/wp\/v2\/media\/105847"}],"wp:attachment":[{"href":"https:\/\/bienestarybellezamarket.com\/pt-pt\/wp-json\/wp\/v2\/media?parent=104541"}],"wp:term":[{"taxonomy":"product_cat","embeddable":true,"href":"https:\/\/bienestarybellezamarket.com\/pt-pt\/wp-json\/wp\/v2\/product_cat?post=104541"},{"taxonomy":"product_tag","embeddable":true,"href":"https:\/\/bienestarybellezamarket.com\/pt-pt\/wp-json\/wp\/v2\/product_tag?post=104541"}],"curies":[{"name":"wp","href":"https:\/\/api.w.org\/{rel}","templated":true}]}}