{"id":104546,"date":"2021-05-09T19:13:45","date_gmt":"2021-05-09T17:13:45","guid":{"rendered":"https:\/\/bienestarybellezamarket.com\/producto\/bano-parafina\/"},"modified":"2021-05-27T10:30:34","modified_gmt":"2021-05-27T08:30:34","slug":"banho-parafina","status":"publish","type":"product","link":"https:\/\/bienestarybellezamarket.com\/pt-pt\/produto\/banho-parafina\/","title":{"rendered":"Banho de Parafina"},"content":{"rendered":"<h4>Banho de Parafina<\/h4>\n<p>O Banho de Parafina \u00e9 um tratamento que \u00e9 utilizado para aliviar a dor em \u00e1reas espec\u00edficas, tais como m\u00e3os ou p\u00e9s, o seu efeito de calor ajuda a melhorar a circula\u00e7\u00e3o na \u00e1rea que queremos tratar, aliviando qualquer desconforto que tenhamos na \u00e1rea.<\/p>\n<p>&nbsp;<\/p>\n<p>\u00c9 tamb\u00e9m utilizada para hidratar profundamente a pele, como a parafina, sendo uma cera, quando solidifica na \u00e1rea, torna-a completamente imperme\u00e1vel, mantendo a humidade e fazendo-a regressar \u00e0 pele. Esta t\u00e9cnica torna a parafina capaz de hidratar profundamente cada camada da pele, mesmo nas \u00e1reas mais dif\u00edceis de hidratar, tais como cotovelos ou p\u00e9s.<\/p>\n<p>&nbsp;<\/p>\n<p>Outro dos grandes benef\u00edcios do Banho de Parafina n\u00e3o \u00e9 apenas o seu grande poder hidratante, mas \u00e9 tamb\u00e9m capaz de relaxar os m\u00fasculos e aliviar as contraturas, pelo que este tipo de banho tamb\u00e9m pode ser utilizado para fins terap\u00eauticos como, por exemplo, para tratar a osteoartrose das m\u00e3os.<\/p>\n<p>&nbsp;<\/p>\n<p>Os minerais e ess\u00eancias que a parafina incorpora far\u00e3o dela uma experi\u00eancia relaxante que desejar\u00e1 repetir. Gra\u00e7as ao banho de parafina pode cuidar da sua pele da forma mais natural e eficaz a partir da sua pr\u00f3pria casa, quando e onde quiser.<\/p>\n","protected":false},"excerpt":{"rendered":"<p>Aliviar a dor, hidratar e nutrir a pele em profundidade com o Banho de Parafina. Relaxe e desfrute de uma pele mais el\u00e1stica e macia com este tratamento natural. Ser\u00e1 capaz de p\u00f4r fim \u00e0 secura das \u00e1reas mais dif\u00edceis de hidratar, tais como p\u00e9s ou cotovelos.<\/p>\n","protected":false},"featured_media":104072,"template":"","meta":{"content-type":"","_joinchat":[]},"product_cat":[141],"product_tag":[159,165,215],"class_list":{"0":"post-104546","1":"product","2":"type-product","3":"status-publish","4":"has-post-thumbnail","6":"product_cat-cuidado","7":"product_tag-beleza","8":"product_tag-bem-estar","9":"product_tag-cuide-se","11":"first","12":"instock","13":"sale","14":"taxable","15":"shipping-taxable","16":"purchasable","17":"product-type-simple"},"_links":{"self":[{"href":"https:\/\/bienestarybellezamarket.com\/pt-pt\/wp-json\/wp\/v2\/product\/104546","targetHints":{"allow":["GET"]}}],"collection":[{"href":"https:\/\/bienestarybellezamarket.com\/pt-pt\/wp-json\/wp\/v2\/product"}],"about":[{"href":"https:\/\/bienestarybellezamarket.com\/pt-pt\/wp-json\/wp\/v2\/types\/product"}],"wp:featuredmedia":[{"embeddable":true,"href":"https:\/\/bienestarybellezamarket.com\/pt-pt\/wp-json\/wp\/v2\/media\/104072"}],"wp:attachment":[{"href":"https:\/\/bienestarybellezamarket.com\/pt-pt\/wp-json\/wp\/v2\/media?parent=104546"}],"wp:term":[{"taxonomy":"product_cat","embeddable":true,"href":"https:\/\/bienestarybellezamarket.com\/pt-pt\/wp-json\/wp\/v2\/product_cat?post=104546"},{"taxonomy":"product_tag","embeddable":true,"href":"https:\/\/bienestarybellezamarket.com\/pt-pt\/wp-json\/wp\/v2\/product_tag?post=104546"}],"curies":[{"name":"wp","href":"https:\/\/api.w.org\/{rel}","templated":true}]}}