{"id":104550,"date":"2021-04-18T01:45:53","date_gmt":"2021-04-18T00:45:53","guid":{"rendered":"https:\/\/bienestarybellezamarket.com\/producto\/tratamiento-facial-galvanico\/"},"modified":"2021-05-27T10:24:53","modified_gmt":"2021-05-27T08:24:53","slug":"tratamento-facial-galvanico","status":"publish","type":"product","link":"https:\/\/bienestarybellezamarket.com\/pt-pt\/produto\/tratamento-facial-galvanico\/","title":{"rendered":"Tratamento Facial Galv\u00e2nico"},"content":{"rendered":"<h4>Tratamento Facial Galv\u00e2nico<\/h4>\n<p>O Massajador Facial Galv\u00e2nico foi concebido para que possa desfrutar de um tratamento de beleza profissional na sua pr\u00f3pria casa, como o faria em qualquer centro de beleza e est\u00e9tica.<\/p>\n<p>A incorpora\u00e7\u00e3o deste dispositivo na sua rotina di\u00e1ria garante resultados incr\u00edveis. O componente galv\u00e2nico energiza e regenera a pele, enquanto que as 3 cabe\u00e7as garantem uma melhoria na apar\u00eancia da pele desde a primeira utiliza\u00e7\u00e3o.<\/p>\n<h5><\/h5>\n<h5>FASES<\/h5>\n<p>A ac\u00e7\u00e3o de massagem consiste em 4 fases diferentes de 4 minutos cada, por meio de 3 cabe\u00e7as diferentes. Esta massagem \u00e9 realizada com muita suavidade, produzindo um efeito relaxante que melhora o nosso bem-estar. As fases da ac\u00e7\u00e3o de massagem s\u00e3o as seguintes:<\/p>\n<p><b>Cabe\u00e7a de i\u00f5es &#8211; <\/b>: Limpeza profunda. Nesta primeira fase, \u00e9 importante limpar a pele em profundidade para melhorar a absor\u00e7\u00e3o e aumentar os efeitos dos cremes e soros faciais.<\/p>\n<p><b>\u00cdon cabe\u00e7a +<\/b> : Hidrata\u00e7\u00e3o profunda. Melhora a absor\u00e7\u00e3o da \u00e1rea tratada gra\u00e7as \u00e0 etapa anterior de limpeza dos i\u00f5es negativos.<\/p>\n<p><b>Cabe\u00e7a anti-rugas<\/b>: alisa e aperta a pele na zona massajada.<\/p>\n<p><b>Cabe\u00e7a de baixa frequ\u00eancia<\/b>: Recupera totalmente a energia da \u00e1rea aplicada.<\/p>\n<p>&nbsp;<\/p>\n<h5>MOEDAS<\/h5>\n<p>O massajador facial galv\u00e2nico tem 3 programas diferentes que fazem uso de 3 tipos de correntes sem dor:<\/p>\n<p><b>Correntes galv\u00e2nicas:<\/b> esta \u00e9 uma corrente cont\u00ednua que intensifica a capacidade de absor\u00e7\u00e3o da pele.<\/p>\n<p><b>EMS:<\/b> \u00c9 uma electroestimula\u00e7\u00e3o totalmente imperfeita que \u00e9 respons\u00e1vel por tonificar os m\u00fasculos faciais, deixando um rosto firme.<\/p>\n<p><b>Micro Correntes:<\/b> Esta \u00e9 uma corrente alternada vari\u00e1vel que borra o aparecimento de rugas.<\/p>\n<p>Os resultados do tratamento facial com massajador galv\u00e2nico s\u00e3o vis\u00edveis a curto-m\u00e9dio prazo com utiliza\u00e7\u00e3o cont\u00ednua. O dispositivo foi concebido e fabricado com materiais de excelente qualidade e amigos do ambiente.<\/p>\n","protected":false},"excerpt":{"rendered":"<p>Desfrute deste <b>massageador<\/b> utilizado por profissionais de beleza adaptados para uso dom\u00e9stico. Foi especialmente concebido para o rosto por ser n\u00e3o invasivo. Tem 3 cabe\u00e7as diferentes que garantem <b>mudan\u00e7as percept\u00edveis<\/b> ap\u00f3s a primeira utiliza\u00e7\u00e3o, notar\u00e1 a sua pele mais suave e hidratada e ver\u00e1 como as linhas de express\u00e3o desaparecem. Este tratamento facial \u00e9 <b>seguro e indolor<\/b>.<\/p>\n","protected":false},"featured_media":103233,"template":"","meta":{"content-type":"","_joinchat":[]},"product_cat":[141],"product_tag":[165,215,239],"class_list":{"0":"post-104550","1":"product","2":"type-product","3":"status-publish","4":"has-post-thumbnail","6":"product_cat-cuidado","7":"product_tag-bem-estar","8":"product_tag-cuide-se","9":"product_tag-tecnologia-pt-pt","11":"first","12":"instock","13":"sale","14":"taxable","15":"shipping-taxable","16":"purchasable","17":"product-type-simple"},"_links":{"self":[{"href":"https:\/\/bienestarybellezamarket.com\/pt-pt\/wp-json\/wp\/v2\/product\/104550","targetHints":{"allow":["GET"]}}],"collection":[{"href":"https:\/\/bienestarybellezamarket.com\/pt-pt\/wp-json\/wp\/v2\/product"}],"about":[{"href":"https:\/\/bienestarybellezamarket.com\/pt-pt\/wp-json\/wp\/v2\/types\/product"}],"wp:featuredmedia":[{"embeddable":true,"href":"https:\/\/bienestarybellezamarket.com\/pt-pt\/wp-json\/wp\/v2\/media\/103233"}],"wp:attachment":[{"href":"https:\/\/bienestarybellezamarket.com\/pt-pt\/wp-json\/wp\/v2\/media?parent=104550"}],"wp:term":[{"taxonomy":"product_cat","embeddable":true,"href":"https:\/\/bienestarybellezamarket.com\/pt-pt\/wp-json\/wp\/v2\/product_cat?post=104550"},{"taxonomy":"product_tag","embeddable":true,"href":"https:\/\/bienestarybellezamarket.com\/pt-pt\/wp-json\/wp\/v2\/product_tag?post=104550"}],"curies":[{"name":"wp","href":"https:\/\/api.w.org\/{rel}","templated":true}]}}